{"id":24734,"date":"2023-05-20T05:50:53","date_gmt":"2023-05-20T05:50:53","guid":{"rendered":"https:\/\/chilimag.hu\/webshop\/?post_type=product&#038;p=24734"},"modified":"2026-03-31T13:37:24","modified_gmt":"2026-03-31T13:37:24","slug":"paradicsom-troy-f1-sakata","status":"publish","type":"product","link":"https:\/\/chilimag.hu\/webshop\/termek\/paradicsom-troy-f1-sakata\/","title":{"rendered":"Paradicsom Troy F1 Sakata"},"content":{"rendered":"","protected":false},"excerpt":{"rendered":"<p><img decoding=\"async\" class=\"general_border\" src=\"https:\/\/seminteplante.ro\/img\/m\/37-brand_default.jpg\" alt=\"Sakata\" width=\"154\" height=\"70\" \/><\/p>\n<p>A Troy F1 paradicsomhibrid kiv\u00e1l\u00f3 min\u0151s\u00e9g\u0171, 250-300 gr s\u00faly\u00fa gy\u00fcm\u00f6lcs\u00f6ket hoz, amelyek j\u00f3l fogynak. Sz\u00fcret ut\u00e1n is j\u00f3l el\u00e1ll.<\/p>\n<p>A Troy F1 magas h\u0151m\u00e9rs\u00e9kleten t\u00f6rt\u00e9n\u0151 betakar\u00edt\u00e1sra alkalmas.<\/p>\n<p>A n\u00f6v\u00e9ny er\u0151teljes, k\u00f6zepesen korai.<\/p>\n<p>A hibrid betegs\u00e9gekkel szemben ellen\u00e1ll\u00f3.<\/p>\n<p>A csomag 20 szem magot tartalmaz<\/p>\n","protected":false},"featured_media":25252,"comment_status":"closed","ping_status":"closed","template":"","meta":[],"product_brand":[],"product_cat":[392],"product_tag":[],"class_list":{"0":"post-24734","1":"product","2":"type-product","3":"status-publish","4":"has-post-thumbnail","6":"product_cat-japan-sakata-vetomagok","8":"first","9":"instock","10":"taxable","11":"shipping-taxable","12":"purchasable","13":"product-type-simple"},"_links":{"self":[{"href":"https:\/\/chilimag.hu\/webshop\/wp-json\/wp\/v2\/product\/24734","targetHints":{"allow":["GET"]}}],"collection":[{"href":"https:\/\/chilimag.hu\/webshop\/wp-json\/wp\/v2\/product"}],"about":[{"href":"https:\/\/chilimag.hu\/webshop\/wp-json\/wp\/v2\/types\/product"}],"replies":[{"embeddable":true,"href":"https:\/\/chilimag.hu\/webshop\/wp-json\/wp\/v2\/comments?post=24734"}],"wp:featuredmedia":[{"embeddable":true,"href":"https:\/\/chilimag.hu\/webshop\/wp-json\/wp\/v2\/media\/25252"}],"wp:attachment":[{"href":"https:\/\/chilimag.hu\/webshop\/wp-json\/wp\/v2\/media?parent=24734"}],"wp:term":[{"taxonomy":"product_brand","embeddable":true,"href":"https:\/\/chilimag.hu\/webshop\/wp-json\/wp\/v2\/product_brand?post=24734"},{"taxonomy":"product_cat","embeddable":true,"href":"https:\/\/chilimag.hu\/webshop\/wp-json\/wp\/v2\/product_cat?post=24734"},{"taxonomy":"product_tag","embeddable":true,"href":"https:\/\/chilimag.hu\/webshop\/wp-json\/wp\/v2\/product_tag?post=24734"}],"curies":[{"name":"wp","href":"https:\/\/api.w.org\/{rel}","templated":true}]}}