{"id":24710,"date":"2023-05-18T18:31:57","date_gmt":"2023-05-18T18:31:57","guid":{"rendered":"https:\/\/chilimag.hu\/webshop\/?post_type=product&#038;p=24710"},"modified":"2025-12-05T19:24:08","modified_gmt":"2025-12-05T19:24:08","slug":"paradicsom-tigerela-florian-bg","status":"publish","type":"product","link":"https:\/\/chilimag.hu\/webshop\/termek\/paradicsom-tigerela-florian-bg\/","title":{"rendered":"Paradicsom Tigerela Florian Bg"},"content":{"rendered":"","protected":false},"excerpt":{"rendered":"<p><img decoding=\"async\" class=\"img-inline\" src=\"https:\/\/brcci.eu\/cache\/thumbnails\/12ecd0e6e419f1b9b1484ef02ad361979dd8e054\/1a6c5e1406ad462ca86d17b2800862d7f837862c-829875ad0a268b741b7edd818ffce098.png\" alt=\"FLORIAN OOD\" \/><\/p>\n<p>A Tigerella egy korai fajta, m\u00e9lyv\u00f6r\u00f6s gy\u00fcm\u00f6lcs\u00f6kkel, narancss\u00e1rga cs\u00edkokkal.<\/p>\n<p>Gy\u00fcm\u00f6lcs tulajdons\u00e1gai: kerekek, nagyon \u00edzletesek, betegs\u00e9gekkel szemben ellen\u00e1ll\u00f3ak.<br \/>\nA term\u00e9s a h\u0171v\u00f6s nyarakon is gazdag, \u00e9s nagyon kor\u00e1n kezdenek gy\u00fcm\u00f6lcs\u00f6t teremni.<\/p>\n<p>Alkalmas szabadf\u00f6ldi \u00e9s \u00fcvegh\u00e1zi termeszt\u00e9sre.<\/p>\n<p>A csomag 0,3 gramm magot tartalmaz<\/p>\n","protected":false},"featured_media":24711,"comment_status":"closed","ping_status":"closed","template":"","meta":[],"product_brand":[],"product_cat":[381],"product_tag":[],"class_list":{"0":"post-24710","1":"product","2":"type-product","3":"status-publish","4":"has-post-thumbnail","6":"product_cat-paradicsom-vetomagok-bolgar-florian-vetomagok","8":"first","9":"outofstock","10":"taxable","11":"shipping-taxable","12":"purchasable","13":"product-type-simple"},"_links":{"self":[{"href":"https:\/\/chilimag.hu\/webshop\/wp-json\/wp\/v2\/product\/24710","targetHints":{"allow":["GET"]}}],"collection":[{"href":"https:\/\/chilimag.hu\/webshop\/wp-json\/wp\/v2\/product"}],"about":[{"href":"https:\/\/chilimag.hu\/webshop\/wp-json\/wp\/v2\/types\/product"}],"replies":[{"embeddable":true,"href":"https:\/\/chilimag.hu\/webshop\/wp-json\/wp\/v2\/comments?post=24710"}],"wp:featuredmedia":[{"embeddable":true,"href":"https:\/\/chilimag.hu\/webshop\/wp-json\/wp\/v2\/media\/24711"}],"wp:attachment":[{"href":"https:\/\/chilimag.hu\/webshop\/wp-json\/wp\/v2\/media?parent=24710"}],"wp:term":[{"taxonomy":"product_brand","embeddable":true,"href":"https:\/\/chilimag.hu\/webshop\/wp-json\/wp\/v2\/product_brand?post=24710"},{"taxonomy":"product_cat","embeddable":true,"href":"https:\/\/chilimag.hu\/webshop\/wp-json\/wp\/v2\/product_cat?post=24710"},{"taxonomy":"product_tag","embeddable":true,"href":"https:\/\/chilimag.hu\/webshop\/wp-json\/wp\/v2\/product_tag?post=24710"}],"curies":[{"name":"wp","href":"https:\/\/api.w.org\/{rel}","templated":true}]}}