{"id":24705,"date":"2023-05-18T17:42:13","date_gmt":"2023-05-18T17:42:13","guid":{"rendered":"https:\/\/chilimag.hu\/webshop\/?post_type=product&#038;p=24705"},"modified":"2026-02-05T18:43:37","modified_gmt":"2026-02-05T18:43:37","slug":"paradicsom-hugo-florian-bg","status":"publish","type":"product","link":"https:\/\/chilimag.hu\/webshop\/termek\/paradicsom-hugo-florian-bg\/","title":{"rendered":"Paradicsom Hugo  Florian Bg"},"content":{"rendered":"","protected":false},"excerpt":{"rendered":"<p><img decoding=\"async\" class=\"img-inline\" src=\"https:\/\/brcci.eu\/cache\/thumbnails\/12ecd0e6e419f1b9b1484ef02ad361979dd8e054\/1a6c5e1406ad462ca86d17b2800862d7f837862c-829875ad0a268b741b7edd818ffce098.png\" alt=\"FLORIAN OOD\" \/><\/p>\n<p>K\u00f6zepesen korai hat\u00e1rozatlan fajta, nagyra \u00e9rt\u00e9kelt, szol\u00e1riumban, polietil\u00e9n alag\u00fatban vagy szabadf\u00f6ld\u00f6n termeszthet\u0151.<\/p>\n<p>Gy\u00fcm\u00f6lcsei nagyon kem\u00e9nyek, h\u00fasosak, megny\u00faltak, alakjuk a paprik\u00e1hoz hasonl\u00f3, s\u00falya meghaladja a 200 g-ot \u00e9s nagyon h\u00fasos.<\/p>\n<p>A szeletek nagyon j\u00f3k grillez\u00e9shez \u00e9s szendvicsekhez. Friss fogyaszt\u00e1sra \u00e9s tart\u00f3s\u00edt\u00e1sra is alkalmas.<\/p>\n<p>A csomag 0,15 grammot tartalmaz<\/p>\n","protected":false},"featured_media":24706,"comment_status":"closed","ping_status":"closed","template":"","meta":[],"product_brand":[],"product_cat":[381],"product_tag":[],"class_list":{"0":"post-24705","1":"product","2":"type-product","3":"status-publish","4":"has-post-thumbnail","6":"product_cat-paradicsom-vetomagok-bolgar-florian-vetomagok","8":"first","9":"outofstock","10":"taxable","11":"shipping-taxable","12":"purchasable","13":"product-type-simple"},"_links":{"self":[{"href":"https:\/\/chilimag.hu\/webshop\/wp-json\/wp\/v2\/product\/24705","targetHints":{"allow":["GET"]}}],"collection":[{"href":"https:\/\/chilimag.hu\/webshop\/wp-json\/wp\/v2\/product"}],"about":[{"href":"https:\/\/chilimag.hu\/webshop\/wp-json\/wp\/v2\/types\/product"}],"replies":[{"embeddable":true,"href":"https:\/\/chilimag.hu\/webshop\/wp-json\/wp\/v2\/comments?post=24705"}],"wp:featuredmedia":[{"embeddable":true,"href":"https:\/\/chilimag.hu\/webshop\/wp-json\/wp\/v2\/media\/24706"}],"wp:attachment":[{"href":"https:\/\/chilimag.hu\/webshop\/wp-json\/wp\/v2\/media?parent=24705"}],"wp:term":[{"taxonomy":"product_brand","embeddable":true,"href":"https:\/\/chilimag.hu\/webshop\/wp-json\/wp\/v2\/product_brand?post=24705"},{"taxonomy":"product_cat","embeddable":true,"href":"https:\/\/chilimag.hu\/webshop\/wp-json\/wp\/v2\/product_cat?post=24705"},{"taxonomy":"product_tag","embeddable":true,"href":"https:\/\/chilimag.hu\/webshop\/wp-json\/wp\/v2\/product_tag?post=24705"}],"curies":[{"name":"wp","href":"https:\/\/api.w.org\/{rel}","templated":true}]}}