{"id":24622,"date":"2023-05-02T18:21:53","date_gmt":"2023-05-02T18:21:53","guid":{"rendered":"https:\/\/chilimag.hu\/webshop\/?post_type=product&#038;p=24622"},"modified":"2025-12-11T07:37:53","modified_gmt":"2025-12-11T07:37:53","slug":"schultz-turbo-food-folyekony-mutragya-nyomelemekkel-sl","status":"publish","type":"product","link":"https:\/\/chilimag.hu\/webshop\/termek\/schultz-turbo-food-folyekony-mutragya-nyomelemekkel-sl\/","title":{"rendered":"Schultz Turbo Food Foly\u00e9kony m\u0171tr\u00e1gya nyomelemekkel SL"},"content":{"rendered":"","protected":false},"excerpt":{"rendered":"<p>SCHULTZ Turbo Food<br \/>\nNPK 8-4-9+1MgO+TE (Ca+S+B+Cu+Fe+Mn+Mo+Zn)<br \/>\nHAT\u00c9KONY FOLY\u00c9KONY M\u0170TR\u00c1GYA NYOMELEMEKKEL<br \/>\n250 ml<\/p>\n<p>Er\u0151teljes foly\u00e9kony m\u0171tr\u00e1gya oldat, amely magn\u00e9ziumot \u00e9s kalciumot tartalmaz. El\u0151seg\u00edti a gy\u00f6kerek fejl\u0151d\u00e9s\u00e9t, jav\u00edtja az \u00e1sv\u00e1nyi anyagok felv\u00e9tel\u00e9t \u00e9s serkenti a n\u00f6v\u00e9nyek n\u00f6veked\u00e9s\u00e9t. Megv\u00e9di a n\u00f6v\u00e9nyeket a stresszt\u0151l (h\u0151, sz\u00e1razs\u00e1g, UV, s\u00f3). Kiv\u00e1l\u00f3 minden belt\u00e9ri \u00e9s k\u00fclt\u00e9ri n\u00f6v\u00e9nyhez.<\/p>\n<p>EGYSZER\u0170 \u00daTVONALAK<br \/>\nMinden haszn\u00e1lat el\u0151tt j\u00f3l r\u00e1zza fel az \u00fcveget. Haszn\u00e1laton k\u00edv\u00fcl tartsa a palackot kartondobozban.<br \/>\nMINDEN BELT\u00c9RI N\u00d6V\u00c9NY<br \/>\nMind\u00f6ssze 7 csepp (1 csepp) 1 liter v\u00edzhez minden alkalommal, amikor \u00f6nt\u00f6zik, mindent, amit termeszt.<br \/>\nEtet\u00e9shez havonta egyszer vagy k\u00e9tszer haszn\u00e1ljon legfeljebb 2 cseppnyi adagot 1 liter v\u00edzhez.<br \/>\nMINDEN SZABDAS\u00c1GI N\u00d6V\u00c9NY<br \/>\n3 csepp 1 liter v\u00edzhez minden alkalommal, amikor \u00f6nt\u00f6zik, mindent, amit megtermel.<br \/>\nEtet\u00e9shez havonta egyszer vagy k\u00e9tszer haszn\u00e1ljon legfeljebb 5 cseppnyi mennyis\u00e9get 1 liter v\u00edzhez.<\/p>\n<p>EK TR\u00c1GYA<br \/>\nGARANT\u00c1LT ELEMZ\u00c9S.<br \/>\nV\u00edzben old\u00f3d\u00f3 \u00f6sszes nitrog\u00e9n (N) 7,6%, ebb\u0151l nitr\u00e1t-nitrog\u00e9n (NO3-N) 2,7%, amm\u00f3ni\u00e1s nitrog\u00e9n (NH4-N) 1,4%, karbamid-nitrog\u00e9n (Urein-N) 4,8% foszfor-pentoxid semleges amm\u00f3nium-citr\u00e1tban \u00e9s v\u00edzben old\u00f3dik (P2O5) 4% k\u00e1lium-oxid v\u00edzben old\u00f3dik (K2O) 8,9% magn\u00e9zium-oxid (MgO) 0,9% kalcium-oxid v\u00edzben old\u00f3dik (CaO) 0,2%, v\u00edzben old\u00f3d\u00f3 k\u00e9n (S) 0,07% V\u00edzben old\u00f3d\u00f3 b\u00f3r (B) 0,01% V\u00edzben old\u00f3d\u00f3 r\u00e9z (Cu-EDTA) 0,004% V\u00edzben old\u00f3d\u00f3 vas (Fe-EDTA) 0,07%, V\u00edzben old\u00f3d\u00f3 mang\u00e1n (Mn-EDTA) 0,023%, V\u00edzben oldhat\u00f3 Molibd\u00e9n (Mo) 0,002%, V\u00edzben old\u00f3d\u00f3 cink (Zn-EDTA) 0,03%.<\/p>\n<p>Gy\u00e1rt\u00f3 SCHULTZ GARDEN<\/p>\n","protected":false},"featured_media":24623,"comment_status":"closed","ping_status":"closed","template":"","meta":[],"product_brand":[],"product_cat":[391],"product_tag":[],"class_list":{"0":"post-24622","1":"product","2":"type-product","3":"status-publish","4":"has-post-thumbnail","6":"product_cat-egyeb-tapoldatok","8":"first","9":"instock","10":"taxable","11":"shipping-taxable","12":"purchasable","13":"product-type-simple"},"_links":{"self":[{"href":"https:\/\/chilimag.hu\/webshop\/wp-json\/wp\/v2\/product\/24622","targetHints":{"allow":["GET"]}}],"collection":[{"href":"https:\/\/chilimag.hu\/webshop\/wp-json\/wp\/v2\/product"}],"about":[{"href":"https:\/\/chilimag.hu\/webshop\/wp-json\/wp\/v2\/types\/product"}],"replies":[{"embeddable":true,"href":"https:\/\/chilimag.hu\/webshop\/wp-json\/wp\/v2\/comments?post=24622"}],"wp:featuredmedia":[{"embeddable":true,"href":"https:\/\/chilimag.hu\/webshop\/wp-json\/wp\/v2\/media\/24623"}],"wp:attachment":[{"href":"https:\/\/chilimag.hu\/webshop\/wp-json\/wp\/v2\/media?parent=24622"}],"wp:term":[{"taxonomy":"product_brand","embeddable":true,"href":"https:\/\/chilimag.hu\/webshop\/wp-json\/wp\/v2\/product_brand?post=24622"},{"taxonomy":"product_cat","embeddable":true,"href":"https:\/\/chilimag.hu\/webshop\/wp-json\/wp\/v2\/product_cat?post=24622"},{"taxonomy":"product_tag","embeddable":true,"href":"https:\/\/chilimag.hu\/webshop\/wp-json\/wp\/v2\/product_tag?post=24622"}],"curies":[{"name":"wp","href":"https:\/\/api.w.org\/{rel}","templated":true}]}}