{"id":24620,"date":"2023-05-02T18:14:54","date_gmt":"2023-05-02T18:14:54","guid":{"rendered":"https:\/\/chilimag.hu\/webshop\/?post_type=product&#038;p=24620"},"modified":"2026-02-18T16:02:05","modified_gmt":"2026-02-18T16:02:05","slug":"spenot-red-tabby-z-s-sl","status":"publish","type":"product","link":"https:\/\/chilimag.hu\/webshop\/termek\/spenot-red-tabby-z-s-sl\/","title":{"rendered":"Spen\u00f3t Red Tabby Hibrid Z.S SL"},"content":{"rendered":"","protected":false},"excerpt":{"rendered":"<p><img decoding=\"async\" class=\"active-logo\" src=\"https:\/\/b2b.seklos.lt\/themes\/warehouse\/img\/logo_en.png\" alt=\"Agrofirma S\u0117klos, UAB\" width=\"280\" height=\"95\" \/><\/p>\n<p>Korai hibrid rezisztens a pen\u00e9szre. A levelek s\u00f6t\u00e9tz\u00f6ldek, r\u00f3zsasz\u00edn lev\u00e9lny\u00e9llel \u00e9s erekkel. Kora tavaszi \u00e9s \u0151szi betakar\u00edt\u00e1sra termesztik. Veget\u00e1ci\u00f3s id\u0151szak \u2013 30-40 nappal a vet\u00e9s ut\u00e1n. M\u00e1rciusban vagy szeptemberben vetik. Frissen fogyasztva, feldolgoz\u00e1sra alkalmas. A spen\u00f3t levelei hasznosak, mivel vitaminokat, \u00e1sv\u00e1nyi anyagokat \u00e9s egy\u00e9b, a szervezet sz\u00e1m\u00e1ra sz\u00fcks\u00e9ges anyagokat tartalmaznak. A magvak kezelhet\u0151k. Ha a magvakat kezelik, a kezel\u00e9s neve a csomagol\u00e1s alj\u00e1n tal\u00e1lhat\u00f3.<\/p>\n<p>Kiszerel\u00e9s egy csomagban 2 g<br \/>\nMagok sz\u00e1ma grammonk\u00e9nt 100<br \/>\nSz\u00fcret IV-VI, IX-X<br \/>\nVet\u00e9sid\u0151 a talajban III-V, VIII 2-3 cm<br \/>\nVet\u00e9sid\u0151 \u00fcvegh\u00e1zban III-IV, 2-3 cm<br \/>\nGy\u00e1rt\u00f3 \u017dalia stotel\u0117<br \/>\nT\u00e1vols\u00e1gok, cm 30&#215;10 cm<\/p>\n","protected":false},"featured_media":24621,"comment_status":"closed","ping_status":"closed","template":"","meta":[],"product_brand":[],"product_cat":[357],"product_tag":[],"class_list":{"0":"post-24620","1":"product","2":"type-product","3":"status-publish","4":"has-post-thumbnail","6":"product_cat-retek-salata-es-levelzoldseg-vetomagok","8":"first","9":"instock","10":"taxable","11":"shipping-taxable","12":"purchasable","13":"product-type-simple"},"_links":{"self":[{"href":"https:\/\/chilimag.hu\/webshop\/wp-json\/wp\/v2\/product\/24620","targetHints":{"allow":["GET"]}}],"collection":[{"href":"https:\/\/chilimag.hu\/webshop\/wp-json\/wp\/v2\/product"}],"about":[{"href":"https:\/\/chilimag.hu\/webshop\/wp-json\/wp\/v2\/types\/product"}],"replies":[{"embeddable":true,"href":"https:\/\/chilimag.hu\/webshop\/wp-json\/wp\/v2\/comments?post=24620"}],"wp:featuredmedia":[{"embeddable":true,"href":"https:\/\/chilimag.hu\/webshop\/wp-json\/wp\/v2\/media\/24621"}],"wp:attachment":[{"href":"https:\/\/chilimag.hu\/webshop\/wp-json\/wp\/v2\/media?parent=24620"}],"wp:term":[{"taxonomy":"product_brand","embeddable":true,"href":"https:\/\/chilimag.hu\/webshop\/wp-json\/wp\/v2\/product_brand?post=24620"},{"taxonomy":"product_cat","embeddable":true,"href":"https:\/\/chilimag.hu\/webshop\/wp-json\/wp\/v2\/product_cat?post=24620"},{"taxonomy":"product_tag","embeddable":true,"href":"https:\/\/chilimag.hu\/webshop\/wp-json\/wp\/v2\/product_tag?post=24620"}],"curies":[{"name":"wp","href":"https:\/\/api.w.org\/{rel}","templated":true}]}}