{"id":24618,"date":"2023-05-02T18:09:09","date_gmt":"2023-05-02T18:09:09","guid":{"rendered":"https:\/\/chilimag.hu\/webshop\/?post_type=product&#038;p=24618"},"modified":"2026-02-03T18:47:09","modified_gmt":"2026-02-03T18:47:09","slug":"spenot-puma-z-s-sl","status":"publish","type":"product","link":"https:\/\/chilimag.hu\/webshop\/termek\/spenot-puma-z-s-sl\/","title":{"rendered":"Spen\u00f3t Puma Hibrid  Z.S SL"},"content":{"rendered":"","protected":false},"excerpt":{"rendered":"<p><img decoding=\"async\" class=\"logo\" src=\"https:\/\/b2b.seklos.lt\/themes\/warehouse\/img\/logo_en.png\" alt=\"Agrofirma S\u0117klos, UAB\" \/><\/p>\n<p>Ellen\u00e1ll\u00f3, nagy hozam\u00fa hibrid. K\u00e9s\u0151 tavaszi \u00e9s ny\u00e1ri betakar\u00edt\u00e1sra termesztik. Levelei kerekek, h\u00fasosak, s\u00f6t\u00e9tz\u00f6ldek, r\u00f6vid lev\u00e9lny\u00e9llel. Term\u00e9keny talajokon fejl\u0151dik a legjobban. A spen\u00f3tlev\u00e9l hasznos, mivel vitaminokat, \u00e1sv\u00e1nyi anyagokat \u00e9s egy\u00e9b, a szervezet sz\u00e1m\u00e1ra sz\u00fcks\u00e9ges anyagokat tartalmaz. Leveleib\u0151l sal\u00e1t\u00e1k, zabk\u00e1sa, levesek k\u00e9sz\u00fclnek, t\u00e9lre tart\u00f3s\u00edthat\u00f3k. A magvak kezelhet\u0151k. Ha a magvakat kezelik, a kezel\u00e9s neve a csomagol\u00e1s alj\u00e1n tal\u00e1lhat\u00f3.<\/p>\n<p>Kiszerel\u00e9s egy csomagban 3 g<br \/>\nMagok sz\u00e1ma grammonk\u00e9nt 100<br \/>\nSz\u00fcret V-IX<br \/>\nVet\u00e9sid\u0151 a talajban IV-VII,2-3 cm<br \/>\nVet\u00e9sid\u0151 \u00fcvegh\u00e1zban III, 2-3 cm<br \/>\nGy\u00e1rt\u00f3 \u017dalia stotel\u0117<br \/>\nT\u00e1vols\u00e1gok, cm 30&#215;10 cm<\/p>\n","protected":false},"featured_media":24619,"comment_status":"closed","ping_status":"closed","template":"","meta":[],"product_brand":[],"product_cat":[357],"product_tag":[],"class_list":{"0":"post-24618","1":"product","2":"type-product","3":"status-publish","4":"has-post-thumbnail","6":"product_cat-retek-salata-es-levelzoldseg-vetomagok","8":"first","9":"instock","10":"taxable","11":"shipping-taxable","12":"purchasable","13":"product-type-simple"},"_links":{"self":[{"href":"https:\/\/chilimag.hu\/webshop\/wp-json\/wp\/v2\/product\/24618","targetHints":{"allow":["GET"]}}],"collection":[{"href":"https:\/\/chilimag.hu\/webshop\/wp-json\/wp\/v2\/product"}],"about":[{"href":"https:\/\/chilimag.hu\/webshop\/wp-json\/wp\/v2\/types\/product"}],"replies":[{"embeddable":true,"href":"https:\/\/chilimag.hu\/webshop\/wp-json\/wp\/v2\/comments?post=24618"}],"wp:featuredmedia":[{"embeddable":true,"href":"https:\/\/chilimag.hu\/webshop\/wp-json\/wp\/v2\/media\/24619"}],"wp:attachment":[{"href":"https:\/\/chilimag.hu\/webshop\/wp-json\/wp\/v2\/media?parent=24618"}],"wp:term":[{"taxonomy":"product_brand","embeddable":true,"href":"https:\/\/chilimag.hu\/webshop\/wp-json\/wp\/v2\/product_brand?post=24618"},{"taxonomy":"product_cat","embeddable":true,"href":"https:\/\/chilimag.hu\/webshop\/wp-json\/wp\/v2\/product_cat?post=24618"},{"taxonomy":"product_tag","embeddable":true,"href":"https:\/\/chilimag.hu\/webshop\/wp-json\/wp\/v2\/product_tag?post=24618"}],"curies":[{"name":"wp","href":"https:\/\/api.w.org\/{rel}","templated":true}]}}