{"id":24613,"date":"2023-05-02T17:42:27","date_gmt":"2023-05-02T17:42:27","guid":{"rendered":"https:\/\/chilimag.hu\/webshop\/?post_type=product&#038;p=24613"},"modified":"2026-03-14T20:19:19","modified_gmt":"2026-03-14T20:19:19","slug":"padlizsan-patio-baby-z-s-sl","status":"publish","type":"product","link":"https:\/\/chilimag.hu\/webshop\/termek\/padlizsan-patio-baby-z-s-sl\/","title":{"rendered":"Padlizs\u00e1n Patio Baby Hibrid Z.S SL"},"content":{"rendered":"","protected":false},"excerpt":{"rendered":"<p><img decoding=\"async\" class=\"active-logo\" src=\"https:\/\/b2b.seklos.lt\/themes\/warehouse\/img\/logo_en.png\" alt=\"Agrofirma S\u0117klos, UAB\" width=\"280\" height=\"95\" \/><\/p>\n<p>Korai, nagy hozam\u00fa hibrid, 50-60 g t\u00f6meg\u0171 gy\u00fcm\u00f6lcs\u00f6t terem. A n\u00f6v\u00e9nyek t\u00f6m\u00f6rek, sz\u00far\u00f3s t\u00f6vis n\u00e9lk\u00fcl, 45-60 cm magasak, d\u00edszesek, erk\u00e9lyen vagy teraszon cser\u00e9pben is j\u00f3l fejl\u0151dnek. Javasoljuk, hogy egy n\u00f6v\u00e9nyen 3-5 sz\u00e1rat hagyjunk. A gy\u00fcm\u00f6lcs\u00f6k f\u00fcrtben n\u0151nek, nincs keser\u0171 ut\u00f3\u00edz\u00fck, feldolgoz\u00e1skor megtartj\u00e1k sz\u00edn\u00fcket \u00e9s \u00e1llagukat. Lehet s\u00fctni, p\u00e1rolni \u00e9s bef\u0151zni.<\/p>\n<p>Sz\u00fcret VII-IX<br \/>\nA pal\u00e1nt\u00e1k vet\u00e9si ideje II-III,1-1,5 cm<br \/>\nGy\u00e1rt\u00f3 \u017dalia stotel\u0117<br \/>\nT\u00e1vols\u00e1gok, cm V-VI, 75&#215;40-50 cm<br \/>\nMagok sz\u00e1ma a csomagban, db. 10<\/p>\n","protected":false},"featured_media":24614,"comment_status":"closed","ping_status":"closed","template":"","meta":[],"product_brand":[],"product_cat":[411],"product_tag":[],"class_list":{"0":"post-24613","1":"product","2":"type-product","3":"status-publish","4":"has-post-thumbnail","6":"product_cat-uborka-es-padlizsan-vetomagok-zalia-stotele","8":"first","9":"instock","10":"taxable","11":"shipping-taxable","12":"purchasable","13":"product-type-simple"},"_links":{"self":[{"href":"https:\/\/chilimag.hu\/webshop\/wp-json\/wp\/v2\/product\/24613","targetHints":{"allow":["GET"]}}],"collection":[{"href":"https:\/\/chilimag.hu\/webshop\/wp-json\/wp\/v2\/product"}],"about":[{"href":"https:\/\/chilimag.hu\/webshop\/wp-json\/wp\/v2\/types\/product"}],"replies":[{"embeddable":true,"href":"https:\/\/chilimag.hu\/webshop\/wp-json\/wp\/v2\/comments?post=24613"}],"wp:featuredmedia":[{"embeddable":true,"href":"https:\/\/chilimag.hu\/webshop\/wp-json\/wp\/v2\/media\/24614"}],"wp:attachment":[{"href":"https:\/\/chilimag.hu\/webshop\/wp-json\/wp\/v2\/media?parent=24613"}],"wp:term":[{"taxonomy":"product_brand","embeddable":true,"href":"https:\/\/chilimag.hu\/webshop\/wp-json\/wp\/v2\/product_brand?post=24613"},{"taxonomy":"product_cat","embeddable":true,"href":"https:\/\/chilimag.hu\/webshop\/wp-json\/wp\/v2\/product_cat?post=24613"},{"taxonomy":"product_tag","embeddable":true,"href":"https:\/\/chilimag.hu\/webshop\/wp-json\/wp\/v2\/product_tag?post=24613"}],"curies":[{"name":"wp","href":"https:\/\/api.w.org\/{rel}","templated":true}]}}