{"id":24596,"date":"2023-05-01T18:16:06","date_gmt":"2023-05-01T18:16:06","guid":{"rendered":"https:\/\/chilimag.hu\/webshop\/?post_type=product&#038;p=24596"},"modified":"2024-09-10T07:20:12","modified_gmt":"2024-09-10T07:20:12","slug":"nitril-kesztyu-ny1350fp-001-size-7-sl","status":"publish","type":"product","link":"https:\/\/chilimag.hu\/webshop\/termek\/nitril-kesztyu-ny1350fp-001-size-7-sl\/","title":{"rendered":"Nitril keszty\u0171 NY1350FP-001,  SL"},"content":{"rendered":"","protected":false},"excerpt":{"rendered":"<p>K\u00f6t\u00f6tt poli\u00e9szter bevonat\u00fa \u00e1tl\u00e1tsz\u00f3<br \/>\nsima fel\u00fclet\u0171 nitril teny\u00e9rkeszty\u0171, 7-es m\u00e9ret<\/p>\n<p>Gy\u00e1rt\u00f3 Agronom<\/p>\n","protected":false},"featured_media":24597,"comment_status":"closed","ping_status":"closed","template":"","meta":[],"product_brand":[],"product_cat":[448],"product_tag":[],"class_list":{"0":"post-24596","1":"product","2":"type-product","3":"status-publish","4":"has-post-thumbnail","6":"product_cat-kerti-ruhazat-es-kiegeszitok","8":"first","9":"instock","10":"taxable","11":"shipping-taxable","12":"purchasable","13":"product-type-variable"},"_links":{"self":[{"href":"https:\/\/chilimag.hu\/webshop\/wp-json\/wp\/v2\/product\/24596","targetHints":{"allow":["GET"]}}],"collection":[{"href":"https:\/\/chilimag.hu\/webshop\/wp-json\/wp\/v2\/product"}],"about":[{"href":"https:\/\/chilimag.hu\/webshop\/wp-json\/wp\/v2\/types\/product"}],"replies":[{"embeddable":true,"href":"https:\/\/chilimag.hu\/webshop\/wp-json\/wp\/v2\/comments?post=24596"}],"wp:featuredmedia":[{"embeddable":true,"href":"https:\/\/chilimag.hu\/webshop\/wp-json\/wp\/v2\/media\/24597"}],"wp:attachment":[{"href":"https:\/\/chilimag.hu\/webshop\/wp-json\/wp\/v2\/media?parent=24596"}],"wp:term":[{"taxonomy":"product_brand","embeddable":true,"href":"https:\/\/chilimag.hu\/webshop\/wp-json\/wp\/v2\/product_brand?post=24596"},{"taxonomy":"product_cat","embeddable":true,"href":"https:\/\/chilimag.hu\/webshop\/wp-json\/wp\/v2\/product_cat?post=24596"},{"taxonomy":"product_tag","embeddable":true,"href":"https:\/\/chilimag.hu\/webshop\/wp-json\/wp\/v2\/product_tag?post=24596"}],"curies":[{"name":"wp","href":"https:\/\/api.w.org\/{rel}","templated":true}]}}