{"id":24580,"date":"2023-05-01T05:50:05","date_gmt":"2023-05-01T05:50:05","guid":{"rendered":"https:\/\/chilimag.hu\/webshop\/?post_type=product&#038;p=24580"},"modified":"2026-04-29T15:34:18","modified_gmt":"2026-04-29T15:34:18","slug":"halliszt-por-dobozos-organic-way-sl","status":"publish","type":"product","link":"https:\/\/chilimag.hu\/webshop\/termek\/halliszt-por-dobozos-organic-way-sl\/","title":{"rendered":"Halliszt por dobozos  2 kg Organic Way SL"},"content":{"rendered":"","protected":false},"excerpt":{"rendered":"<p><img decoding=\"async\" class=\"\" src=\"https:\/\/b2b.seklos.lt\/img\/m\/53-medium_default.jpg\" alt=\"\" width=\"151\" height=\"151\" \/><\/p>\n<h3>Term\u00e9kle\u00edr\u00e1s<\/h3>\n<p>SZERVES TR\u00c1GYA \u2013 HALiszt<\/p>\n<p>C\u00e9lja. Hossz\u00fa t\u00e1v\u00fa hat\u00e1s\u00fa, magas nitrog\u00e9n- \u00e9s foszfortartalm\u00fa \u00e1llati eredet\u0171 m\u0171tr\u00e1gya. Ezzel a m\u0171tr\u00e1gyaform\u00e1val a t\u00e1panyagok lassan szabadulnak fel, \u00e9s nem jelentenek n\u00f6v\u00e9nyi \u00e9g\u00e9si s\u00e9r\u00fcl\u00e9sek vesz\u00e9ly\u00e9t. A szerves anyagok pozit\u00edv hat\u00e1ssal vannak a talaj mikrobiol\u00f3gi\u00e1j\u00e1ra \u00e9s \u00f6sszet\u00e9tel\u00e9re. A foszfor energi\u00e1t ad \u00e9s felgyors\u00edtja a gy\u00f6k\u00e9rfejl\u0151d\u00e9st, m\u00edg a nitrog\u00e9n a z\u00f6ld t\u00f6meg gyorsabb n\u00f6veked\u00e9s\u00e9hez vezet. A m\u0171tr\u00e1gya minden n\u00f6v\u00e9nyre alkalmas, de sz\u00far\u00f3s illata miatt k\u00fclt\u00e9ri n\u00f6v\u00e9nyek tr\u00e1gy\u00e1z\u00e1s\u00e1ra javasoljuk a m\u0171tr\u00e1gya haszn\u00e1lat\u00e1t.<\/p>\n<p>Tr\u00e1gy\u00e1z\u00e1si javaslatok: helyben tr\u00e1gy\u00e1zzunk, a m\u0171tr\u00e1gy\u00e1kat c\u00e9lszer\u0171 a talajba, a n\u00f6v\u00e9ny k\u00f6r\u00e9 juttatni, vagy a m\u0171tr\u00e1gy\u00e1t talajjal keverni a n\u00f6v\u00e9ny \u00fcltet\u00e9se el\u0151tt. A m\u0171tr\u00e1gya hosszan tart\u00f3 hat\u00e1s\u00fa. Emiatt c\u00e9lszer\u0171 a legt\u00f6bbet a veget\u00e1ci\u00f3 els\u0151 fel\u00e9ben haszn\u00e1lni. A m\u0171tr\u00e1gy\u00e1z\u00e1s ut\u00e1n a n\u00f6v\u00e9nyeket \u00f6nt\u00f6zni kell. A gyorsabb hat\u00e1s \u00e9rdek\u00e9ben mikrobiol\u00f3giai m\u0171tr\u00e1gy\u00e1val kombin\u00e1lva haszn\u00e1lja.<\/p>\n<p>M\u0171tr\u00e1gya ar\u00e1ny. Z\u00f6lds\u00e9g \u00e9s burgonya \u2013 100\u2013200 g\/m2 vir\u00e1g \u2013 150\u2013250 g\/m2 eper, gy\u00fcm\u00f6lcsbokrok, d\u00edszn\u00f6v\u00e9nyek \u2013 150\u2013250 g\/m2 gy\u00fcm\u00f6lcsf\u00e1k \u2013 200\u2013250 g\/m2 gyep \u2013 200 g\/m2.<\/p>\n<p>Fogalmaz\u00e1s. \u00d6sszes nitrog\u00e9n (N) \u2013 4,7, karbamid (NH2) \u2013 0,7 %, szerves nitrog\u00e9n \u2013 4 % foszfor-pentoxid (P2O5) \u2013 5,6 % (bele\u00e9rtve a v\u00edzben oldhat\u00f3 anyagot \u2013 5,5 %) k\u00e1lium-oxid (K2O) ) \u2013 0,5 % kalcium-oxid (CaO) \u2013 26,9 % magn\u00e9zium-oxid (MgO) \u2013 1,3 % szervesanyag-tartalom \u2013 36,9 % sz\u00e1razanyag-tartalom \u2013 97 % szerves sz\u00e9n \u2013 22,1 % nedvess\u00e9gtartalom a m\u0171tr\u00e1gya \u2013 3 % szervesanyag-tartalom sz\u00e1razanyagban \u2013 38,4 %.<\/p>\n<p>&nbsp;<\/p>\n<p>\u00d3vint\u00e9zked\u00e9sre vonatkoz\u00f3 mondatok: A m\u0171tr\u00e1gy\u00e1val v\u00e9gzett munka sor\u00e1n k\u00f6vesse az \u00e1ltal\u00e1nos higi\u00e9niai el\u0151\u00edr\u00e1sokat. Gyermekek el\u0151l elz\u00e1rva tartand\u00f3. Nedvess\u00e9gt\u0151l \u00e9s napf\u00e9nyt\u0151l v\u00e9deni kell. +5 \u00e9s +25\u00b0C k\u00f6z\u00f6tti h\u0151m\u00e9rs\u00e9kleten t\u00e1roland\u00f3. Szemmel \u00e9s b\u0151rrel val\u00f3 \u00e9rintkez\u00e9s ut\u00e1n alaposan \u00f6bl\u00edtse le v\u00edzzel. Lenyel\u00e9s: \u00d6bl\u00edtse ki a sz\u00e1jat. Ha rosszul \u00e9rzi mag\u00e1t, forduljon orvoshoz. A tartalom\/tart\u00e1ly \u00e1rtalmatlan\u00edt\u00e1sa a helyi el\u0151\u00edr\u00e1soknak megfelel\u0151en t\u00f6rt\u00e9nik.<\/p>\n<p>Gy\u00e1rt\u00f3 Organic Way<\/p>\n","protected":false},"featured_media":24581,"comment_status":"closed","ping_status":"closed","template":"","meta":[],"product_brand":[],"product_cat":[387],"product_tag":[],"class_list":{"0":"post-24580","1":"product","2":"type-product","3":"status-publish","4":"has-post-thumbnail","6":"product_cat-organic-way-tapoldatok-es-noveny-apolok","8":"first","9":"instock","10":"taxable","11":"shipping-taxable","12":"purchasable","13":"product-type-simple"},"_links":{"self":[{"href":"https:\/\/chilimag.hu\/webshop\/wp-json\/wp\/v2\/product\/24580","targetHints":{"allow":["GET"]}}],"collection":[{"href":"https:\/\/chilimag.hu\/webshop\/wp-json\/wp\/v2\/product"}],"about":[{"href":"https:\/\/chilimag.hu\/webshop\/wp-json\/wp\/v2\/types\/product"}],"replies":[{"embeddable":true,"href":"https:\/\/chilimag.hu\/webshop\/wp-json\/wp\/v2\/comments?post=24580"}],"wp:featuredmedia":[{"embeddable":true,"href":"https:\/\/chilimag.hu\/webshop\/wp-json\/wp\/v2\/media\/24581"}],"wp:attachment":[{"href":"https:\/\/chilimag.hu\/webshop\/wp-json\/wp\/v2\/media?parent=24580"}],"wp:term":[{"taxonomy":"product_brand","embeddable":true,"href":"https:\/\/chilimag.hu\/webshop\/wp-json\/wp\/v2\/product_brand?post=24580"},{"taxonomy":"product_cat","embeddable":true,"href":"https:\/\/chilimag.hu\/webshop\/wp-json\/wp\/v2\/product_cat?post=24580"},{"taxonomy":"product_tag","embeddable":true,"href":"https:\/\/chilimag.hu\/webshop\/wp-json\/wp\/v2\/product_tag?post=24580"}],"curies":[{"name":"wp","href":"https:\/\/api.w.org\/{rel}","templated":true}]}}