{"id":24578,"date":"2023-05-01T05:43:23","date_gmt":"2023-05-01T05:43:23","guid":{"rendered":"https:\/\/chilimag.hu\/webshop\/?post_type=product&#038;p=24578"},"modified":"2026-02-24T10:34:05","modified_gmt":"2026-02-24T10:34:05","slug":"szarvasmarha-tragya-granulatum-5-kg-organic-way-sl","status":"publish","type":"product","link":"https:\/\/chilimag.hu\/webshop\/termek\/szarvasmarha-tragya-granulatum-5-kg-organic-way-sl\/","title":{"rendered":"Szarvasmarha tr\u00e1gya granul\u00e1tum 5 kg Organic Way SL"},"content":{"rendered":"","protected":false},"excerpt":{"rendered":"<p>GR\u00c1NUL\u00c1LT SZERVES TR\u00c1GYA &#8211; SZARVASMARHA TR\u00c1GYA<br \/>\nFelhaszn\u00e1l\u00e1s: szerves tr\u00e1gya kertek, gy\u00fcm\u00f6lcs\u00f6s\u00f6k \u00e9s d\u00edszn\u00f6v\u00e9nyek tr\u00e1gy\u00e1z\u00e1s\u00e1ra. Az univerz\u00e1lis \u00f6sszet\u00e9tel biztos\u00edtja a n\u00f6v\u00e9ny minden t\u00e1panyagsz\u00fcks\u00e9glet\u00e9nek kiel\u00e9g\u00edt\u00e9s\u00e9t, a magas szervesanyag-tartalom pedig jav\u00edtja a talaj \u00e1llapot\u00e1t \u00e9s el\u0151seg\u00edti a talaj mikrobiol\u00f3giai aktivit\u00e1s\u00e1t. Haszn\u00e1latakor a szerves tr\u00e1gya seg\u00edt fenntartani vagy ak\u00e1r n\u00f6velni a talaj humusztartalm\u00e1t. A m\u0171tr\u00e1gya k\u00fcl\u00f6nb\u00f6z\u0151 \u00f6sszet\u00e9tel\u0171 talajokhoz alkalmas. Seg\u00edt helyre\u00e1ll\u00edtani a savass\u00e1g semleges fok\u00e1t. A m\u0171tr\u00e1gya nem alkalmas savkedvel\u0151 n\u00f6v\u00e9nyek sz\u00e1m\u00e1ra.<br \/>\nTr\u00e1gy\u00e1z\u00e1si javaslatok: helyben tr\u00e1gy\u00e1zzunk, a m\u0171tr\u00e1gy\u00e1kat c\u00e9lszer\u0171 a talajba, a n\u00f6v\u00e9ny k\u00f6r\u00e9 juttatni, vagy a m\u0171tr\u00e1gy\u00e1t talajjal keverni a n\u00f6v\u00e9ny \u00fcltet\u00e9se el\u0151tt. A m\u0171tr\u00e1gya hosszan tart\u00f3 hat\u00e1s\u00fa. Emiatt c\u00e9lszer\u0171 a legt\u00f6bbet a veget\u00e1ci\u00f3 els\u0151 fel\u00e9ben haszn\u00e1lni. A m\u0171tr\u00e1gy\u00e1z\u00e1s ut\u00e1n a n\u00f6v\u00e9nyeket \u00f6nt\u00f6zni kell.<br \/>\nM\u0171tr\u00e1gyamennyis\u00e9g: vetem\u00e9nyeskert f\u00f6ldje (talaj) &#8211; 250-300 g\/m2 z\u00f6lds\u00e9g \u00e9s burgonya &#8211; 150-250 g\/m2 vir\u00e1g &#8211; 100-150 g\/m2 eper, gy\u00fcm\u00f6lcsbokrok, d\u00edszn\u00f6v\u00e9nyek &#8211; 150-250 g\/m2 gy\u00fcm\u00f6lcs f\u00e1k &#8211; 200-250 g\/m2 gyep &#8211; 200 g\/m2.<br \/>\n\u00d6sszet\u00e9tel: \u00f6sszes nitrog\u00e9n (N) &#8211; 2,1% amm\u00f3ni\u00e1s nitrog\u00e9n (N-NH4) &#8211; 0,2% szerves nitrog\u00e9n &#8211; 1,87% foszfor-pentoxid (P2O2) &#8211; 2,9% (bele\u00e9rtve a v\u00edzben old\u00f3d\u00f3 \u2013 2 %) k\u00e1lium-oxid (K2O2) &#8211; 2,4% kalcium oxid (CaO) &#8211; 2,5% magn\u00e9zium-oxid (MgO) &#8211; 1,2% szervesanyag-tartalom &#8211; 74,6% sz\u00e1razanyag-tartalom &#8211; 90,3% szerves sz\u00e9n &#8211; 70% a m\u0171tr\u00e1gya nedvess\u00e9gtartalma &#8211; 9,7% pH &#8211; 8.<br \/>\nGy\u00e1rt\u00f3 Organic Way<\/p>\n","protected":false},"featured_media":24579,"comment_status":"closed","ping_status":"closed","template":"","meta":[],"product_brand":[],"product_cat":[387],"product_tag":[],"class_list":{"0":"post-24578","1":"product","2":"type-product","3":"status-publish","4":"has-post-thumbnail","6":"product_cat-organic-way-tapoldatok-es-noveny-apolok","8":"first","9":"instock","10":"taxable","11":"shipping-taxable","12":"purchasable","13":"product-type-simple"},"_links":{"self":[{"href":"https:\/\/chilimag.hu\/webshop\/wp-json\/wp\/v2\/product\/24578","targetHints":{"allow":["GET"]}}],"collection":[{"href":"https:\/\/chilimag.hu\/webshop\/wp-json\/wp\/v2\/product"}],"about":[{"href":"https:\/\/chilimag.hu\/webshop\/wp-json\/wp\/v2\/types\/product"}],"replies":[{"embeddable":true,"href":"https:\/\/chilimag.hu\/webshop\/wp-json\/wp\/v2\/comments?post=24578"}],"wp:featuredmedia":[{"embeddable":true,"href":"https:\/\/chilimag.hu\/webshop\/wp-json\/wp\/v2\/media\/24579"}],"wp:attachment":[{"href":"https:\/\/chilimag.hu\/webshop\/wp-json\/wp\/v2\/media?parent=24578"}],"wp:term":[{"taxonomy":"product_brand","embeddable":true,"href":"https:\/\/chilimag.hu\/webshop\/wp-json\/wp\/v2\/product_brand?post=24578"},{"taxonomy":"product_cat","embeddable":true,"href":"https:\/\/chilimag.hu\/webshop\/wp-json\/wp\/v2\/product_cat?post=24578"},{"taxonomy":"product_tag","embeddable":true,"href":"https:\/\/chilimag.hu\/webshop\/wp-json\/wp\/v2\/product_tag?post=24578"}],"curies":[{"name":"wp","href":"https:\/\/api.w.org\/{rel}","templated":true}]}}