{"id":24573,"date":"2023-04-30T18:55:37","date_gmt":"2023-04-30T18:55:37","guid":{"rendered":"https:\/\/chilimag.hu\/webshop\/?post_type=product&#038;p=24573"},"modified":"2023-04-30T19:00:00","modified_gmt":"2023-04-30T19:00:00","slug":"rez-mutragya-koper-500-ml-organic-way-sl","status":"publish","type":"product","link":"https:\/\/chilimag.hu\/webshop\/termek\/rez-mutragya-koper-500-ml-organic-way-sl\/","title":{"rendered":"R\u00e9z m\u0171tr\u00e1gya Koper 500 ml Organic Way SL"},"content":{"rendered":"","protected":false},"excerpt":{"rendered":"<p>R\u00c9ZM\u0170TR\u00c1GYA SZERVES SAVAKKAL<br \/>\nC\u00e9l: A KOPER k\u00e9sz\u00edtm\u00e9ny a n\u00f6v\u00e9nyek t\u00e1pl\u00e1l\u00e9k\u00e1nak r\u00e9z nyomelemekkel t\u00f6rt\u00e9n\u0151 kieg\u00e9sz\u00edt\u00e9s\u00e9re szolg\u00e1l. A n\u00f6v\u00e9nyek a rezet a fotoszint\u00e9zishez, az enzimek szint\u00e9zis\u00e9hez, \u00e9s ami a legfontosabb, a ligninszint\u00e9zishez haszn\u00e1lj\u00e1k. A lignin egy rendk\u00edv\u00fcl er\u0151s szerves anyag, amely v\u00e9d\u0151falk\u00e9nt veszi k\u00f6r\u00fcl az \u00f6sszes n\u00f6v\u00e9nyi sejtfalat. A magas lignintartalom k\u00f6zvetlen\u00fcl befoly\u00e1solja a n\u00f6v\u00e9ny term\u00e9szetes ellen\u00e1ll\u00f3 k\u00e9pess\u00e9g\u00e9t \u00e9s immunit\u00e1s\u00e1t. A szerves savak biztos\u00edtj\u00e1k a m\u0171tr\u00e1gya gyors \u00e9s hat\u00e9kony bevitel\u00e9t a n\u00f6v\u00e9nyi sejtekhez, \u00e9s cs\u00f6kkentik az \u00e9g\u00e9si s\u00e9r\u00fcl\u00e9sek kock\u00e1zat\u00e1t.<br \/>\nFelhaszn\u00e1l\u00e1si m\u00f3d \u00e9s m\u00e9rt\u00e9k: a n\u00f6v\u00e9nyn\u00f6veked\u00e9s kezdet\u00e9t\u0151l, k\u00e9thetente egyszer kell haszn\u00e1lni. \u00d6nt\u00f6z\u00e9skor 1 liter v\u00edzhez 1-4 ml, permetez\u00e9skor 1 liter v\u00edzhez 1-2 ml k\u00e9sz\u00edtm\u00e9nyt haszn\u00e1ljon.<br \/>\nGy\u00e1rt\u00f3 Organic Way<\/p>\n","protected":false},"featured_media":24574,"comment_status":"closed","ping_status":"closed","template":"","meta":[],"product_brand":[],"product_cat":[387],"product_tag":[],"class_list":{"0":"post-24573","1":"product","2":"type-product","3":"status-publish","4":"has-post-thumbnail","6":"product_cat-organic-way-tapoldatok-es-noveny-apolok","8":"first","9":"instock","10":"taxable","11":"shipping-taxable","12":"purchasable","13":"product-type-simple"},"_links":{"self":[{"href":"https:\/\/chilimag.hu\/webshop\/wp-json\/wp\/v2\/product\/24573","targetHints":{"allow":["GET"]}}],"collection":[{"href":"https:\/\/chilimag.hu\/webshop\/wp-json\/wp\/v2\/product"}],"about":[{"href":"https:\/\/chilimag.hu\/webshop\/wp-json\/wp\/v2\/types\/product"}],"replies":[{"embeddable":true,"href":"https:\/\/chilimag.hu\/webshop\/wp-json\/wp\/v2\/comments?post=24573"}],"wp:featuredmedia":[{"embeddable":true,"href":"https:\/\/chilimag.hu\/webshop\/wp-json\/wp\/v2\/media\/24574"}],"wp:attachment":[{"href":"https:\/\/chilimag.hu\/webshop\/wp-json\/wp\/v2\/media?parent=24573"}],"wp:term":[{"taxonomy":"product_brand","embeddable":true,"href":"https:\/\/chilimag.hu\/webshop\/wp-json\/wp\/v2\/product_brand?post=24573"},{"taxonomy":"product_cat","embeddable":true,"href":"https:\/\/chilimag.hu\/webshop\/wp-json\/wp\/v2\/product_cat?post=24573"},{"taxonomy":"product_tag","embeddable":true,"href":"https:\/\/chilimag.hu\/webshop\/wp-json\/wp\/v2\/product_tag?post=24573"}],"curies":[{"name":"wp","href":"https:\/\/api.w.org\/{rel}","templated":true}]}}