{"id":24559,"date":"2023-04-30T18:26:00","date_gmt":"2023-04-30T18:26:00","guid":{"rendered":"https:\/\/chilimag.hu\/webshop\/?post_type=product&#038;p=24559"},"modified":"2026-04-29T15:15:13","modified_gmt":"2026-04-29T15:15:13","slug":"csirketragya-granulatum-fermentalt-bio-organic-way-sl","status":"publish","type":"product","link":"https:\/\/chilimag.hu\/webshop\/termek\/csirketragya-granulatum-fermentalt-bio-organic-way-sl\/","title":{"rendered":"Csirketr\u00e1gya Granul\u00e1tum ferment\u00e1lt Bio 10 kg Organic Way SL"},"content":{"rendered":"","protected":false},"excerpt":{"rendered":"<p><img decoding=\"async\" class=\"\" src=\"https:\/\/b2b.seklos.lt\/img\/m\/53-medium_default.jpg\" alt=\"\" width=\"152\" height=\"152\" \/><\/p>\n<h3>Term\u00e9kle\u00edr\u00e1s<\/h3>\n<p>Felhaszn\u00e1l\u00e1si c\u00e9l: szemcs\u00e9s szerves komplex m\u0171tr\u00e1gya talaj, z\u00f6lds\u00e9gek, vir\u00e1gok, kerti \u00e9s d\u00edszn\u00f6v\u00e9nyek, p\u00e1zsit tr\u00e1gy\u00e1z\u00e1s\u00e1ra. M\u0171tr\u00e1gy\u00e1z\u00e1si javaslatok: helyben, vagy minden ir\u00e1nyban (gyep) sz\u00f3rva kell kijuttatni. Szeg\u00e9nyezzen \u00e9s adjon m\u0171tr\u00e1gy\u00e1t a talajba \u00fcltet\u00e9s el\u0151tt vagy a veget\u00e1ci\u00f3 elej\u00e9n, majd a m\u00e1sik r\u00e9sz\u00e9t a veget\u00e1ci\u00f3 sor\u00e1n. Bokrok \u00e9s f\u00e1k eset\u00e9ben az \u00e1gak sz\u00e9tter\u00fcl\u00e9se alatt (koronater\u00edt\u00e9s) alkalmazzuk. Tr\u00e1gy\u00e1z\u00e1si ar\u00e1ny: kerti (\u00fcvegh\u00e1zi) talaj &#8211; 3,5-4 l\/10 m2 z\u00f6lds\u00e9g \u00e9s burgonya &#8211; 2-3,5 l\/10 g\/m2 vir\u00e1g &#8211; 1,5-2 l g\/10 m2 eper, bogy\u00f3s bokrok, d\u00edszn\u00f6v\u00e9nyek &#8211; 2-3,5 l\/10 m2 gy\u00fcm\u00f6lcsf\u00e1k \u2013 3-3,5 l\/10 m2 gyepek \u2013 2 l\/10 m2. A n\u00f6v\u00e9nyek a f\u0151 n\u00f6v\u00e9nytermeszt\u00e9si f\u00e1zisokra (cs\u00edr\u00e1z\u00e1s, sziklev\u00e9l, val\u00f3di lev\u00e9l, butoniz\u00e1ci\u00f3, vir\u00e1gz\u00e1s, gy\u00fcm\u00f6lcsfejl\u0151d\u00e9s, \u00e9retts\u00e9g, term\u00e9shozam) \u00f6sszpontos\u00edtva tr\u00e1gy\u00e1znak. \u00d6sszet\u00e9tel: \u00f6sszes nitrog\u00e9n (N) \u2013 2,8% amm\u00f3ni\u00e1s nitrog\u00e9n (N-NH4) \u2013 0,3% szerves nitrog\u00e9n \u2013 2,5% foszfor-pentoxid (P2O2) \u2013 5,7% (bele\u00e9rtve a v\u00edzben old\u00f3d\u00f3 \u2013 1,5%) k\u00e1lium-oxid (K2,O2) \u2013 0% kalcium-oxid (CaO) \u2013 11,8% magn\u00e9zium-oxid (MgO) \u2013 1,9% szervesanyag-tartalom \u2013 62% sz\u00e1razanyag-tartalom \u2013 92% a m\u0171tr\u00e1gya nedvess\u00e9gtartalma \u2013 8% pH-\u00e9rt\u00e9k \u2013 7-7,6. A szerves tr\u00e1gya csirketr\u00e1gy\u00e1b\u00f3l \u00e1ll, amelyet erjesztenek, majd 1 \u00f3r\u00e1n \u00e1t +70o C-on paszt\u0151r\u00f6znek. 2. kateg\u00f3ria. \u00d3vint\u00e9zked\u00e9sek: A m\u0171tr\u00e1gya haszn\u00e1latakor tartsa be az \u00e1ltal\u00e1nos higi\u00e9niai el\u0151\u00edr\u00e1sokat. Tartsa t\u00e1vol gyermekekt\u0151l. V\u00e9dje a nedvess\u00e9gt\u0151l \u00e9s a napf\u00e9nyt\u0151l. +5 \u00e9s +25\u00b0C k\u00f6z\u00f6tti h\u0151m\u00e9rs\u00e9kleten t\u00e1roland\u00f3. Ha szembe vagy b\u0151rre ker\u00fcl, alaposan \u00f6bl\u00edtse le v\u00edzzel. Lenyel\u00e9s eset\u00e9n \u00f6bl\u00edtse ki a sz\u00e1jat, ha rosszul \u00e9rzi mag\u00e1t, forduljon orvoshoz. A tartalom\/tart\u00e1ly \u00e9s a term\u00e9kmaradv\u00e1nyok \u00e1rtalmatlan\u00edt\u00e1sa a vonatkoz\u00f3 szab\u00e1lyoknak megfelel\u0151en. T\u00e9telsz\u00e1m \u00e9s gy\u00e1rt\u00e1si d\u00e1tum (kicsomagol\u00e1s): l\u00e1sd a csomagol\u00e1son. Fizikai v\u00e1ltoz\u00e1sok eset\u00e9n a m\u0171tr\u00e1gya t\u00e1panyag tulajdons\u00e1gai nem v\u00e1ltoznak. Ha a m\u0171tr\u00e1gy\u00e1t sz\u00e1raz helyen, k\u00f6zvetlen napf\u00e9nyt\u0151l v\u00e9dett helyen t\u00e1rolj\u00e1k, az eltarthat\u00f3s\u00e1gi id\u0151 korl\u00e1tlan.<br \/>\nHozz\u00e1vet\u0151leges term\u00e9kteljes\u00edtm\u00e9ny 10 kg &#8211; 200 m\u00b2<br \/>\nM\u0171tr\u00e1gya t\u00edpusa Granul\u00e1lt m\u0171tr\u00e1gy\u00e1k<br \/>\nGy\u00e1rt\u00f3 Organic Way<br \/>\nKiszerel\u00e9s 10 kg<br \/>\nNPK NPK 3-7-1<\/p>\n","protected":false},"featured_media":24560,"comment_status":"closed","ping_status":"closed","template":"","meta":[],"product_brand":[],"product_cat":[387],"product_tag":[],"class_list":{"0":"post-24559","1":"product","2":"type-product","3":"status-publish","4":"has-post-thumbnail","6":"product_cat-organic-way-tapoldatok-es-noveny-apolok","8":"first","9":"instock","10":"taxable","11":"shipping-taxable","12":"purchasable","13":"product-type-simple"},"_links":{"self":[{"href":"https:\/\/chilimag.hu\/webshop\/wp-json\/wp\/v2\/product\/24559","targetHints":{"allow":["GET"]}}],"collection":[{"href":"https:\/\/chilimag.hu\/webshop\/wp-json\/wp\/v2\/product"}],"about":[{"href":"https:\/\/chilimag.hu\/webshop\/wp-json\/wp\/v2\/types\/product"}],"replies":[{"embeddable":true,"href":"https:\/\/chilimag.hu\/webshop\/wp-json\/wp\/v2\/comments?post=24559"}],"wp:featuredmedia":[{"embeddable":true,"href":"https:\/\/chilimag.hu\/webshop\/wp-json\/wp\/v2\/media\/24560"}],"wp:attachment":[{"href":"https:\/\/chilimag.hu\/webshop\/wp-json\/wp\/v2\/media?parent=24559"}],"wp:term":[{"taxonomy":"product_brand","embeddable":true,"href":"https:\/\/chilimag.hu\/webshop\/wp-json\/wp\/v2\/product_brand?post=24559"},{"taxonomy":"product_cat","embeddable":true,"href":"https:\/\/chilimag.hu\/webshop\/wp-json\/wp\/v2\/product_cat?post=24559"},{"taxonomy":"product_tag","embeddable":true,"href":"https:\/\/chilimag.hu\/webshop\/wp-json\/wp\/v2\/product_tag?post=24559"}],"curies":[{"name":"wp","href":"https:\/\/api.w.org\/{rel}","templated":true}]}}