{"id":24551,"date":"2023-04-30T18:07:36","date_gmt":"2023-04-30T18:07:36","guid":{"rendered":"https:\/\/chilimag.hu\/webshop\/?post_type=product&#038;p=24551"},"modified":"2026-03-09T10:26:46","modified_gmt":"2026-03-09T10:26:46","slug":"univerzalis-biostimulator-organic-way-sl","status":"publish","type":"product","link":"https:\/\/chilimag.hu\/webshop\/termek\/univerzalis-biostimulator-organic-way-sl\/","title":{"rendered":"Univerz\u00e1lis Biostimul\u00e1tor 500ml Organic Way SL"},"content":{"rendered":"","protected":false},"excerpt":{"rendered":"<p>FOLY\u00c9KONY SZERVES UNIVERZ\u00c1LIS BIOSTIMUL\u00c1NS<br \/>\nFelhaszn\u00e1l\u00e1si c\u00e9l: biol\u00f3giailag akt\u00edv szapropel (szerves anyag) kivonat vet\u0151mag (\u00fcltet\u00e9si) anyag kezel\u00e9s\u00e9re, er\u0151s \u00e9s eg\u00e9szs\u00e9ges n\u00f6v\u00e9nyn\u00f6veked\u00e9s. Erica \u00e9s acidofil n\u00f6v\u00e9nyek sz\u00e1m\u00e1ra nem alkalmas.<br \/>\nHaszn\u00e1lat m\u00f3dja: Haszn\u00e1lat el\u0151tt r\u00e1zza fel. Hagyma-, hajt\u00e1s-, gum\u00f3\u00e1ztat\u00e1shoz \u2013 10 ml\/1 l H2O\/1\u20133 \u00f3ra talajjav\u00edt\u00f3 (\u00fcvegh\u00e1zi talaj) \u00e9s n\u00f6v\u00e9ny\u00f6nt\u00f6z\u00e9shez akt\u00edv veget\u00e1ci\u00f3s id\u0151szakban \u2013 50 ml\/10 l H2O\/2\u20133 m2.<br \/>\nHozz\u00e1vet\u0151leges term\u00e9kkibocs\u00e1t\u00e1s 0,5 l ~ 100 l munkaoldat<br \/>\nM\u0171tr\u00e1gya t\u00edpusa Foly\u00e9kony m\u0171tr\u00e1gy\u00e1k<br \/>\nGy\u00e1rt\u00f3 Organic Way<br \/>\nKiszerel\u00e9s 0500L<\/p>\n","protected":false},"featured_media":24552,"comment_status":"closed","ping_status":"closed","template":"","meta":[],"product_brand":[],"product_cat":[387],"product_tag":[],"class_list":{"0":"post-24551","1":"product","2":"type-product","3":"status-publish","4":"has-post-thumbnail","6":"product_cat-organic-way-tapoldatok-es-noveny-apolok","8":"first","9":"instock","10":"taxable","11":"shipping-taxable","12":"purchasable","13":"product-type-simple"},"_links":{"self":[{"href":"https:\/\/chilimag.hu\/webshop\/wp-json\/wp\/v2\/product\/24551","targetHints":{"allow":["GET"]}}],"collection":[{"href":"https:\/\/chilimag.hu\/webshop\/wp-json\/wp\/v2\/product"}],"about":[{"href":"https:\/\/chilimag.hu\/webshop\/wp-json\/wp\/v2\/types\/product"}],"replies":[{"embeddable":true,"href":"https:\/\/chilimag.hu\/webshop\/wp-json\/wp\/v2\/comments?post=24551"}],"wp:featuredmedia":[{"embeddable":true,"href":"https:\/\/chilimag.hu\/webshop\/wp-json\/wp\/v2\/media\/24552"}],"wp:attachment":[{"href":"https:\/\/chilimag.hu\/webshop\/wp-json\/wp\/v2\/media?parent=24551"}],"wp:term":[{"taxonomy":"product_brand","embeddable":true,"href":"https:\/\/chilimag.hu\/webshop\/wp-json\/wp\/v2\/product_brand?post=24551"},{"taxonomy":"product_cat","embeddable":true,"href":"https:\/\/chilimag.hu\/webshop\/wp-json\/wp\/v2\/product_cat?post=24551"},{"taxonomy":"product_tag","embeddable":true,"href":"https:\/\/chilimag.hu\/webshop\/wp-json\/wp\/v2\/product_tag?post=24551"}],"curies":[{"name":"wp","href":"https:\/\/api.w.org\/{rel}","templated":true}]}}