{"id":24537,"date":"2023-04-29T18:36:33","date_gmt":"2023-04-29T18:36:33","guid":{"rendered":"https:\/\/chilimag.hu\/webshop\/?post_type=product&#038;p=24537"},"modified":"2026-03-17T14:25:20","modified_gmt":"2026-03-17T14:25:20","slug":"kalium-szappan-zold-pumpas-organic-way","status":"publish","type":"product","link":"https:\/\/chilimag.hu\/webshop\/termek\/kalium-szappan-zold-pumpas-organic-way\/","title":{"rendered":"K\u00e1lium Szappan Z\u00f6ld pump\u00e1s Organic Way SL"},"content":{"rendered":"","protected":false},"excerpt":{"rendered":"<p>Felhaszn\u00e1l\u00e1si c\u00e9l: belt\u00e9ri, erk\u00e9lyes, kerti \u00e9s d\u00edszn\u00f6v\u00e9nyek \u00e1pol\u00e1sa k\u00fcl\u00f6nb\u00f6z\u0151 fel\u00fcletek k\u00e9zi mos\u00e1sa tiszt\u00edt\u00e1sa.<br \/>\nFelhaszn\u00e1l\u00e1si m\u00f3d: 30 cm-es t\u00e1vols\u00e1gb\u00f3l permetezze be a n\u00f6v\u00e9nyeket \u00fagy, hogy a t\u00f6rzsek \u00e9s a sz\u00e1rak, a levelek\/t\u0171k fels\u0151 \u00e9s als\u00f3 oldala, a talaj vagy a talajtakar\u00f3 fel\u00fclete 14 naponk\u00e9nt 4 alkalommal kezelhet\u0151 legyen. \u00c9lelmez\u00e9s-eg\u00e9szs\u00e9g\u00fcgyi v\u00e1rakoz\u00e1si id\u0151 \u2013 7 nap a betakar\u00edt\u00e1sig. Permetezni reggel, este vagy felh\u0151s, nyugodt napon, a h\u0151m\u00e9rs\u00e9klet nem haladhatja meg a +20 \u00b0C-ot. Vir\u00e1gz\u00e1si szakaszban tilos ivartalan\u00edtani. Permetezze az oldatot a fel\u00fcletekre, d\u00f6rzs\u00f6lje le a szennyezett ter\u00fcleteket (kefe, kend\u0151 stb.), \u00f6bl\u00edtse le v\u00edzzel. Ha a fel\u00fclet er\u0151sen szennyezett, ism\u00e9telje meg az elj\u00e1r\u00e1st.<br \/>\n\u00d6sszet\u00e9tel: n\u00f6v\u00e9nyi olajok zs\u00edrsavainak k\u00e1liums\u00f3i, &lt; 5%, k\u00e1lium-hidroxid, v\u00edz, pH ~ 10.<br \/>\n\u00d3vint\u00e9zked\u00e9sre vonatkoz\u00f3 mondatok: A szappan haszn\u00e1latakor tartsa be az \u00e1ltal\u00e1nos higi\u00e9niai el\u0151\u00edr\u00e1sokat. Tartsa t\u00e1vol gyermekekt\u0151l. +5 \u00e9s +35 \u00b0C k\u00f6z\u00f6tti h\u0151m\u00e9rs\u00e9kleten t\u00e1roland\u00f3. Ne ker\u00fclj\u00f6n a szembe. Ha szembe vagy b\u0151rre ker\u00fcl, alaposan \u00f6bl\u00edtse le v\u00edzzel. Lenyel\u00e9s eset\u00e9n \u00f6bl\u00edtse ki a sz\u00e1jat, ha rosszul \u00e9rzi mag\u00e1t, forduljon orvoshoz. Vigye \u00e1t a tartalmat\/tart\u00e1lyt egy tan\u00fas\u00edtott hullad\u00e9k-\u00fajrahasznos\u00edt\u00f3 l\u00e9tes\u00edtm\u00e9nybe.<\/p>\n<p>Gy\u00e1rt\u00f3 Organic Way<br \/>\nKiszerel\u00e9s 0500L<\/p>\n","protected":false},"featured_media":24541,"comment_status":"closed","ping_status":"closed","template":"","meta":[],"product_brand":[],"product_cat":[391,387],"product_tag":[],"class_list":{"0":"post-24537","1":"product","2":"type-product","3":"status-publish","4":"has-post-thumbnail","6":"product_cat-egyeb-tapoldatok","7":"product_cat-organic-way-tapoldatok-es-noveny-apolok","9":"first","10":"instock","11":"taxable","12":"shipping-taxable","13":"purchasable","14":"product-type-simple"},"_links":{"self":[{"href":"https:\/\/chilimag.hu\/webshop\/wp-json\/wp\/v2\/product\/24537","targetHints":{"allow":["GET"]}}],"collection":[{"href":"https:\/\/chilimag.hu\/webshop\/wp-json\/wp\/v2\/product"}],"about":[{"href":"https:\/\/chilimag.hu\/webshop\/wp-json\/wp\/v2\/types\/product"}],"replies":[{"embeddable":true,"href":"https:\/\/chilimag.hu\/webshop\/wp-json\/wp\/v2\/comments?post=24537"}],"wp:featuredmedia":[{"embeddable":true,"href":"https:\/\/chilimag.hu\/webshop\/wp-json\/wp\/v2\/media\/24541"}],"wp:attachment":[{"href":"https:\/\/chilimag.hu\/webshop\/wp-json\/wp\/v2\/media?parent=24537"}],"wp:term":[{"taxonomy":"product_brand","embeddable":true,"href":"https:\/\/chilimag.hu\/webshop\/wp-json\/wp\/v2\/product_brand?post=24537"},{"taxonomy":"product_cat","embeddable":true,"href":"https:\/\/chilimag.hu\/webshop\/wp-json\/wp\/v2\/product_cat?post=24537"},{"taxonomy":"product_tag","embeddable":true,"href":"https:\/\/chilimag.hu\/webshop\/wp-json\/wp\/v2\/product_tag?post=24537"}],"curies":[{"name":"wp","href":"https:\/\/api.w.org\/{rel}","templated":true}]}}