{"id":24534,"date":"2023-04-29T18:27:24","date_gmt":"2023-04-29T18:27:24","guid":{"rendered":"https:\/\/chilimag.hu\/webshop\/?post_type=product&#038;p=24534"},"modified":"2026-05-06T07:13:02","modified_gmt":"2026-05-06T07:13:02","slug":"kalium-szappan-zold-koncentratum-organic-way","status":"publish","type":"product","link":"https:\/\/chilimag.hu\/webshop\/termek\/kalium-szappan-zold-koncentratum-organic-way\/","title":{"rendered":"K\u00e1lium Szappan z\u00f6ld Koncentr\u00e1tum Organic Way SL"},"content":{"rendered":"","protected":false},"excerpt":{"rendered":"<p>Felhaszn\u00e1l\u00e1si c\u00e9l: belt\u00e9ri, erk\u00e9lyes, kerti \u00e9s d\u00edszn\u00f6v\u00e9nyek gondoz\u00e1sa k\u00fcl\u00f6nb\u00f6z\u0151 fel\u00fcletek k\u00e9zi mos\u00e1sa tiszt\u00edt\u00e1sa agrok\u00e9miai munkaoldatok tapad\u00e1s\u00e1nak n\u00f6vel\u00e9se.<br \/>\nFelhaszn\u00e1l\u00e1si m\u00f3d: permetezze be a n\u00f6v\u00e9nyeket 5%-os oldattal (50 ml\/1 l H2O) 4-szer 14 naponk\u00e9nt. \u00c9lelmez\u00e9s-eg\u00e9szs\u00e9g\u00fcgyi v\u00e1rakoz\u00e1si id\u0151 \u2013 7 nap a betakar\u00edt\u00e1sig. Permetezni reggel, este vagy felh\u0151s, nyugodt napon, a h\u0151m\u00e9rs\u00e9klet nem haladhatja meg a +20 \u00b0C-ot. Vir\u00e1gz\u00e1si szakaszban tilos ivartalan\u00edtani. K\u00e9zi mos\u00e1s 1%-os oldattal (50 ml\/5 l H2O). Mos\u00e1s ut\u00e1n \u00f6bl\u00edtse le a sz\u00f6veteket meleg v\u00edzzel. Tiszt\u00edtsa meg a fel\u00fcleteket 0,5%-os oldattal (50 ml\/10 l H2O). Vigye fel az oldatot a fel\u00fcletre, d\u00f6rzs\u00f6lje le a szennyezett ter\u00fcleteket (kefe, kend\u0151 stb.), \u00f6bl\u00edtse le v\u00edzzel. Az agrok\u00e9miai munkaoldatok (m\u0171tr\u00e1gy\u00e1k, n\u00f6v\u00e9nyv\u00e9d\u0151 szerek, stimul\u00e1nsok) tapad\u00e1s\u00e1nak jav\u00edt\u00e1s\u00e1ra \u00e9s az expoz\u00edci\u00f3s id\u0151 meghosszabb\u00edt\u00e1s\u00e1ra haszn\u00e1ljon 2,5%-os oldatot (250 ml\/10 l H2O).<br \/>\n\u00d6sszet\u00e9tel: n\u00f6v\u00e9nyi olajok zs\u00edrsavainak k\u00e1liums\u00f3i, 20-25%, k\u00e1lium-hidroxid, v\u00edz, pH ~ 10.<br \/>\n\u00d3vint\u00e9zked\u00e9sre vonatkoz\u00f3 mondatok: A szappan haszn\u00e1latakor tartsa be az \u00e1ltal\u00e1nos higi\u00e9niai el\u0151\u00edr\u00e1sokat. Tartsa t\u00e1vol gyermekekt\u0151l. +5 \u00e9s +35 \u00b0C k\u00f6z\u00f6tti h\u0151m\u00e9rs\u00e9kleten t\u00e1roland\u00f3. Ne ker\u00fclj\u00f6n a szembe. Ha szembe vagy b\u0151rre ker\u00fcl, alaposan \u00f6bl\u00edtse le v\u00edzzel. Lenyel\u00e9s eset\u00e9n \u00f6bl\u00edtse ki a sz\u00e1jat, ha rosszul \u00e9rzi mag\u00e1t, forduljon orvoshoz. A tartalom\/t\u00e1rol\u00f3ed\u00e9ny \u00e9s a term\u00e9kmaradv\u00e1nyok \u00e1rtalmatlan\u00edt\u00e1sa a vonatkoz\u00f3 szab\u00e1lyoknak megfelel\u0151en.<br \/>\nHozz\u00e1vet\u0151leges term\u00e9kteljes\u00edtm\u00e9ny 10 l munkatartalom<br \/>\nGy\u00e1rt\u00f3 Organic Way<br \/>\nKiszerel\u00e9s 0500L<\/p>\n","protected":false},"featured_media":24535,"comment_status":"closed","ping_status":"closed","template":"","meta":[],"product_brand":[],"product_cat":[391,387],"product_tag":[],"class_list":{"0":"post-24534","1":"product","2":"type-product","3":"status-publish","4":"has-post-thumbnail","6":"product_cat-egyeb-tapoldatok","7":"product_cat-organic-way-tapoldatok-es-noveny-apolok","9":"first","10":"instock","11":"taxable","12":"shipping-taxable","13":"purchasable","14":"product-type-simple"},"_links":{"self":[{"href":"https:\/\/chilimag.hu\/webshop\/wp-json\/wp\/v2\/product\/24534","targetHints":{"allow":["GET"]}}],"collection":[{"href":"https:\/\/chilimag.hu\/webshop\/wp-json\/wp\/v2\/product"}],"about":[{"href":"https:\/\/chilimag.hu\/webshop\/wp-json\/wp\/v2\/types\/product"}],"replies":[{"embeddable":true,"href":"https:\/\/chilimag.hu\/webshop\/wp-json\/wp\/v2\/comments?post=24534"}],"wp:featuredmedia":[{"embeddable":true,"href":"https:\/\/chilimag.hu\/webshop\/wp-json\/wp\/v2\/media\/24535"}],"wp:attachment":[{"href":"https:\/\/chilimag.hu\/webshop\/wp-json\/wp\/v2\/media?parent=24534"}],"wp:term":[{"taxonomy":"product_brand","embeddable":true,"href":"https:\/\/chilimag.hu\/webshop\/wp-json\/wp\/v2\/product_brand?post=24534"},{"taxonomy":"product_cat","embeddable":true,"href":"https:\/\/chilimag.hu\/webshop\/wp-json\/wp\/v2\/product_cat?post=24534"},{"taxonomy":"product_tag","embeddable":true,"href":"https:\/\/chilimag.hu\/webshop\/wp-json\/wp\/v2\/product_tag?post=24534"}],"curies":[{"name":"wp","href":"https:\/\/api.w.org\/{rel}","templated":true}]}}