{"id":24532,"date":"2023-04-29T18:09:24","date_gmt":"2023-04-29T18:09:24","guid":{"rendered":"https:\/\/chilimag.hu\/webshop\/?post_type=product&#038;p=24532"},"modified":"2023-08-10T15:36:59","modified_gmt":"2023-08-10T15:36:59","slug":"stick-karokozok-ellen-sl","status":"publish","type":"product","link":"https:\/\/chilimag.hu\/webshop\/termek\/stick-karokozok-ellen-sl\/","title":{"rendered":"Stick k\u00e1rokoz\u00f3k ellen SL"},"content":{"rendered":"","protected":false},"excerpt":{"rendered":"<p>C\u00e9l: az int\u00e9zked\u00e9s a n\u00f6v\u00e9nyeket k\u00e1ros\u00edt\u00f3 rovarok \u00e9s atk\u00e1k elleni v\u00e9dekez\u00e9sre szolg\u00e1l. Mechanikusan elpuszt\u00edtja a v\u00f6r\u00f6s tak\u00e1csatk\u00e1kat, lev\u00e9ltetveket, pikkelyes rovarokat, lev\u00e9ltetveket, feh\u00e9rlegyeket, tripszeket, \u00a0a z\u00f6lds\u00e9gek, vir\u00e1gok, gy\u00fcm\u00f6lcsbokrok \u00e9s gy\u00fcm\u00f6lcsf\u00e1kat, d\u00edsz- \u00e9s t\u00e1jn\u00f6v\u00e9nyekre. A term\u00e9ket rovarirt\u00f3 \u00e9s\/vagy atka\u00f6l\u0151 szerek alternat\u00edv\u00e1jak\u00e9nt vagy seg\u00e9deszk\u00f6zek\u00e9nt haszn\u00e1lj\u00e1k.<\/p>\n<p>AZ INT\u00c9ZKED\u00c9S HASZN\u00c1LATA EL\u0150TT FIGYELMESEN OLVASSA EL A HASZN\u00c1LATI UTAS\u00cdT\u00c1ST!<\/p>\n<p>Az int\u00e9zked\u00e9s t\u00edpusa: Az int\u00e9zked\u00e9s m\u0171k\u00f6d\u00e9se a k\u00e1rtev\u0151kre gyakorolt mechanikai hat\u00e1smechanizmuson alapul. Az eszk\u00f6z k\u00fcl\u00f6nf\u00e9le szilikon polimerek kombin\u00e1ci\u00f3ja. Haszn\u00e1lat ut\u00e1n ezek a vegy\u00fcletek \u00e1tterjednek a t\u00e1pl\u00e1l\u00e9kkeres\u0151 k\u00e1rtev\u0151kre, \u00e9s polimer h\u00e1l\u00f3zatot k\u00e9peznek a test\u00fck\u00f6n. Egy ilyen szerkezet csapd\u00e1ba ejti a k\u00e1rtev\u0151ket &#8211; blokkolja mozg\u00e1sukat. Az eredm\u00e9ny az, hogy a k\u00e1rtev\u0151k abbahagyj\u00e1k a n\u00f6v\u00e9nyek t\u00e1pl\u00e1lkoz\u00e1s\u00e1t, \u00e9s elpusztulnak. Ily m\u00f3don a k\u00e1rtev\u0151ket csak mechanikusan puszt\u00edtj\u00e1k el.<\/p>\n<p>\u00d6sszet\u00e9tel: polimer szilikon \u00e9s szilox\u00e1n vegy\u00fcletek kever\u00e9ke, t\u00f6m\u00e9ny emulzi\u00f3. A szilikon kopolimer kever\u00e9kben l\u00e9v\u0151 \u00f6sszes monomer megfelel az 1907\/2006 EU rendelet regisztr\u00e1ci\u00f3s k\u00f6vetelm\u00e9nyeinek.<\/p>\n<p>Hat\u00f3anyag: polialkil\u00e9n-oxiddal m\u00f3dos\u00edtott heptametil-triszilox\u00e1n (CAS-sz\u00e1m: 67674-67-3).<\/p>\n<p>Felhaszn\u00e1l\u00e1si javaslatok: a n\u00f6v\u00e9nyeket 0,2%-os t\u00f6m\u00e9nys\u00e9g\u0171 oldattal (2 ml \/ 1 l H 2 O vagy 20 ml \/ 10 l H 2 O) permetezz\u00fck.<\/p>\n<p>\u00c1ltal\u00e1nos haszn\u00e1lati utas\u00edt\u00e1s: a term\u00e9ket akkor kell alkalmazni, amikor az els\u0151 k\u00e1rtev\u0151k \u00e9szlelhet\u0151k a n\u00f6v\u00e9nyeken. Ha sz\u00fcks\u00e9ges, ism\u00e9telje meg a permetez\u00e9st k\u00f6r\u00fclbel\u00fcl 7 nap m\u00falva vagy k\u00e9s\u0151bb. A permetez\u00e9st nagyon \u00f3vatosan kell elv\u00e9gezni. Az int\u00e9zked\u00e9s csak akkor m\u0171k\u00f6dik, ha k\u00f6zvetlen \u00e9rintkez\u00e9sbe ker\u00fcl az irtott k\u00e1rtev\u0151kkel. Nincs megel\u0151z\u0151 vagy profilaktikus hat\u00e1sa. A k\u00e9sz\u00fcl\u00e9k mechanikai jellege miatt a k\u00e1rtev\u0151kkel szembeni ellen\u00e1ll\u00e1s nem alakul ki. A teljes ter\u00fclet el\u0151k\u00e9sz\u00edt\u00e9se el\u0151tt a k\u00e9sz\u00edtm\u00e9nyt el\u0151sz\u00f6r t\u00f6bb n\u00f6v\u00e9nyen is tesztelni kell (k\u00fcl\u00f6n\u00f6sen d\u00edszn\u00f6v\u00e9nykezel\u00e9sn\u00e9l), hogy meg\u00e1llap\u00edtsuk a fitotoxicit\u00e1st. Az int\u00e9zked\u00e9snek nincs \u00e9lelmez\u00e9s-eg\u00e9szs\u00e9g\u00fcgyi v\u00e1rakoz\u00e1si ideje, mert nem tartalmaz peszticid hat\u00f3anyagokat.<\/p>\n<p>Az int\u00e9zked\u00e9s \u00f6sszekever\u00e9se: Az int\u00e9zked\u00e9s a hat\u00e9konys\u00e1g n\u00f6vel\u00e9se \u00e9rdek\u00e9ben keverhet\u0151 inszekticidekkel \u00e9s atka\u00f6l\u0151 szerekkel. Ez k\u00fcl\u00f6n\u00f6sen nagy k\u00e1rtev\u0151 popul\u00e1ci\u00f3k sz\u00e1m\u00e1ra aj\u00e1nlott. Haszn\u00e1ljon 0,1%-os koncentr\u00e1ci\u00f3t (10 ml \/ 10 l H 2 O) kever\u00e9kekben. A kever\u00e9kekhez fel\u00fcletakt\u00edv anyagokat nem szabad hozz\u00e1adni. A term\u00e9k keverhet\u0151 gomba\u00f6l\u0151 szerekkel. B\u00e1r a term\u00e9k kompatibilis m\u00e1s k\u00e1rtev\u0151irt\u00f3 szerekkel, nagyobb mennyis\u00e9g\u0171 kever\u00e9k elk\u00e9sz\u00edt\u00e9se el\u0151tt a kever\u00e9ket el\u0151sz\u00f6r kis mennyis\u00e9g\u0171 anyagokb\u00f3l k\u00e9sz\u00edtik, hogy meg\u00e1llap\u00edts\u00e1k a kever\u00e9k kompatibilit\u00e1s\u00e1t, \u00e9s a term\u00e9ket t\u00f6bb n\u00f6v\u00e9nyen tesztelni kell a fitotoxicit\u00e1s meghat\u00e1roz\u00e1s\u00e1hoz haszn\u00e1lat el\u0151tt. az el\u0151k\u00e9sz\u00edt\u00e9s nagy telkeken. Kever\u00e9kekn\u00e9l a term\u00e9ket utolj\u00e1ra \u00f6ntj\u00fck, \u00e9s az elk\u00e9sz\u00edtett kever\u00e9ket az elk\u00e9sz\u00edt\u00e9st k\u00f6vet\u0151 24 \u00f3r\u00e1n bel\u00fcl fel kell haszn\u00e1lni.<\/p>\n<p>FIGYELEM!<\/p>\n<p>Felhaszn\u00e1l\u00e1si korl\u00e1toz\u00e1sok: Ne l\u00e9pje t\u00fal az aj\u00e1nlott hat\u00e1sos koncentr\u00e1ci\u00f3t. Ne permetezze a n\u00f6v\u00e9nyeket vir\u00e1gz\u00e1s k\u00f6zben \u00e9s\/vagy a vir\u00e1gokra (vir\u00e1gzatokra) &#8211; a term\u00e9k k\u00e1ros\u00edthatja a szirmokat. Ne permetezze ehet\u0151 loncra \u00e9s sal\u00e1t\u00e1ra. Ne haszn\u00e1lja pal\u00e1nt\u00e1kon \u00e9s nagyon fiatal n\u00f6v\u00e9nyeken, mert nagy a n\u00f6v\u00e9nyk\u00e1rosod\u00e1s vesz\u00e9lye. Az int\u00e9zked\u00e9s alkalmaz\u00e1sa \u00e9s a gyomirt\u00f3 szerek alkalmaz\u00e1sa k\u00f6z\u00f6tt 7 napnak kell lennie. A term\u00e9k harmadik \u00e9s negyedik alkalmaz\u00e1sa k\u00f6z\u00f6tt 2 h\u00e9tnek kell lennie. Ne permetezzen, ha 4-6 \u00f3ra m\u00falva v\u00e1rhat\u00f3 es\u0151. Ker\u00fclje az \u00e1tfed\u0151 permetez\u0151 ter\u00fcleteket. Permetezzen sz\u00e9lcsendes napon, reggel, este vagy bor\u00fas id\u0151ben +20 \u00b0C-ot meg nem halad\u00f3 h\u0151m\u00e9rs\u00e9kleten. B\u00e1r a term\u00e9k nem jelenthet elfogadhatatlan kock\u00e1zatot a m\u00e9hekre, nem javasolt a k\u00e9sz\u00edtm\u00e9ny haszn\u00e1lata a m\u00e9hek etet\u00e9se sor\u00e1n kezelt helyen. n\u00f6v\u00e9nyek.<\/p>\n<p>Figyelmeztet\u0151 mondatok: S\u00falyos szemirrit\u00e1ci\u00f3t okoz. Bel\u00e9legezve \u00e1rtalmas. M\u00e9rgez\u0151 a v\u00edzi szervezetekre, a v\u00edzi k\u00f6rnyezetben hosszan tart\u00f3 k\u00e1rosod\u00e1st okozhat. \u00d3vint\u00e9zked\u00e9sre vonatkoz\u00f3 mondatok: Gyermekek el\u0151l elz\u00e1rva tartand\u00f3. Ker\u00fclje a k\u00f6d\/g\u0151z\/permet bel\u00e9legz\u00e9s\u00e9t. Nedvess\u00e9gt\u0151l \u00e9s napf\u00e9nyt\u0151l v\u00e9deni kell. Tartsa t\u00e1vol a k\u00f6rnyezetbe jut\u00e1st\u00f3l. Viseljen v\u00e9d\u0151keszty\u0171t, v\u00e9d\u0151ruh\u00e1zatot, szem(arc)v\u00e9d\u0151t. Haszn\u00e1lat ut\u00e1n alaposan mosson kezet szappannal. Ne egyen, igyon vagy doh\u00e1nyozzon, amikor a term\u00e9kkel dolgozik. BEL\u00c9GZ\u00c9S: A s\u00e9r\u00fcltet friss leveg\u0151re kell vinni \u00e9s olyan nyugalmi testhelyzetbe kell helyezni, hogy k\u00f6nnyen tudjon l\u00e9legezni, azonnal forduljon orvoshoz. HA SZEM \u00c9RINT: Azonnal \u00f6bl\u00edtse le b\u0151 v\u00edzzel legal\u00e1bb 15 percig. ha a szemirrit\u00e1ci\u00f3 nem m\u00falik el: forduljon orvoshoz. HA B\u0150RRE KER\u00dcL: Mossa le szappannal \u00e9s v\u00edzzel; gyorsan megszabadulni a szennyezett ruh\u00e1zatt\u00f3l; b\u0151rirrit\u00e1ci\u00f3 eset\u00e9n: forduljon orvoshoz. LENYEL\u00c9S ESET\u00c9N: Rosszull\u00e9t eset\u00e9n forduljon TOXIKOL\u00d3GIAI K\u00d6ZPONTHOZ vagy orvoshoz a +370 5 236 2052 telefonsz\u00e1mon vagy forduljon orvoshoz; \u00f6bl\u00edtse ki a sz\u00e1jat; Ne h\u00e1nytasd magad. 0 \u00e9s +35 \u00b0C k\u00f6z\u00f6tt t\u00e1roland\u00f3. Ruh\u00e1zatt\u00f3l, vegyszerekt\u0151l \u00e9s gy\u00fal\u00e9kony anyagokt\u00f3l, gy\u00f3gyszerekt\u0151l \u00e9s kozmetikumokt\u00f3l t\u00e1vol kell tartani (t\u00e1rolni). \u00c9lelmiszert\u0151l, italt\u00f3l, takarm\u00e1nyt\u00f3l \u00e9s m\u0171tr\u00e1gy\u00e1t\u00f3l t\u00e1vol tartand\u00f3. Gy\u0171jtse \u00f6ssze a ki\u00f6ml\u00f6tt anyagot. Ne engedje talajba, csatorn\u00e1ba, talajba vagy felsz\u00edni vizekbe jutni. A tartalom \/ tart\u00e1ly \u00e1rtalmatlan\u00edt\u00e1sa.<\/p>\n<p>A tartalom\/tart\u00e1ly \u00e1rtalmatlan\u00edt\u00e1sa az erre feljogos\u00edtott hullad\u00e9klerak\u00f3 telephelyen t\u00f6rt\u00e9njen.<\/p>\n<p>sz\u00e1m\u00fa t\u00e9tel \u00e9s a gy\u00e1rt\u00e1s d\u00e1tuma (csomagol\u00e1s): l\u00e1sd a csomagol\u00e1son. Fizikai v\u00e1ltoz\u00e1sok eset\u00e9n a m\u0171tr\u00e1gya t\u00e1panyag-tulajdons\u00e1gai nem v\u00e1ltoznak. A m\u0171tr\u00e1gya sz\u00e1razon \u00e9s k\u00f6zvetlen napf\u00e9nyt\u0151l v\u00e9dve tart\u00e1s\u00e1val az \u00e9lettartam korl\u00e1tlan.<\/p>\n<p>Gy\u00e1rt\u00f3: UAB \u201eS\u0117klos\u201c mez\u0151gazdas\u00e1gi c\u00e9g, Mol\u0117t\u0173 u. 13-1, Did\u017eiosios Rie\u0161\u0117s falu, LT-14262 Vilnius j\u00e1r\u00e1s, Litv\u00e1nia, tel. +370 5 270 9020, e-mail info@seklos.lt; www.seklos.lt.<\/p>\n<p>Kiszerel\u00e9s: 20 ml (1 x 18).<\/p>\n<p>Hozz\u00e1vet\u0151leges term\u00e9kmennyis\u00e9g 10 ml &#8211; 6,5 l munkaoldat<br \/>\nGy\u00e1rt\u00f3 Agronom<br \/>\nKiszerel\u00e9s 20 ml<\/p>\n","protected":false},"featured_media":24533,"comment_status":"closed","ping_status":"closed","template":"","meta":[],"product_brand":[],"product_cat":[388,340],"product_tag":[],"class_list":{"0":"post-24532","1":"product","2":"type-product","3":"status-publish","4":"has-post-thumbnail","6":"product_cat-agronom-tapoldatok-es-noveny-apolok","7":"product_cat-kartevo-csapdak","9":"first","10":"instock","11":"taxable","12":"shipping-taxable","13":"purchasable","14":"product-type-simple"},"_links":{"self":[{"href":"https:\/\/chilimag.hu\/webshop\/wp-json\/wp\/v2\/product\/24532","targetHints":{"allow":["GET"]}}],"collection":[{"href":"https:\/\/chilimag.hu\/webshop\/wp-json\/wp\/v2\/product"}],"about":[{"href":"https:\/\/chilimag.hu\/webshop\/wp-json\/wp\/v2\/types\/product"}],"replies":[{"embeddable":true,"href":"https:\/\/chilimag.hu\/webshop\/wp-json\/wp\/v2\/comments?post=24532"}],"wp:featuredmedia":[{"embeddable":true,"href":"https:\/\/chilimag.hu\/webshop\/wp-json\/wp\/v2\/media\/24533"}],"wp:attachment":[{"href":"https:\/\/chilimag.hu\/webshop\/wp-json\/wp\/v2\/media?parent=24532"}],"wp:term":[{"taxonomy":"product_brand","embeddable":true,"href":"https:\/\/chilimag.hu\/webshop\/wp-json\/wp\/v2\/product_brand?post=24532"},{"taxonomy":"product_cat","embeddable":true,"href":"https:\/\/chilimag.hu\/webshop\/wp-json\/wp\/v2\/product_cat?post=24532"},{"taxonomy":"product_tag","embeddable":true,"href":"https:\/\/chilimag.hu\/webshop\/wp-json\/wp\/v2\/product_tag?post=24532"}],"curies":[{"name":"wp","href":"https:\/\/api.w.org\/{rel}","templated":true}]}}