{"id":24530,"date":"2023-04-29T05:15:49","date_gmt":"2023-04-29T05:15:49","guid":{"rendered":"https:\/\/chilimag.hu\/webshop\/?post_type=product&#038;p=24530"},"modified":"2026-03-29T16:16:35","modified_gmt":"2026-03-29T16:16:35","slug":"mezontofu-varadicslevelu-stala-sl","status":"publish","type":"product","link":"https:\/\/chilimag.hu\/webshop\/termek\/mezontofu-varadicslevelu-stala-sl\/","title":{"rendered":"M\u00e9zont\u00f3f\u0171 var\u00e1dicslevel\u0171 Stala SL"},"content":{"rendered":"","protected":false},"excerpt":{"rendered":"<p><img decoding=\"async\" class=\"active-logo\" src=\"https:\/\/b2b.seklos.lt\/themes\/warehouse\/img\/logo_en.png\" alt=\"Agrofirma S\u0117klos, UAB\" width=\"280\" height=\"95\" \/><\/p>\n<p>Egyny\u00e1ri, k\u00fcl\u00f6n\u00f6sen f\u00e1s sz\u00e1r\u00fa n\u00f6v\u00e9ny, 30\u201370 cm magas. K\u00f6r\u00fclbel\u00fcl 30 napig vir\u00e1gzik dekorat\u00edv k\u00e9k vir\u00e1gokkal. A legjobban term\u00e9keny, k\u00f6zepesen neh\u00e9z talajokon fejl\u0151dik. A z\u00f6lds\u00e9gek \u00e9s f\u0171szern\u00f6v\u00e9nyek j\u00f3l illeszkednek a fac\u00e9li\u00e1s talajba. A faceli\u00e1k takarm\u00e1nyoz\u00e1sra is haszn\u00e1lhat\u00f3k harangn\u00f6v\u00e9nyekkel vagy h\u00fcvelyesekkel keverve. \u00c1prilisban, majd minden h\u00f3nap elej\u00e9n \u00e9s j\u00falius v\u00e9g\u00e9n egybef\u00fcgg\u0151 lonc sz\u00e1ll\u00edt\u00f3szalag alak\u00edthat\u00f3 ki okt\u00f3berig.<br \/>\nK\u00f6r\u00fclbel\u00fcl 100 g vet\u0151mag sz\u00fcks\u00e9ges 50-80 m2 ter\u00fclet elvet\u00e9s\u00e9hez.<br \/>\nC\u00e9l Egyszeri\/monomi\u00e1lis<br \/>\nGy\u00e1rt\u00f3 S\u0116KLOS LT<br \/>\nKiszerel\u00e9s 0,1 kg<\/p>\n","protected":false},"featured_media":24531,"comment_status":"closed","ping_status":"closed","template":"","meta":[],"product_brand":[],"product_cat":[471],"product_tag":[],"class_list":{"0":"post-24530","1":"product","2":"type-product","3":"status-publish","4":"has-post-thumbnail","6":"product_cat-fu-es-mezogazdasagi-vetomagok","8":"first","9":"instock","10":"taxable","11":"shipping-taxable","12":"purchasable","13":"product-type-simple"},"_links":{"self":[{"href":"https:\/\/chilimag.hu\/webshop\/wp-json\/wp\/v2\/product\/24530","targetHints":{"allow":["GET"]}}],"collection":[{"href":"https:\/\/chilimag.hu\/webshop\/wp-json\/wp\/v2\/product"}],"about":[{"href":"https:\/\/chilimag.hu\/webshop\/wp-json\/wp\/v2\/types\/product"}],"replies":[{"embeddable":true,"href":"https:\/\/chilimag.hu\/webshop\/wp-json\/wp\/v2\/comments?post=24530"}],"wp:featuredmedia":[{"embeddable":true,"href":"https:\/\/chilimag.hu\/webshop\/wp-json\/wp\/v2\/media\/24531"}],"wp:attachment":[{"href":"https:\/\/chilimag.hu\/webshop\/wp-json\/wp\/v2\/media?parent=24530"}],"wp:term":[{"taxonomy":"product_brand","embeddable":true,"href":"https:\/\/chilimag.hu\/webshop\/wp-json\/wp\/v2\/product_brand?post=24530"},{"taxonomy":"product_cat","embeddable":true,"href":"https:\/\/chilimag.hu\/webshop\/wp-json\/wp\/v2\/product_cat?post=24530"},{"taxonomy":"product_tag","embeddable":true,"href":"https:\/\/chilimag.hu\/webshop\/wp-json\/wp\/v2\/product_tag?post=24530"}],"curies":[{"name":"wp","href":"https:\/\/api.w.org\/{rel}","templated":true}]}}