{"id":24515,"date":"2023-04-28T18:48:27","date_gmt":"2023-04-28T18:48:27","guid":{"rendered":"https:\/\/chilimag.hu\/webshop\/?post_type=product&#038;p=24515"},"modified":"2026-02-16T16:54:11","modified_gmt":"2026-02-16T16:54:11","slug":"retek-saxa-2-sl-ow","status":"publish","type":"product","link":"https:\/\/chilimag.hu\/webshop\/termek\/retek-saxa-2-sl-ow\/","title":{"rendered":"Retek Saxa 2 SL OW"},"content":{"rendered":"","protected":false},"excerpt":{"rendered":"<div><img decoding=\"async\" class=\"active-logo\" src=\"https:\/\/b2b.seklos.lt\/themes\/warehouse\/img\/logo_en.png\" alt=\"Agrofirma S\u0117klos, UAB\" width=\"280\" height=\"95\" \/><\/div>\n<div class=\"rte\">Korai fajta, 22-25 napon bel\u00fcl megn\u00f6vekszik. A gy\u00f6k\u00e9rn\u00f6v\u00e9nyek pirosak, l\u00e9d\u00fasak, \u00edzletesek. Korai betakar\u00edt\u00e1shoz \u00fcvegh\u00e1zban termeszthet\u0151, ny\u00e1ri \u00e9s \u0151szi betakar\u00edt\u00e1skor szabadba vethet\u0151. Term\u00e9keny talajban j\u00f3l n\u0151, \u00f6nt\u00f6zni kell.<br \/>\nKiszerel\u00e9s egy csomagban 2 g<br \/>\nVet\u00e9sid\u0151, m\u00e9lys\u00e9g 2 cm<br \/>\n\u00dcltet\u00e9si t\u00e1vols\u00e1gok 10 x 3 cm<br \/>\nSz\u00fcret IV\u2013VI, IX<br \/>\nVet\u00e9sid\u0151 a talajban IV\u2013V, VIII<br \/>\nVet\u00e9sid\u0151 \u00fcvegh\u00e1zban III\u2013IV<br \/>\nGy\u00e1rt\u00f3 Organic Way<br \/>\nMagok sz\u00e1ma a csomagban, db. 70-130<\/div>\n<p>&nbsp;<\/p>\n","protected":false},"featured_media":24516,"comment_status":"closed","ping_status":"closed","template":"","meta":[],"product_brand":[],"product_cat":[354],"product_tag":[],"class_list":{"0":"post-24515","1":"product","2":"type-product","3":"status-publish","4":"has-post-thumbnail","6":"product_cat-organic-way","8":"first","9":"instock","10":"taxable","11":"shipping-taxable","12":"purchasable","13":"product-type-simple"},"_links":{"self":[{"href":"https:\/\/chilimag.hu\/webshop\/wp-json\/wp\/v2\/product\/24515","targetHints":{"allow":["GET"]}}],"collection":[{"href":"https:\/\/chilimag.hu\/webshop\/wp-json\/wp\/v2\/product"}],"about":[{"href":"https:\/\/chilimag.hu\/webshop\/wp-json\/wp\/v2\/types\/product"}],"replies":[{"embeddable":true,"href":"https:\/\/chilimag.hu\/webshop\/wp-json\/wp\/v2\/comments?post=24515"}],"wp:featuredmedia":[{"embeddable":true,"href":"https:\/\/chilimag.hu\/webshop\/wp-json\/wp\/v2\/media\/24516"}],"wp:attachment":[{"href":"https:\/\/chilimag.hu\/webshop\/wp-json\/wp\/v2\/media?parent=24515"}],"wp:term":[{"taxonomy":"product_brand","embeddable":true,"href":"https:\/\/chilimag.hu\/webshop\/wp-json\/wp\/v2\/product_brand?post=24515"},{"taxonomy":"product_cat","embeddable":true,"href":"https:\/\/chilimag.hu\/webshop\/wp-json\/wp\/v2\/product_cat?post=24515"},{"taxonomy":"product_tag","embeddable":true,"href":"https:\/\/chilimag.hu\/webshop\/wp-json\/wp\/v2\/product_tag?post=24515"}],"curies":[{"name":"wp","href":"https:\/\/api.w.org\/{rel}","templated":true}]}}