{"id":24513,"date":"2023-04-28T18:43:38","date_gmt":"2023-04-28T18:43:38","guid":{"rendered":"https:\/\/chilimag.hu\/webshop\/?post_type=product&#038;p=24513"},"modified":"2026-01-23T11:02:55","modified_gmt":"2026-01-23T11:02:55","slug":"sutotok-marina-di-chioggia-sl-ow","status":"publish","type":"product","link":"https:\/\/chilimag.hu\/webshop\/termek\/sutotok-marina-di-chioggia-sl-ow\/","title":{"rendered":"S\u00fct\u0151t\u00f6k Marina Di Chioggia SL OW"},"content":{"rendered":"","protected":false},"excerpt":{"rendered":"<p><img decoding=\"async\" class=\"active-logo\" src=\"https:\/\/b2b.seklos.lt\/themes\/warehouse\/img\/logo_en.png\" alt=\"Agrofirma S\u0117klos, UAB\" width=\"280\" height=\"95\" \/><\/p>\n<p>K\u00e9s\u0151i fajta. Laposan kerek gy\u00fcm\u00f6lcs, sz\u00fcrk\u00e9sz\u00f6ld, csom\u00f3s h\u00e9j\u00fa. 5 kg-os gy\u00fcm\u00f6lcs\u00f6t terem. Narancss\u00e1rga, \u00e9des h\u00fas\u00fa. A korai betakar\u00edt\u00e1s \u00e9lvezet\u00e9hez cs\u00e9sz\u00e9kben kell cs\u00edr\u00e1ztatni. Frissen, p\u00e1rolva, f\u0151zve \u00e9s s\u00fctve is fogyaszthat\u00f3.<br \/>\nSz\u00fcret VII\u2013VIII<br \/>\nGy\u00e1rt\u00f3 Organic Way<\/p>\n","protected":false},"featured_media":24514,"comment_status":"closed","ping_status":"closed","template":"","meta":[],"product_brand":[],"product_cat":[354],"product_tag":[],"class_list":{"0":"post-24513","1":"product","2":"type-product","3":"status-publish","4":"has-post-thumbnail","6":"product_cat-organic-way","8":"first","9":"instock","10":"taxable","11":"shipping-taxable","12":"purchasable","13":"product-type-simple"},"_links":{"self":[{"href":"https:\/\/chilimag.hu\/webshop\/wp-json\/wp\/v2\/product\/24513","targetHints":{"allow":["GET"]}}],"collection":[{"href":"https:\/\/chilimag.hu\/webshop\/wp-json\/wp\/v2\/product"}],"about":[{"href":"https:\/\/chilimag.hu\/webshop\/wp-json\/wp\/v2\/types\/product"}],"replies":[{"embeddable":true,"href":"https:\/\/chilimag.hu\/webshop\/wp-json\/wp\/v2\/comments?post=24513"}],"wp:featuredmedia":[{"embeddable":true,"href":"https:\/\/chilimag.hu\/webshop\/wp-json\/wp\/v2\/media\/24514"}],"wp:attachment":[{"href":"https:\/\/chilimag.hu\/webshop\/wp-json\/wp\/v2\/media?parent=24513"}],"wp:term":[{"taxonomy":"product_brand","embeddable":true,"href":"https:\/\/chilimag.hu\/webshop\/wp-json\/wp\/v2\/product_brand?post=24513"},{"taxonomy":"product_cat","embeddable":true,"href":"https:\/\/chilimag.hu\/webshop\/wp-json\/wp\/v2\/product_cat?post=24513"},{"taxonomy":"product_tag","embeddable":true,"href":"https:\/\/chilimag.hu\/webshop\/wp-json\/wp\/v2\/product_tag?post=24513"}],"curies":[{"name":"wp","href":"https:\/\/api.w.org\/{rel}","templated":true}]}}