{"id":24507,"date":"2023-04-27T17:22:07","date_gmt":"2023-04-27T17:22:07","guid":{"rendered":"https:\/\/chilimag.hu\/webshop\/?post_type=product&#038;p=24507"},"modified":"2025-09-06T17:02:00","modified_gmt":"2025-09-06T17:02:00","slug":"spenot-amador-z-s-sl","status":"publish","type":"product","link":"https:\/\/chilimag.hu\/webshop\/termek\/spenot-amador-z-s-sl\/","title":{"rendered":"Spen\u00f3t Amador Hibrid Z.S SL"},"content":{"rendered":"","protected":false},"excerpt":{"rendered":"<p><img decoding=\"async\" class=\"active-logo\" src=\"https:\/\/b2b.seklos.lt\/themes\/warehouse\/img\/logo_en.png\" alt=\"Agrofirma S\u0117klos, UAB\" width=\"280\" height=\"95\" \/><\/p>\n<p>Korai, nagy hozam\u00fa \u00e9s gyorsan n\u00f6v\u0151 hibrid fajta, ellen\u00e1ll a lisztharmatnak. A n\u00f6v\u00e9nyek d\u00fasak, ov\u00e1lis, h\u00fasos, s\u00f6t\u00e9tz\u00f6ld levelekkel. A hibridet ny\u00e1ri \u00e9s \u0151szi betakar\u00edt\u00e1sra vetik. A spen\u00f3t levelei \u00e9rt\u00e9kesek a vitaminok, \u00e1sv\u00e1nyi anyagok \u00e9s egy\u00e9b, a szervezet sz\u00e1m\u00e1ra sz\u00fcks\u00e9ges t\u00e1panyagok szempontj\u00e1b\u00f3l: C-, K-, A-, B-csoport, kalcium, folsav, vas.<br \/>\nMennyis\u00e9g egy csomagban 5 g<br \/>\nGy\u00e1rt\u00f3 \u017dalia stotel\u0117<\/p>\n","protected":false},"featured_media":24508,"comment_status":"closed","ping_status":"closed","template":"","meta":[],"product_brand":[],"product_cat":[357],"product_tag":[],"class_list":{"0":"post-24507","1":"product","2":"type-product","3":"status-publish","4":"has-post-thumbnail","6":"product_cat-retek-salata-es-levelzoldseg-vetomagok","8":"first","9":"instock","10":"taxable","11":"shipping-taxable","12":"purchasable","13":"product-type-simple"},"_links":{"self":[{"href":"https:\/\/chilimag.hu\/webshop\/wp-json\/wp\/v2\/product\/24507","targetHints":{"allow":["GET"]}}],"collection":[{"href":"https:\/\/chilimag.hu\/webshop\/wp-json\/wp\/v2\/product"}],"about":[{"href":"https:\/\/chilimag.hu\/webshop\/wp-json\/wp\/v2\/types\/product"}],"replies":[{"embeddable":true,"href":"https:\/\/chilimag.hu\/webshop\/wp-json\/wp\/v2\/comments?post=24507"}],"wp:featuredmedia":[{"embeddable":true,"href":"https:\/\/chilimag.hu\/webshop\/wp-json\/wp\/v2\/media\/24508"}],"wp:attachment":[{"href":"https:\/\/chilimag.hu\/webshop\/wp-json\/wp\/v2\/media?parent=24507"}],"wp:term":[{"taxonomy":"product_brand","embeddable":true,"href":"https:\/\/chilimag.hu\/webshop\/wp-json\/wp\/v2\/product_brand?post=24507"},{"taxonomy":"product_cat","embeddable":true,"href":"https:\/\/chilimag.hu\/webshop\/wp-json\/wp\/v2\/product_cat?post=24507"},{"taxonomy":"product_tag","embeddable":true,"href":"https:\/\/chilimag.hu\/webshop\/wp-json\/wp\/v2\/product_tag?post=24507"}],"curies":[{"name":"wp","href":"https:\/\/api.w.org\/{rel}","templated":true}]}}