{"id":24503,"date":"2023-04-27T17:15:25","date_gmt":"2023-04-27T17:15:25","guid":{"rendered":"https:\/\/chilimag.hu\/webshop\/?post_type=product&#038;p=24503"},"modified":"2025-08-31T10:08:52","modified_gmt":"2025-08-31T10:08:52","slug":"spenot-geant-dhiver-z-s-sl","status":"publish","type":"product","link":"https:\/\/chilimag.hu\/webshop\/termek\/spenot-geant-dhiver-z-s-sl\/","title":{"rendered":"Spen\u00f3t Geant D&#8217;hiver Z.S SL"},"content":{"rendered":"","protected":false},"excerpt":{"rendered":"<p><img decoding=\"async\" class=\"active-logo\" src=\"https:\/\/b2b.seklos.lt\/themes\/warehouse\/img\/logo_en.png\" alt=\"Agrofirma S\u0117klos, UAB\" width=\"280\" height=\"95\" \/><\/p>\n<p>K\u00f6z\u00e9pkorai, magas hozam\u00fa fajta. Kora tavasszal vetve, ha a ny\u00e1r k\u00f6zep\u00e9n elvetj\u00fck, akkor a betakar\u00edt\u00e1s gy\u00e9r lesz. A korai spen\u00f3t betakar\u00edt\u00e1shoz \u0151sszel vetik. A spen\u00f3t az egyik leg\u00e9rt\u00e9kesebb z\u00f6lds\u00e9g: leveleit sal\u00e1t\u00e1khoz, zabk\u00e1sak\u00e1shoz, levesekhez haszn\u00e1lj\u00e1k, t\u00e9lre tart\u00f3s\u00edthatjuk. T\u00e1pl\u00e1lkoz\u00e1si tulajdons\u00e1gai miatt nagyon alkalmas gyermekek \u00e9s di\u00e9t\u00e1s \u00e9lelmiszerek sz\u00e1m\u00e1ra. Term\u00e9keny talajban n\u0151 a legjobban.<br \/>\nB \u00e1rcsoport<br \/>\nKiszerel\u00e9s egy csomagban 3 g<br \/>\nMagok sz\u00e1ma grammonk\u00e9nt K\u00f6r\u00fclbel\u00fcl 100 mag<br \/>\n\u00dcltet\u00e9si t\u00e1vols\u00e1gok 15 x 20 cm<br \/>\nSz\u00fcret IV\u2013V, IX\u2013X<br \/>\nNapos hely Igen<br \/>\nF\u00e9l\u00e1rny\u00e9k Igen<br \/>\nTermeszt\u00e9si hely \u00dcvegh\u00e1zban, sz\u00e1nt\u00f3f\u00f6ld\u00f6n<br \/>\nElk\u00e9sz\u00edt\u00e9si m\u00f3dszerek H\u0171t\u00e9s, Konzerv\u00e1l\u00e1s<br \/>\nA fajta korai \u00e9r\u00e9se M\u00e9rs\u00e9kelten korai<br \/>\nVet\u00e9sid\u0151 a talajban VIII\u2013IX, III\u2013IV<br \/>\nVet\u00e9sid\u0151 \u00fcvegh\u00e1zban III-IV<br \/>\nGy\u00e1rt\u00f3 \u017dalia stotel\u0117<\/p>\n","protected":false},"featured_media":24504,"comment_status":"closed","ping_status":"closed","template":"","meta":[],"product_brand":[],"product_cat":[357],"product_tag":[],"class_list":{"0":"post-24503","1":"product","2":"type-product","3":"status-publish","4":"has-post-thumbnail","6":"product_cat-retek-salata-es-levelzoldseg-vetomagok","8":"first","9":"instock","10":"taxable","11":"shipping-taxable","12":"purchasable","13":"product-type-simple"},"_links":{"self":[{"href":"https:\/\/chilimag.hu\/webshop\/wp-json\/wp\/v2\/product\/24503","targetHints":{"allow":["GET"]}}],"collection":[{"href":"https:\/\/chilimag.hu\/webshop\/wp-json\/wp\/v2\/product"}],"about":[{"href":"https:\/\/chilimag.hu\/webshop\/wp-json\/wp\/v2\/types\/product"}],"replies":[{"embeddable":true,"href":"https:\/\/chilimag.hu\/webshop\/wp-json\/wp\/v2\/comments?post=24503"}],"wp:featuredmedia":[{"embeddable":true,"href":"https:\/\/chilimag.hu\/webshop\/wp-json\/wp\/v2\/media\/24504"}],"wp:attachment":[{"href":"https:\/\/chilimag.hu\/webshop\/wp-json\/wp\/v2\/media?parent=24503"}],"wp:term":[{"taxonomy":"product_brand","embeddable":true,"href":"https:\/\/chilimag.hu\/webshop\/wp-json\/wp\/v2\/product_brand?post=24503"},{"taxonomy":"product_cat","embeddable":true,"href":"https:\/\/chilimag.hu\/webshop\/wp-json\/wp\/v2\/product_cat?post=24503"},{"taxonomy":"product_tag","embeddable":true,"href":"https:\/\/chilimag.hu\/webshop\/wp-json\/wp\/v2\/product_tag?post=24503"}],"curies":[{"name":"wp","href":"https:\/\/api.w.org\/{rel}","templated":true}]}}