{"id":24500,"date":"2023-04-27T15:30:08","date_gmt":"2023-04-27T15:30:08","guid":{"rendered":"https:\/\/chilimag.hu\/webshop\/?post_type=product&#038;p=24500"},"modified":"2026-02-16T16:45:28","modified_gmt":"2026-02-16T16:45:28","slug":"parejlorom-dock-z-s-sl","status":"publish","type":"product","link":"https:\/\/chilimag.hu\/webshop\/termek\/parejlorom-dock-z-s-sl\/","title":{"rendered":"Par\u00e9jl\u00f3rom Dock Z.S SL"},"content":{"rendered":"","protected":false},"excerpt":{"rendered":"<p><img decoding=\"async\" class=\"active-logo\" src=\"https:\/\/b2b.seklos.lt\/themes\/warehouse\/img\/logo_en.png\" alt=\"Agrofirma S\u0117klos, UAB\" width=\"280\" height=\"95\" \/><\/p>\n<p>\u00c9vel\u0151, sz\u00e1razs\u00e1gt\u0171r\u0151, t\u00e9l\u00e1ll\u00f3 n\u00f6v\u00e9nyek. Az els\u0151 levelek kora tavasszal, a h\u00f3 elolvad\u00e1sa ut\u00e1n jelennek meg, \u00e9s sokkal nagyobbak a k\u00f6z\u00f6ns\u00e9ges s\u00f3sk\u00e1hoz k\u00e9pest. A n\u00f6v\u00e9nyek 0,8-1,5 m magasra n\u0151nek. A n\u00f6v\u00e9nyek fiatal leveleit fogyasztj\u00e1k. Magas a t\u00e1p\u00e9rt\u00e9k\u00fck, sok vitamint \u00e9s \u00e1sv\u00e1nyi anyagot tartalmaznak, kev\u00e9s ox\u00e1lsavat tartalmaznak. Alkalmas sal\u00e1t\u00e1nak, levesnek, t\u00f6ltel\u00e9knek, fagyaszthat\u00f3 vagy tart\u00f3s\u00edthat\u00f3, mint a k\u00f6z\u00f6ns\u00e9ges s\u00f3ska.<\/p>\n<p>E \u00e1rcsoport<br \/>\nEgy csomagban l\u00e9v\u0151 mennyis\u00e9g 1 g<br \/>\nMagok sz\u00e1ma grammonk\u00e9nt K\u00f6r\u00fclbel\u00fcl 350 mag<br \/>\n\u00dcltet\u00e9si t\u00e1vols\u00e1gok 35&#215;7 cm<br \/>\nSz\u00fcret IV-IX<br \/>\nNapos hely Igen<br \/>\nTerm\u0151f\u00f6ld<br \/>\nElk\u00e9sz\u00edt\u00e9si m\u00f3dszerek H\u0171t\u00e9s, Konzerv\u00e1l\u00e1s<br \/>\nA fajta korai ideje Korai<br \/>\nVet\u00e9sid\u0151 talajban VIII, IV-V<br \/>\nGy\u00e1rt\u00f3 \u017dalia stotel\u0117<\/p>\n","protected":false},"featured_media":24501,"comment_status":"closed","ping_status":"closed","template":"","meta":[],"product_brand":[],"product_cat":[357],"product_tag":[],"class_list":{"0":"post-24500","1":"product","2":"type-product","3":"status-publish","4":"has-post-thumbnail","6":"product_cat-retek-salata-es-levelzoldseg-vetomagok","8":"first","9":"instock","10":"taxable","11":"shipping-taxable","12":"purchasable","13":"product-type-simple"},"_links":{"self":[{"href":"https:\/\/chilimag.hu\/webshop\/wp-json\/wp\/v2\/product\/24500","targetHints":{"allow":["GET"]}}],"collection":[{"href":"https:\/\/chilimag.hu\/webshop\/wp-json\/wp\/v2\/product"}],"about":[{"href":"https:\/\/chilimag.hu\/webshop\/wp-json\/wp\/v2\/types\/product"}],"replies":[{"embeddable":true,"href":"https:\/\/chilimag.hu\/webshop\/wp-json\/wp\/v2\/comments?post=24500"}],"wp:featuredmedia":[{"embeddable":true,"href":"https:\/\/chilimag.hu\/webshop\/wp-json\/wp\/v2\/media\/24501"}],"wp:attachment":[{"href":"https:\/\/chilimag.hu\/webshop\/wp-json\/wp\/v2\/media?parent=24500"}],"wp:term":[{"taxonomy":"product_brand","embeddable":true,"href":"https:\/\/chilimag.hu\/webshop\/wp-json\/wp\/v2\/product_brand?post=24500"},{"taxonomy":"product_cat","embeddable":true,"href":"https:\/\/chilimag.hu\/webshop\/wp-json\/wp\/v2\/product_cat?post=24500"},{"taxonomy":"product_tag","embeddable":true,"href":"https:\/\/chilimag.hu\/webshop\/wp-json\/wp\/v2\/product_tag?post=24500"}],"curies":[{"name":"wp","href":"https:\/\/api.w.org\/{rel}","templated":true}]}}