{"id":24470,"date":"2023-04-25T18:45:35","date_gmt":"2023-04-25T18:45:35","guid":{"rendered":"https:\/\/chilimag.hu\/webshop\/?post_type=product&#038;p=24470"},"modified":"2026-04-28T16:18:54","modified_gmt":"2026-04-28T16:18:54","slug":"sargarepa-favorit-z-s-sl","status":"publish","type":"product","link":"https:\/\/chilimag.hu\/webshop\/termek\/sargarepa-favorit-z-s-sl\/","title":{"rendered":"S\u00e1rgar\u00e9pa Favorit Z.S SL"},"content":{"rendered":"","protected":false},"excerpt":{"rendered":"<p><img decoding=\"async\" class=\"active-logo\" src=\"https:\/\/b2b.seklos.lt\/themes\/warehouse\/img\/logo_en.png\" alt=\"Agrofirma S\u0117klos, UAB\" width=\"280\" height=\"95\" \/><\/p>\n<p>K\u00e9s\u0151i, nagy hozam\u00fa \u2019Nantes\u2019 t\u00edpus\u00fa fajta. A veget\u00e1ci\u00f3s id\u0151szak 140-150 nap. Gy\u00f6kerei \u00e9l\u00e9nk narancss\u00e1rga sz\u00edn\u0171ek, 16-18 cm hossz\u00faak, l\u00e9d\u00fasak, n\u00f6veked\u00e9skor nem emelkednek fel, ez\u00e9rt nem z\u00f6ld\u00fclnek ki. A fajta g\u00e9pi betakar\u00edt\u00e1sra alkalmas. Friss fogyaszt\u00e1sra, feldolgoz\u00e1sra \u00e9s t\u00e9li t\u00e1rol\u00e1sra alkalmas. M\u0171velt, humuszban gazdag, nem \u00e1t\u00e1zott k\u00f6nny\u0171 v\u00e1lyog vagy homokos v\u00e1lyog talajban n\u0151 a legjobban.<br \/>\nB \u00e1rcsoport<br \/>\nKiszerel\u00e9s egy csomagban 3 g<br \/>\nMagok sz\u00e1ma grammonk\u00e9nt K\u00f6r\u00fclbel\u00fcl 800-1000 mag<br \/>\n\u00dcltet\u00e9si t\u00e1vols\u00e1gok 25 x 5 cm<br \/>\nSz\u00fcret IX\u2013X<br \/>\nNapos hely Igen<br \/>\nTerm\u0151f\u00f6ld<br \/>\nElk\u00e9sz\u00edt\u00e9si m\u00f3dszerek H\u0171t\u00e9s, Konzerv\u00e1l\u00e1s<br \/>\nA fajta korai megjelen\u00e9se K\u00e9s\u0151i<br \/>\nVet\u00e9sid\u0151 a talajban IV-V, X<br \/>\nGy\u00e1rt\u00f3 \u017dalia stotel\u0117<\/p>\n","protected":false},"featured_media":24471,"comment_status":"closed","ping_status":"closed","template":"","meta":[],"product_brand":[],"product_cat":[408],"product_tag":[],"class_list":{"0":"post-24470","1":"product","2":"type-product","3":"status-publish","4":"has-post-thumbnail","6":"product_cat-zoldseg-vetomagok-zalia-stotele","8":"first","9":"instock","10":"taxable","11":"shipping-taxable","12":"purchasable","13":"product-type-simple"},"_links":{"self":[{"href":"https:\/\/chilimag.hu\/webshop\/wp-json\/wp\/v2\/product\/24470","targetHints":{"allow":["GET"]}}],"collection":[{"href":"https:\/\/chilimag.hu\/webshop\/wp-json\/wp\/v2\/product"}],"about":[{"href":"https:\/\/chilimag.hu\/webshop\/wp-json\/wp\/v2\/types\/product"}],"replies":[{"embeddable":true,"href":"https:\/\/chilimag.hu\/webshop\/wp-json\/wp\/v2\/comments?post=24470"}],"wp:featuredmedia":[{"embeddable":true,"href":"https:\/\/chilimag.hu\/webshop\/wp-json\/wp\/v2\/media\/24471"}],"wp:attachment":[{"href":"https:\/\/chilimag.hu\/webshop\/wp-json\/wp\/v2\/media?parent=24470"}],"wp:term":[{"taxonomy":"product_brand","embeddable":true,"href":"https:\/\/chilimag.hu\/webshop\/wp-json\/wp\/v2\/product_brand?post=24470"},{"taxonomy":"product_cat","embeddable":true,"href":"https:\/\/chilimag.hu\/webshop\/wp-json\/wp\/v2\/product_cat?post=24470"},{"taxonomy":"product_tag","embeddable":true,"href":"https:\/\/chilimag.hu\/webshop\/wp-json\/wp\/v2\/product_tag?post=24470"}],"curies":[{"name":"wp","href":"https:\/\/api.w.org\/{rel}","templated":true}]}}