{"id":24468,"date":"2023-04-25T18:25:51","date_gmt":"2023-04-25T18:25:51","guid":{"rendered":"https:\/\/chilimag.hu\/webshop\/?post_type=product&#038;p=24468"},"modified":"2026-03-24T12:45:32","modified_gmt":"2026-03-24T12:45:32","slug":"bebi-cekla-level-ampera-z-s-sl","status":"publish","type":"product","link":"https:\/\/chilimag.hu\/webshop\/termek\/bebi-cekla-level-ampera-z-s-sl\/","title":{"rendered":"B\u00e9bi c\u00e9kla lev\u00e9l Ampera Hibrid Z.S SL"},"content":{"rendered":"","protected":false},"excerpt":{"rendered":"<p><img decoding=\"async\" class=\"active-logo\" src=\"https:\/\/b2b.seklos.lt\/themes\/warehouse\/img\/logo_en.png\" alt=\"Agrofirma S\u0117klos, UAB\" width=\"280\" height=\"95\" \/><\/p>\n<p>Ezt a hibridet \u201eb\u00e9bi\u201d levelekre termesztik, amelyek a cs\u00edr\u00e1z\u00e1st k\u00f6vet\u0151 30 napon bel\u00fcl \u00e9lelmiszerre haszn\u00e1lhat\u00f3k. A levelek simaak \u00e9s v\u00f6r\u00f6s sz\u00e1r\u00faak. A fiatal levelek nagyon alkalmasak friss sal\u00e1t\u00e1khoz, snackekhez. Otthon, ablakp\u00e1rk\u00e1nyon termeszthet\u0151k. Term\u00e9szetesen a m\u00e1ngold termeszthet\u0151 hagyom\u00e1nyos m\u00f3don \u2013 talajba vetve \u2013 \u00e9s a magvak cs\u00edr\u00e1z\u00e1sa ut\u00e1n 58-60 napon bel\u00fcl a n\u00f6v\u00e9nyek el\u00e9rik a megszokott m\u00e9retet. Az \u00e9rett leveleket \u00e9s sz\u00e1rakat levesekhez haszn\u00e1lj\u00e1k, p\u00e1rolhat\u00f3, p\u00f6rk\u00f6lt, konzerv.<br \/>\nMennyis\u00e9g egy csomagban 5 g<br \/>\nMagok sz\u00e1ma grammonk\u00e9nt Kb. 40-55 mag<br \/>\n\u00dcltet\u00e9si t\u00e1vols\u00e1gok V-VI, 30-40x10cm<br \/>\nSz\u00fcret V-X<br \/>\nT\u00edpus Leafy<br \/>\nMagh\u00edrek 2020<br \/>\nTermeszt\u00e9si hely Teraszon, Erk\u00e9lyen, \u00dcvegh\u00e1zban, Sz\u00e1nt\u00f3f\u00f6ld\u00f6n<br \/>\nElk\u00e9sz\u00edt\u00e9si m\u00f3dszerek Konzerv\u00e1l\u00e1s<br \/>\nA fajta korai ideje Korai<br \/>\nVet\u00e9sid\u0151 a talajban IV-VI<br \/>\nGy\u00e1rt\u00f3 \u017dalia stotel\u0117<\/p>\n","protected":false},"featured_media":24469,"comment_status":"closed","ping_status":"closed","template":"","meta":[],"product_brand":[],"product_cat":[357],"product_tag":[],"class_list":{"0":"post-24468","1":"product","2":"type-product","3":"status-publish","4":"has-post-thumbnail","6":"product_cat-retek-salata-es-levelzoldseg-vetomagok","8":"first","9":"instock","10":"taxable","11":"shipping-taxable","12":"purchasable","13":"product-type-simple"},"_links":{"self":[{"href":"https:\/\/chilimag.hu\/webshop\/wp-json\/wp\/v2\/product\/24468","targetHints":{"allow":["GET"]}}],"collection":[{"href":"https:\/\/chilimag.hu\/webshop\/wp-json\/wp\/v2\/product"}],"about":[{"href":"https:\/\/chilimag.hu\/webshop\/wp-json\/wp\/v2\/types\/product"}],"replies":[{"embeddable":true,"href":"https:\/\/chilimag.hu\/webshop\/wp-json\/wp\/v2\/comments?post=24468"}],"wp:featuredmedia":[{"embeddable":true,"href":"https:\/\/chilimag.hu\/webshop\/wp-json\/wp\/v2\/media\/24469"}],"wp:attachment":[{"href":"https:\/\/chilimag.hu\/webshop\/wp-json\/wp\/v2\/media?parent=24468"}],"wp:term":[{"taxonomy":"product_brand","embeddable":true,"href":"https:\/\/chilimag.hu\/webshop\/wp-json\/wp\/v2\/product_brand?post=24468"},{"taxonomy":"product_cat","embeddable":true,"href":"https:\/\/chilimag.hu\/webshop\/wp-json\/wp\/v2\/product_cat?post=24468"},{"taxonomy":"product_tag","embeddable":true,"href":"https:\/\/chilimag.hu\/webshop\/wp-json\/wp\/v2\/product_tag?post=24468"}],"curies":[{"name":"wp","href":"https:\/\/api.w.org\/{rel}","templated":true}]}}