{"id":24458,"date":"2023-04-24T18:48:22","date_gmt":"2023-04-24T18:48:22","guid":{"rendered":"https:\/\/chilimag.hu\/webshop\/?post_type=product&#038;p=24458"},"modified":"2026-01-10T13:12:52","modified_gmt":"2026-01-10T13:12:52","slug":"tok-amazonka-z-s-sl","status":"publish","type":"product","link":"https:\/\/chilimag.hu\/webshop\/termek\/tok-amazonka-z-s-sl\/","title":{"rendered":"S\u00fct\u0151t\u00f6k Amazonka Z.S SL"},"content":{"rendered":"","protected":false},"excerpt":{"rendered":"<p><img decoding=\"async\" class=\"logo\" src=\"https:\/\/b2b.seklos.lt\/themes\/warehouse\/img\/logo_en.png\" alt=\"Agrofirma S\u0117klos, UAB\" \/><\/p>\n<p>Korai v\u00e1ltozatoss\u00e1g. A magvak cs\u00edr\u00e1z\u00e1sa ut\u00e1n 88 napon bel\u00fcl \u00e9rik. Gy\u00fcm\u00f6lcsei lapos g\u00f6mb\u00f6ly\u0171ek, kicsik, k\u00f6r\u00fclbel\u00fcl 1-1,5 kg t\u00f6meg\u0171ek, \u00e9rett \u00e1llapotban narancss\u00e1rga sz\u00edn\u0171ek \u00e9s magas karotintartalommal rendelkeznek. H\u00fasa k\u00f6zepesen vastag, s\u00e1rga, \u00edzletes. A legjobban a sz\u00e9lt\u0151l, homokos v\u00e1lyogt\u00f3l vagy k\u00f6nny\u0171 agyagos talajt\u00f3l v\u00e9dett ter\u00fcleteken n\u0151. Alkalmas hosszabb t\u00e1rol\u00e1sra, p\u00e1rol\u00e1sra, s\u00fct\u00e9sre.<br \/>\nB \u00e1rcsoport<br \/>\nMennyis\u00e9g egy csomagban 1,7g<br \/>\nMagok sz\u00e1ma grammonk\u00e9nt K\u00f6r\u00fclbel\u00fcl 3-8 mag<br \/>\nTranszplant\u00e1ci\u00f3 V-VI<br \/>\n\u00dcltet\u00e9si t\u00e1vols\u00e1gok 80&#215;50 cm<br \/>\nSz\u00fcret VII\u2013IX<br \/>\nNapos hely Igen<br \/>\nTerm\u0151f\u00f6ld<br \/>\nA fajta korai ideje Korai<br \/>\nVet\u00e9sid\u0151 a talajban V-VI<br \/>\nA pal\u00e1nt\u00e1k vet\u00e9si ideje IV<br \/>\nGy\u00fcm\u00f6lcs s\u00falya Iki 2kg<br \/>\nGy\u00e1rt\u00f3 \u017dalia stotel\u0117<\/p>\n","protected":false},"featured_media":24459,"comment_status":"closed","ping_status":"closed","template":"","meta":[],"product_brand":[],"product_cat":[420],"product_tag":[],"class_list":{"0":"post-24458","1":"product","2":"type-product","3":"status-publish","4":"has-post-thumbnail","6":"product_cat-dinnye-es-tok-vetomagok-zalia-stotele","8":"first","9":"instock","10":"taxable","11":"shipping-taxable","12":"purchasable","13":"product-type-simple"},"_links":{"self":[{"href":"https:\/\/chilimag.hu\/webshop\/wp-json\/wp\/v2\/product\/24458","targetHints":{"allow":["GET"]}}],"collection":[{"href":"https:\/\/chilimag.hu\/webshop\/wp-json\/wp\/v2\/product"}],"about":[{"href":"https:\/\/chilimag.hu\/webshop\/wp-json\/wp\/v2\/types\/product"}],"replies":[{"embeddable":true,"href":"https:\/\/chilimag.hu\/webshop\/wp-json\/wp\/v2\/comments?post=24458"}],"wp:featuredmedia":[{"embeddable":true,"href":"https:\/\/chilimag.hu\/webshop\/wp-json\/wp\/v2\/media\/24459"}],"wp:attachment":[{"href":"https:\/\/chilimag.hu\/webshop\/wp-json\/wp\/v2\/media?parent=24458"}],"wp:term":[{"taxonomy":"product_brand","embeddable":true,"href":"https:\/\/chilimag.hu\/webshop\/wp-json\/wp\/v2\/product_brand?post=24458"},{"taxonomy":"product_cat","embeddable":true,"href":"https:\/\/chilimag.hu\/webshop\/wp-json\/wp\/v2\/product_cat?post=24458"},{"taxonomy":"product_tag","embeddable":true,"href":"https:\/\/chilimag.hu\/webshop\/wp-json\/wp\/v2\/product_tag?post=24458"}],"curies":[{"name":"wp","href":"https:\/\/api.w.org\/{rel}","templated":true}]}}