{"id":24447,"date":"2023-04-23T19:11:54","date_gmt":"2023-04-23T19:11:54","guid":{"rendered":"https:\/\/chilimag.hu\/webshop\/?post_type=product&#038;p=24447"},"modified":"2026-01-11T06:24:05","modified_gmt":"2026-01-11T06:24:05","slug":"kinai-kell-sprinkin-z-s-sl","status":"publish","type":"product","link":"https:\/\/chilimag.hu\/webshop\/termek\/kinai-kell-sprinkin-z-s-sl\/","title":{"rendered":"K\u00ednai kel Sprinkin Hibrid  Z.S SL"},"content":{"rendered":"","protected":false},"excerpt":{"rendered":"<p><img decoding=\"async\" class=\"active-logo\" src=\"https:\/\/b2b.seklos.lt\/themes\/warehouse\/img\/logo_en.png\" alt=\"Agrofirma S\u0117klos, UAB\" width=\"280\" height=\"95\" \/><\/p>\n<p>Korai hibrid. Tavaszi \u00e9s ny\u00e1ri betakar\u00edt\u00e1sra termesztik fed\u0151 alatt \u00e9s ny\u00edlt talajon. A veget\u00e1ci\u00f3s id\u0151szak 55-60 nap. A cip\u00f3k s\u00falya k\u00f6r\u00fclbel\u00fcl 1-2 kg. A hibridet k\u00fcl\u00f6n\u00f6sen j\u00f3 keny\u00e9rmin\u0151s\u00e9g, b\u0151s\u00e9ges term\u00e9s jellemzi. A n\u00f6v\u00e9nyek ellen\u00e1llnak a csavaroz\u00e1snak. A legjobban k\u00f6zepesen neh\u00e9z homokos v\u00e1lyog vagy agyagos talajon fejl\u0151dik. A k\u00ednai kel legjobb el\u0151fut\u00e1ra az uborka, hagyma, zeller, burgonya, c\u00e9kla. A magvak kezelhet\u0151k. Ha a magvakat kezelik, a kezel\u00e9s neve a csomagol\u00e1s alj\u00e1n tal\u00e1lhat\u00f3.<\/p>\n<p>G \u00e1rcsoport<br \/>\nMennyis\u00e9g egy csomagban 0,1g<br \/>\nMagok sz\u00e1ma grammonk\u00e9nt Kb. 260-310 mag<br \/>\nTranszplant\u00e1ci\u00f3 III-IV<br \/>\n\u00dcltet\u00e9si t\u00e1vols\u00e1gok 40&#215;50 cm<br \/>\nNapos hely Igen<br \/>\nProfesszion\u00e1lis haszn\u00e1latra alkalmas Igen<br \/>\nTerm\u0151f\u00f6ld<br \/>\nA fajta korai ideje Korai<br \/>\nVet\u00e9sid\u0151 a talajban IV<br \/>\nA pal\u00e1nt\u00e1k vet\u00e9si ideje II-IV<br \/>\nGy\u00e1rt\u00f3 \u017dalia stotel\u0117<\/p>\n","protected":false},"featured_media":24448,"comment_status":"closed","ping_status":"closed","template":"","meta":[],"product_brand":[],"product_cat":[415],"product_tag":[],"class_list":{"0":"post-24447","1":"product","2":"type-product","3":"status-publish","4":"has-post-thumbnail","6":"product_cat-kaposzta-es-karfiol-vetomagok-zalia-stotele","8":"first","9":"instock","10":"taxable","11":"shipping-taxable","12":"purchasable","13":"product-type-simple"},"_links":{"self":[{"href":"https:\/\/chilimag.hu\/webshop\/wp-json\/wp\/v2\/product\/24447","targetHints":{"allow":["GET"]}}],"collection":[{"href":"https:\/\/chilimag.hu\/webshop\/wp-json\/wp\/v2\/product"}],"about":[{"href":"https:\/\/chilimag.hu\/webshop\/wp-json\/wp\/v2\/types\/product"}],"replies":[{"embeddable":true,"href":"https:\/\/chilimag.hu\/webshop\/wp-json\/wp\/v2\/comments?post=24447"}],"wp:featuredmedia":[{"embeddable":true,"href":"https:\/\/chilimag.hu\/webshop\/wp-json\/wp\/v2\/media\/24448"}],"wp:attachment":[{"href":"https:\/\/chilimag.hu\/webshop\/wp-json\/wp\/v2\/media?parent=24447"}],"wp:term":[{"taxonomy":"product_brand","embeddable":true,"href":"https:\/\/chilimag.hu\/webshop\/wp-json\/wp\/v2\/product_brand?post=24447"},{"taxonomy":"product_cat","embeddable":true,"href":"https:\/\/chilimag.hu\/webshop\/wp-json\/wp\/v2\/product_cat?post=24447"},{"taxonomy":"product_tag","embeddable":true,"href":"https:\/\/chilimag.hu\/webshop\/wp-json\/wp\/v2\/product_tag?post=24447"}],"curies":[{"name":"wp","href":"https:\/\/api.w.org\/{rel}","templated":true}]}}