{"id":24445,"date":"2023-04-23T18:53:15","date_gmt":"2023-04-23T18:53:15","guid":{"rendered":"https:\/\/chilimag.hu\/webshop\/?post_type=product&#038;p=24445"},"modified":"2026-01-24T19:30:46","modified_gmt":"2026-01-24T19:30:46","slug":"tarlorepa-witte-mei-z-s-sl","status":"publish","type":"product","link":"https:\/\/chilimag.hu\/webshop\/termek\/tarlorepa-witte-mei-z-s-sl\/","title":{"rendered":"Tarl\u00f3r\u00e9pa Platte Witte Mei Z.S SL"},"content":{"rendered":"","protected":false},"excerpt":{"rendered":"<p><img decoding=\"async\" class=\"active-logo\" src=\"https:\/\/b2b.seklos.lt\/themes\/warehouse\/img\/logo_en.png\" alt=\"Agrofirma S\u0117klos, UAB\" width=\"280\" height=\"95\" \/><\/p>\n<p>Az egyik legkor\u00e1bbi feh\u00e9rr\u00e9pafajta. Gy\u00f6kere \u00e9s h\u00fasa feh\u00e9r, l\u00e9d\u00fas, enyhe \u00edz\u0171. A fiatal levelek \u00e9tkez\u00e9sre is felhaszn\u00e1lhat\u00f3k. K\u00f6zvetlen vet\u0151mag m\u00e1rcius v\u00e9g\u00e9t\u0151l j\u00fanius v\u00e9g\u00e9ig. A term\u00e9sritk\u00edt\u00e1s a leger\u0151sebb n\u00f6v\u00e9nyek megtart\u00e1s\u00e1val javasolt. Az id\u0151ben t\u00f6rt\u00e9n\u0151 betakar\u00edt\u00e1s nagyon fontos, mivel a t\u00faln\u0151tt feh\u00e9rr\u00e9pa kem\u00e9ny \u00e9s \u00edztelen. A feh\u00e9rr\u00e9pa \u00edze is megv\u00e1ltozik a nedvess\u00e9g hi\u00e1nya miatt.<br \/>\nKiszerel\u00e9s egy csomagban 2 g<br \/>\nMagok sz\u00e1ma grammonk\u00e9nt K\u00f6r\u00fclbel\u00fcl 500 mag<br \/>\n\u00dcltet\u00e9si t\u00e1vols\u00e1gok IV-VI,30&#215;15 cm<br \/>\nSz\u00fcret VI-X<br \/>\nMagh\u00edrek 2020<br \/>\nTerm\u0151f\u00f6ld<br \/>\nElk\u00e9sz\u00edt\u00e9si m\u00f3dszerek Konzerv\u00e1l\u00e1s<br \/>\nA fajta korai ideje Korai<br \/>\nVet\u00e9sid\u0151 a talajban III-VI<br \/>\nA pal\u00e1nt\u00e1k vet\u00e9si ideje IV<br \/>\nGy\u00fcm\u00f6lcs sz\u00edne Feh\u00e9r<br \/>\nGy\u00e1rt\u00f3 \u017dalia stotel\u0117<\/p>\n","protected":false},"featured_media":24446,"comment_status":"closed","ping_status":"closed","template":"","meta":[],"product_brand":[],"product_cat":[408],"product_tag":[],"class_list":{"0":"post-24445","1":"product","2":"type-product","3":"status-publish","4":"has-post-thumbnail","6":"product_cat-zoldseg-vetomagok-zalia-stotele","8":"first","9":"instock","10":"taxable","11":"shipping-taxable","12":"purchasable","13":"product-type-simple"},"_links":{"self":[{"href":"https:\/\/chilimag.hu\/webshop\/wp-json\/wp\/v2\/product\/24445","targetHints":{"allow":["GET"]}}],"collection":[{"href":"https:\/\/chilimag.hu\/webshop\/wp-json\/wp\/v2\/product"}],"about":[{"href":"https:\/\/chilimag.hu\/webshop\/wp-json\/wp\/v2\/types\/product"}],"replies":[{"embeddable":true,"href":"https:\/\/chilimag.hu\/webshop\/wp-json\/wp\/v2\/comments?post=24445"}],"wp:featuredmedia":[{"embeddable":true,"href":"https:\/\/chilimag.hu\/webshop\/wp-json\/wp\/v2\/media\/24446"}],"wp:attachment":[{"href":"https:\/\/chilimag.hu\/webshop\/wp-json\/wp\/v2\/media?parent=24445"}],"wp:term":[{"taxonomy":"product_brand","embeddable":true,"href":"https:\/\/chilimag.hu\/webshop\/wp-json\/wp\/v2\/product_brand?post=24445"},{"taxonomy":"product_cat","embeddable":true,"href":"https:\/\/chilimag.hu\/webshop\/wp-json\/wp\/v2\/product_cat?post=24445"},{"taxonomy":"product_tag","embeddable":true,"href":"https:\/\/chilimag.hu\/webshop\/wp-json\/wp\/v2\/product_tag?post=24445"}],"curies":[{"name":"wp","href":"https:\/\/api.w.org\/{rel}","templated":true}]}}