{"id":24438,"date":"2023-04-23T17:13:30","date_gmt":"2023-04-23T17:13:30","guid":{"rendered":"https:\/\/chilimag.hu\/webshop\/?post_type=product&#038;p=24438"},"modified":"2026-02-16T13:34:05","modified_gmt":"2026-02-16T13:34:05","slug":"gorogdinnye-zloto-wolicy-z-s-sl","status":"publish","type":"product","link":"https:\/\/chilimag.hu\/webshop\/termek\/gorogdinnye-zloto-wolicy-z-s-sl\/","title":{"rendered":"G\u00f6r\u00f6gdinnye Z\u0141OTO WOLICY Hibrid Z.S SL"},"content":{"rendered":"","protected":false},"excerpt":{"rendered":"<p><img decoding=\"async\" class=\"active-logo\" src=\"https:\/\/b2b.seklos.lt\/themes\/warehouse\/img\/logo_en.png\" alt=\"Agrofirma S\u0117klos, UAB\" width=\"280\" height=\"95\" \/><\/p>\n<p>Korai hibrid. Az \u00e9rett gy\u00fcm\u00f6lcs h\u00e9ja s\u00e1rga. A h\u00fas v\u00f6r\u00f6s, l\u00e9d\u00fas \u00e9s nagyon \u00e9des. A gy\u00fcm\u00f6lcs\u00f6k s\u00falya el\u00e9ri a 6 kg-ot. \u00c1prilis v\u00e9g\u00e9n vetik a faiskol\u00e1kba, a pal\u00e1nt\u00e1kat pedig m\u00e1jus v\u00e9g\u00e9n \u2013 j\u00fanius elej\u00e9n \u00fcltetik az \u00e1lland\u00f3 helyre. Szabadban \u00e9s fed\u00e9l alatt termesztik. A hibrid ellen\u00e1ll a lisztharmatnak \u00e9s a t\u00f6kf\u00e9l\u00e9k peronoszp\u00f3r\u00e1j\u00e1nak.<br \/>\nC \u00e1rcsoport<br \/>\nMennyis\u00e9g kiszerel\u00e9sben 0,5g<br \/>\nMagok sz\u00e1ma grammonk\u00e9nt Kb. 10-20 mag<br \/>\nTranszplant\u00e1ci\u00f3 V-VI<br \/>\n\u00dcltet\u00e9si t\u00e1vols\u00e1gok 100&#215;50-70 cm<br \/>\nSz\u00fcret VIII-IX<br \/>\nNapos hely Igen<br \/>\nTermeszt\u00e9si hely \u00dcvegh\u00e1zban, sz\u00e1nt\u00f3f\u00f6ld\u00f6n<br \/>\nA fajta korai ideje Korai<br \/>\nVet\u00e9sid\u0151 a talajban V-VI<br \/>\nA pal\u00e1nt\u00e1k vet\u00e9si ideje III-IV<br \/>\nGy\u00e1rt\u00f3 \u017dalia stotel\u0117<\/p>\n","protected":false},"featured_media":24439,"comment_status":"closed","ping_status":"closed","template":"","meta":[],"product_brand":[],"product_cat":[420],"product_tag":[],"class_list":{"0":"post-24438","1":"product","2":"type-product","3":"status-publish","4":"has-post-thumbnail","6":"product_cat-dinnye-es-tok-vetomagok-zalia-stotele","8":"first","9":"instock","10":"taxable","11":"shipping-taxable","12":"purchasable","13":"product-type-simple"},"_links":{"self":[{"href":"https:\/\/chilimag.hu\/webshop\/wp-json\/wp\/v2\/product\/24438","targetHints":{"allow":["GET"]}}],"collection":[{"href":"https:\/\/chilimag.hu\/webshop\/wp-json\/wp\/v2\/product"}],"about":[{"href":"https:\/\/chilimag.hu\/webshop\/wp-json\/wp\/v2\/types\/product"}],"replies":[{"embeddable":true,"href":"https:\/\/chilimag.hu\/webshop\/wp-json\/wp\/v2\/comments?post=24438"}],"wp:featuredmedia":[{"embeddable":true,"href":"https:\/\/chilimag.hu\/webshop\/wp-json\/wp\/v2\/media\/24439"}],"wp:attachment":[{"href":"https:\/\/chilimag.hu\/webshop\/wp-json\/wp\/v2\/media?parent=24438"}],"wp:term":[{"taxonomy":"product_brand","embeddable":true,"href":"https:\/\/chilimag.hu\/webshop\/wp-json\/wp\/v2\/product_brand?post=24438"},{"taxonomy":"product_cat","embeddable":true,"href":"https:\/\/chilimag.hu\/webshop\/wp-json\/wp\/v2\/product_cat?post=24438"},{"taxonomy":"product_tag","embeddable":true,"href":"https:\/\/chilimag.hu\/webshop\/wp-json\/wp\/v2\/product_tag?post=24438"}],"curies":[{"name":"wp","href":"https:\/\/api.w.org\/{rel}","templated":true}]}}