{"id":24436,"date":"2023-04-23T17:01:06","date_gmt":"2023-04-23T17:01:06","guid":{"rendered":"https:\/\/chilimag.hu\/webshop\/?post_type=product&#038;p=24436"},"modified":"2025-08-28T07:37:40","modified_gmt":"2025-08-28T07:37:40","slug":"uborka-formule-z-s-sl","status":"publish","type":"product","link":"https:\/\/chilimag.hu\/webshop\/termek\/uborka-formule-z-s-sl\/","title":{"rendered":"Uborka Formule Hibrid Z.S SL"},"content":{"rendered":"","protected":false},"excerpt":{"rendered":"<p><img decoding=\"async\" class=\"active-logo\" src=\"https:\/\/b2b.seklos.lt\/themes\/warehouse\/img\/logo_en.png\" alt=\"Agrofirma S\u0117klos, UAB\" width=\"280\" height=\"95\" \/><\/p>\n<p>Nagyon korai, partenokarpos, sal\u00e1ta t\u00edpus\u00fa hibrid rezisztens uborka Mosaic v\u00edrusra \u00e9s varasod\u00e1sra, k\u00f6zepesen ellen\u00e1ll\u00f3 a lisztharmatra. Ez a hibrid akkor is j\u00f3l fejl\u0151dik, ha a nappalok r\u00f6vid\u00fclnek. Gy\u00fcm\u00f6lcse z\u00f6ld, 16-24 cm hossz\u00fa, 330-370 g t\u00f6meg\u0171. Frissen fogyasztva. Termeszthet\u0151 f\u0171t\u00f6tt \u00fcvegh\u00e1zakban eg\u00e9sz \u00e9vben, vagy f\u0171tetlen \u00fcvegh\u00e1zakban tavaszi, ny\u00e1ri \u00e9s \u0151szi betakar\u00edt\u00e1shoz<\/p>\n<p>Mennyis\u00e9g kiszerel\u00e9sben 0,3g<br \/>\nMagok sz\u00e1ma grammonk\u00e9nt Kb. 35-50 mag<br \/>\nSz\u00fcret V-IX<br \/>\nMagh\u00edrek 2020<br \/>\nTermeszt\u00e9si hely \u00dcvegh\u00e1zban<br \/>\nA fajta korai ideje Korai<br \/>\n\u00d6nbeporz\u00f3 Igen<br \/>\nA pal\u00e1nt\u00e1k vet\u00e9sideje III-VI<br \/>\nGy\u00fcm\u00f6lcs t\u00edpusa Sima<br \/>\nGy\u00e1rt\u00f3 \u017dalia stotel\u0117<br \/>\nT\u00e1vols\u00e1gok, cm IV-VII, 80&#215;30 cm<\/p>\n","protected":false},"featured_media":24437,"comment_status":"closed","ping_status":"closed","template":"","meta":[],"product_brand":[],"product_cat":[411],"product_tag":[],"class_list":{"0":"post-24436","1":"product","2":"type-product","3":"status-publish","4":"has-post-thumbnail","6":"product_cat-uborka-es-padlizsan-vetomagok-zalia-stotele","8":"first","9":"instock","10":"taxable","11":"shipping-taxable","12":"purchasable","13":"product-type-simple"},"_links":{"self":[{"href":"https:\/\/chilimag.hu\/webshop\/wp-json\/wp\/v2\/product\/24436","targetHints":{"allow":["GET"]}}],"collection":[{"href":"https:\/\/chilimag.hu\/webshop\/wp-json\/wp\/v2\/product"}],"about":[{"href":"https:\/\/chilimag.hu\/webshop\/wp-json\/wp\/v2\/types\/product"}],"replies":[{"embeddable":true,"href":"https:\/\/chilimag.hu\/webshop\/wp-json\/wp\/v2\/comments?post=24436"}],"wp:featuredmedia":[{"embeddable":true,"href":"https:\/\/chilimag.hu\/webshop\/wp-json\/wp\/v2\/media\/24437"}],"wp:attachment":[{"href":"https:\/\/chilimag.hu\/webshop\/wp-json\/wp\/v2\/media?parent=24436"}],"wp:term":[{"taxonomy":"product_brand","embeddable":true,"href":"https:\/\/chilimag.hu\/webshop\/wp-json\/wp\/v2\/product_brand?post=24436"},{"taxonomy":"product_cat","embeddable":true,"href":"https:\/\/chilimag.hu\/webshop\/wp-json\/wp\/v2\/product_cat?post=24436"},{"taxonomy":"product_tag","embeddable":true,"href":"https:\/\/chilimag.hu\/webshop\/wp-json\/wp\/v2\/product_tag?post=24436"}],"curies":[{"name":"wp","href":"https:\/\/api.w.org\/{rel}","templated":true}]}}