{"id":24426,"date":"2023-04-22T19:03:27","date_gmt":"2023-04-22T19:03:27","guid":{"rendered":"https:\/\/chilimag.hu\/webshop\/?post_type=product&#038;p=24426"},"modified":"2026-03-06T17:08:07","modified_gmt":"2026-03-06T17:08:07","slug":"uborka-libelle-agr-sl","status":"publish","type":"product","link":"https:\/\/chilimag.hu\/webshop\/termek\/uborka-libelle-agr-sl\/","title":{"rendered":"Uborka Libelle Hibrid AGR SL"},"content":{"rendered":"","protected":false},"excerpt":{"rendered":"<p><img decoding=\"async\" class=\"active-logo\" src=\"https:\/\/b2b.seklos.lt\/themes\/warehouse\/img\/logo_en.png\" alt=\"Agrofirma S\u0117klos, UAB\" width=\"280\" height=\"95\" \/><\/p>\n<p>K\u00f6z\u00e9pkorai hibrid fajta. Gy\u00fcm\u00f6lcse sima, 11-12 cm hossz\u00fa, k\u00f6r\u00fclbel\u00fcl 90 gramm s\u00faly\u00fa. Szabadban \u00e9s \u00fcvegh\u00e1zakban termesztik. Frissen, bef\u0151z\u00e9shez vagy savany\u00edt\u00e1shoz haszn\u00e1lj\u00e1k.<br \/>\nEgy csomagban l\u00e9v\u0151 mennyis\u00e9g 1 g<br \/>\nMagok sz\u00e1ma grammonk\u00e9nt 35-50<br \/>\nSz\u00fcret VI\u2013IX<br \/>\nVet\u00e9sid\u0151 a talajban IV, 1-2 cm<br \/>\nGy\u00e1rt\u00f3 Agronom<\/p>\n","protected":false},"featured_media":24427,"comment_status":"closed","ping_status":"closed","template":"","meta":[],"product_brand":[],"product_cat":[404],"product_tag":[],"class_list":{"0":"post-24426","1":"product","2":"type-product","3":"status-publish","4":"has-post-thumbnail","6":"product_cat-uborka-es-padlizsan-vetomagok-agronom","8":"first","9":"instock","10":"taxable","11":"shipping-taxable","12":"purchasable","13":"product-type-simple"},"_links":{"self":[{"href":"https:\/\/chilimag.hu\/webshop\/wp-json\/wp\/v2\/product\/24426","targetHints":{"allow":["GET"]}}],"collection":[{"href":"https:\/\/chilimag.hu\/webshop\/wp-json\/wp\/v2\/product"}],"about":[{"href":"https:\/\/chilimag.hu\/webshop\/wp-json\/wp\/v2\/types\/product"}],"replies":[{"embeddable":true,"href":"https:\/\/chilimag.hu\/webshop\/wp-json\/wp\/v2\/comments?post=24426"}],"wp:featuredmedia":[{"embeddable":true,"href":"https:\/\/chilimag.hu\/webshop\/wp-json\/wp\/v2\/media\/24427"}],"wp:attachment":[{"href":"https:\/\/chilimag.hu\/webshop\/wp-json\/wp\/v2\/media?parent=24426"}],"wp:term":[{"taxonomy":"product_brand","embeddable":true,"href":"https:\/\/chilimag.hu\/webshop\/wp-json\/wp\/v2\/product_brand?post=24426"},{"taxonomy":"product_cat","embeddable":true,"href":"https:\/\/chilimag.hu\/webshop\/wp-json\/wp\/v2\/product_cat?post=24426"},{"taxonomy":"product_tag","embeddable":true,"href":"https:\/\/chilimag.hu\/webshop\/wp-json\/wp\/v2\/product_tag?post=24426"}],"curies":[{"name":"wp","href":"https:\/\/api.w.org\/{rel}","templated":true}]}}