{"id":24420,"date":"2023-04-22T18:09:51","date_gmt":"2023-04-22T18:09:51","guid":{"rendered":"https:\/\/chilimag.hu\/webshop\/?post_type=product&#038;p=24420"},"modified":"2025-12-11T07:37:53","modified_gmt":"2025-12-11T07:37:53","slug":"baltijos-bioauksas-szerves-talajjavito-paszta","status":"publish","type":"product","link":"https:\/\/chilimag.hu\/webshop\/termek\/baltijos-bioauksas-szerves-talajjavito-paszta\/","title":{"rendered":"Baltijos BIOAUKSAS Szerves talajjav\u00edt\u00f3 paszta"},"content":{"rendered":"","protected":false},"excerpt":{"rendered":"<p>Szerves talajjav\u00edt\u00f3 paszta. Term\u00e9szetes, biol\u00f3giailag akt\u00edv szerves anyagokb\u00f3l \u00e1ll\u00f3 paszta, mely a kerti talaj, az ugar \u00e9s az \u00fcvegh\u00e1zi talaj jav\u00edt\u00e1s\u00e1ra, a biol\u00f3giai hullad\u00e9k komposzt\u00e1l\u00e1s\u00e1nak felgyors\u00edt\u00e1s\u00e1ra szolg\u00e1l. K\u00fcl\u00f6n\u00f6sen alkalmas homokos, szeg\u00e9nyes \u00e9s leromlott talajokon val\u00f3 haszn\u00e1latra. C\u00e9lja: a humuszpaszt\u00e1ban tal\u00e1lhat\u00f3 szerves anyagok jelent\u0151s pozit\u00edv hat\u00e1ssal vannak a talaj biol\u00f3giai, fizikai \u00e9s k\u00e9miai tulajdons\u00e1gaira. Jelent\u0151sen jav\u00edtj\u00e1k a talaj szerkezet\u00e9t, ezen bel\u00fcl a n\u00f6v\u00e9nyi gy\u00f6k\u00e9rz\u00f3na leveg\u0151ztet\u00e9s\u00e9t \u00e9s a talaj porozit\u00e1s\u00e1t, n\u00f6velik a humuszr\u00e9teget \u00e9s \u00e9l\u00e9nk\u00edtik a talaj mikrobiol\u00f3giai aktivit\u00e1s\u00e1t, cs\u00f6kkentve a talajer\u00f3zi\u00f3 lehet\u0151s\u00e9g\u00e9t. A talajjav\u00edt\u00f3 szer megfelel\u0151 haszn\u00e1lat\u00e1val jobban gy\u00f6kereznek a z\u00f6lds\u00e9g- \u00e9s vir\u00e1gpal\u00e1nt\u00e1k, hagym\u00e1k, gum\u00f3k \u00e9s gy\u00f6k\u00e9rz\u00f6lds\u00e9gek, bogy\u00f3s, gy\u00fcm\u00f6lcs- \u00e9s d\u00edszcserj\u00e9k, facsemet\u00e9k. A talajjav\u00edt\u00f3 pozit\u00edv hat\u00e1ssal van a fotoszint\u00e9zisre, seg\u00edt a lev\u00e9lklor\u00f3zis vagy m\u00e1s \u00e9lettani betegs\u00e9gek elleni v\u00e9dekez\u00e9sben. K\u00edm\u00e9letes hat\u00e1sa miatt k\u00fcl\u00f6n\u00f6sen alkalmas fiatal, cserepes vagy kont\u00e9neres n\u00f6v\u00e9nyek termeszt\u00e9s\u00e9re. Haszn\u00e1lata: oldjuk fel a paszt\u00e1t v\u00edzben, \u00e9s \u00f6nt\u00f6z\u00e9shez r\u00e1zzuk fel a talajt (f\u00f6ldet) vagy az \u00e1t\u00fcltet\u0151 lyukat. M\u00e9rt\u00e9k: talajjav\u00edt\u00e1s &#8211; 10 g\/1 l v\u00edz\/1 m2 (100 g\/10 l v\u00edz\/10 m2) hullad\u00e9k komposzt\u00e1l\u00e1s &#8211; 100-150 g\/10 l v\u00edz\/1-2 m3. Egy nap m\u00falva \u00e1ssuk ki a talajt. Ism\u00e9telje meg a feldolgoz\u00e1st az els\u0151 feldolgoz\u00e1st\u00f3l sz\u00e1m\u00edtott 5-7 napon bel\u00fcl. Homokos (rossz) talajban 3-4 alkalommal jav\u00edthat\u00f3. Ha betakar\u00edt\u00e1s ut\u00e1n vagy \u0151sszel jav\u00edtja a talajt, akkor tavasszal dolgozzon \u00fajra. \u00d6sszet\u00e9tel: humin anyagok &#8211; 30 g\/kg (3%). \u00c1tlagos kiszerel\u00e9s: 0,5 kg ~ 50 l munkaoldat\/50 m\u00b2. F\u0151 felhaszn\u00e1l\u00e1s (-t\u00f3l, h\u00f3napig): janu\u00e1r-december.<br \/>\nKiszerel\u00e9s: 500 g.<\/p>\n<p>C\u00e9l Talaj kieg\u00e9sz\u00edt\u00e9s<br \/>\nGy\u00e1rt\u00f3 BIO AUKSAS<br \/>\nKiszerel\u00e9s 0,5 kg<\/p>\n","protected":false},"featured_media":24422,"comment_status":"closed","ping_status":"closed","template":"","meta":[],"product_brand":[],"product_cat":[391],"product_tag":[],"class_list":{"0":"post-24420","1":"product","2":"type-product","3":"status-publish","4":"has-post-thumbnail","6":"product_cat-egyeb-tapoldatok","8":"first","9":"instock","10":"taxable","11":"shipping-taxable","12":"purchasable","13":"product-type-simple"},"_links":{"self":[{"href":"https:\/\/chilimag.hu\/webshop\/wp-json\/wp\/v2\/product\/24420","targetHints":{"allow":["GET"]}}],"collection":[{"href":"https:\/\/chilimag.hu\/webshop\/wp-json\/wp\/v2\/product"}],"about":[{"href":"https:\/\/chilimag.hu\/webshop\/wp-json\/wp\/v2\/types\/product"}],"replies":[{"embeddable":true,"href":"https:\/\/chilimag.hu\/webshop\/wp-json\/wp\/v2\/comments?post=24420"}],"wp:featuredmedia":[{"embeddable":true,"href":"https:\/\/chilimag.hu\/webshop\/wp-json\/wp\/v2\/media\/24422"}],"wp:attachment":[{"href":"https:\/\/chilimag.hu\/webshop\/wp-json\/wp\/v2\/media?parent=24420"}],"wp:term":[{"taxonomy":"product_brand","embeddable":true,"href":"https:\/\/chilimag.hu\/webshop\/wp-json\/wp\/v2\/product_brand?post=24420"},{"taxonomy":"product_cat","embeddable":true,"href":"https:\/\/chilimag.hu\/webshop\/wp-json\/wp\/v2\/product_cat?post=24420"},{"taxonomy":"product_tag","embeddable":true,"href":"https:\/\/chilimag.hu\/webshop\/wp-json\/wp\/v2\/product_tag?post=24420"}],"curies":[{"name":"wp","href":"https:\/\/api.w.org\/{rel}","templated":true}]}}