{"id":24417,"date":"2023-04-22T17:58:05","date_gmt":"2023-04-22T17:58:05","guid":{"rendered":"https:\/\/chilimag.hu\/webshop\/?post_type=product&#038;p=24417"},"modified":"2026-03-19T09:18:03","modified_gmt":"2026-03-19T09:18:03","slug":"baltijos-aktiv-tozegkivonat-bioaktivator","status":"publish","type":"product","link":"https:\/\/chilimag.hu\/webshop\/termek\/baltijos-aktiv-tozegkivonat-bioaktivator\/","title":{"rendered":"Baltijos BIOAUKSAS Aktiv t\u0151zegkivonat Bioaktiv\u00e1tor 500 ml"},"content":{"rendered":"","protected":false},"excerpt":{"rendered":"<p>Term\u00e9szetes, biol\u00f3giailag akt\u00edv t\u0151zegkivonat az er\u0151s \u00e9s eg\u00e9szs\u00e9ges n\u00f6veked\u00e9s\u00e9rt. A humin anyagok er\u0151sen biol\u00f3giailag akt\u00edvak. Ne l\u00e9pje t\u00fal a megadott norm\u00e1kat.<br \/>\nC\u00e9lja: gyors\u00edtja a n\u00f6veked\u00e9st, fokozza \u00e9s gazdag\u00edtja a vir\u00e1gz\u00e1st, pozit\u00edvan befoly\u00e1solja a vir\u00e1gr\u00fcgyek k\u00e9pz\u0151d\u00e9s\u00e9t, n\u00f6veli a term\u00e9st, serkenti a gy\u00f6k\u00e9rrendszer fejl\u0151d\u00e9s\u00e9t, jav\u00edtja a t\u00e1panyag felsz\u00edv\u00f3d\u00e1st, n\u00f6veli a n\u00f6v\u00e9nyek ellen\u00e1ll\u00f3 k\u00e9pess\u00e9g\u00e9t a kedvez\u0151tlen n\u00f6veked\u00e9si k\u00f6r\u00fclm\u00e9nyekkel szemben.<br \/>\nHaszn\u00e1lata: 5 ml (1 kupak) koncentr\u00e1tumot keverj\u00fcnk el 1 l v\u00edzzel. Kezelje a n\u00f6v\u00e9nyeket 10-14 naponta a veget\u00e1ci\u00f3 kezdet\u00e9t\u0151l.<br \/>\n\u00d6sszet\u00e9tel: NPK 0,01-&lt;0,001-0,2 (nitrog\u00e9n (N) -0,01%, foszfor-pentoxid (P2O5) &#8211; &lt;0,001%, k\u00e1lium-oxid (K2O) &#8211; 0,2%) szerves anyag &#8211; 0, 3% huminsavak &#8211; 0,5% pH 9.<br \/>\nKiszerel\u00e9s: 500 ml.<\/p>\n<p>\u0170rtartalom 500 ml<br \/>\nHozz\u00e1vet\u0151leges term\u00e9kkibocs\u00e1t\u00e1s 100l munkaoldat<br \/>\nC\u00e9l Univerz\u00e1lis stimul\u00e1ns<br \/>\nGy\u00e1rt\u00f3 BIO AUKSAS<br \/>\nKiszerel\u00e9s 0500L<\/p>\n","protected":false},"featured_media":24418,"comment_status":"closed","ping_status":"closed","template":"","meta":[],"product_brand":[],"product_cat":[391],"product_tag":[],"class_list":{"0":"post-24417","1":"product","2":"type-product","3":"status-publish","4":"has-post-thumbnail","6":"product_cat-egyeb-tapoldatok","8":"first","9":"instock","10":"taxable","11":"shipping-taxable","12":"purchasable","13":"product-type-simple"},"_links":{"self":[{"href":"https:\/\/chilimag.hu\/webshop\/wp-json\/wp\/v2\/product\/24417","targetHints":{"allow":["GET"]}}],"collection":[{"href":"https:\/\/chilimag.hu\/webshop\/wp-json\/wp\/v2\/product"}],"about":[{"href":"https:\/\/chilimag.hu\/webshop\/wp-json\/wp\/v2\/types\/product"}],"replies":[{"embeddable":true,"href":"https:\/\/chilimag.hu\/webshop\/wp-json\/wp\/v2\/comments?post=24417"}],"wp:featuredmedia":[{"embeddable":true,"href":"https:\/\/chilimag.hu\/webshop\/wp-json\/wp\/v2\/media\/24418"}],"wp:attachment":[{"href":"https:\/\/chilimag.hu\/webshop\/wp-json\/wp\/v2\/media?parent=24417"}],"wp:term":[{"taxonomy":"product_brand","embeddable":true,"href":"https:\/\/chilimag.hu\/webshop\/wp-json\/wp\/v2\/product_brand?post=24417"},{"taxonomy":"product_cat","embeddable":true,"href":"https:\/\/chilimag.hu\/webshop\/wp-json\/wp\/v2\/product_cat?post=24417"},{"taxonomy":"product_tag","embeddable":true,"href":"https:\/\/chilimag.hu\/webshop\/wp-json\/wp\/v2\/product_tag?post=24417"}],"curies":[{"name":"wp","href":"https:\/\/api.w.org\/{rel}","templated":true}]}}