{"id":24344,"date":"2023-04-12T19:33:13","date_gmt":"2023-04-12T19:33:13","guid":{"rendered":"https:\/\/chilimag.hu\/webshop\/?post_type=product&#038;p=24344"},"modified":"2025-05-06T14:42:21","modified_gmt":"2025-05-06T14:42:21","slug":"szinezett-cink-vodor-12-literes","status":"publish","type":"product","link":"https:\/\/chilimag.hu\/webshop\/termek\/szinezett-cink-vodor-12-literes\/","title":{"rendered":"Sz\u00ednezett cink V\u00f6d\u00f6r  12 literes k\u00e9k"},"content":{"rendered":"","protected":false},"excerpt":{"rendered":"","protected":false},"featured_media":36824,"comment_status":"closed","ping_status":"closed","template":"","meta":[],"product_brand":[],"product_cat":[467],"product_tag":[],"class_list":{"0":"post-24344","1":"product","2":"type-product","3":"status-publish","4":"has-post-thumbnail","6":"product_cat-locsolas-viz-es-talaj-vizsgalo-eszkozok","8":"first","9":"instock","10":"taxable","11":"shipping-taxable","12":"purchasable","13":"product-type-simple"},"_links":{"self":[{"href":"https:\/\/chilimag.hu\/webshop\/wp-json\/wp\/v2\/product\/24344","targetHints":{"allow":["GET"]}}],"collection":[{"href":"https:\/\/chilimag.hu\/webshop\/wp-json\/wp\/v2\/product"}],"about":[{"href":"https:\/\/chilimag.hu\/webshop\/wp-json\/wp\/v2\/types\/product"}],"replies":[{"embeddable":true,"href":"https:\/\/chilimag.hu\/webshop\/wp-json\/wp\/v2\/comments?post=24344"}],"wp:featuredmedia":[{"embeddable":true,"href":"https:\/\/chilimag.hu\/webshop\/wp-json\/wp\/v2\/media\/36824"}],"wp:attachment":[{"href":"https:\/\/chilimag.hu\/webshop\/wp-json\/wp\/v2\/media?parent=24344"}],"wp:term":[{"taxonomy":"product_brand","embeddable":true,"href":"https:\/\/chilimag.hu\/webshop\/wp-json\/wp\/v2\/product_brand?post=24344"},{"taxonomy":"product_cat","embeddable":true,"href":"https:\/\/chilimag.hu\/webshop\/wp-json\/wp\/v2\/product_cat?post=24344"},{"taxonomy":"product_tag","embeddable":true,"href":"https:\/\/chilimag.hu\/webshop\/wp-json\/wp\/v2\/product_tag?post=24344"}],"curies":[{"name":"wp","href":"https:\/\/api.w.org\/{rel}","templated":true}]}}