{"id":24277,"date":"2023-04-10T08:29:06","date_gmt":"2023-04-10T08:29:06","guid":{"rendered":"https:\/\/chilimag.hu\/webshop\/?post_type=product&#038;p=24277"},"modified":"2026-02-23T12:41:13","modified_gmt":"2026-02-23T12:41:13","slug":"jegsalata-pierre-benite-florian-bg","status":"publish","type":"product","link":"https:\/\/chilimag.hu\/webshop\/termek\/jegsalata-pierre-benite-florian-bg\/","title":{"rendered":"Sal\u00e0ta Pierre Benite Florian Bg"},"content":{"rendered":"","protected":false},"excerpt":{"rendered":"<p><img decoding=\"async\" class=\"img-inline\" src=\"https:\/\/brcci.eu\/cache\/thumbnails\/12ecd0e6e419f1b9b1484ef02ad361979dd8e054\/1a6c5e1406ad462ca86d17b2800862d7f837862c-829875ad0a268b741b7edd818ffce098.png\" alt=\"FLORIAN OOD\" \/><\/p>\n<p>F\u00e9lkorai Batavia t\u00edpus\u00fa fajta. A De Pierre B\u00e9nite sal\u00e1ta nagy levelekkel \u00e9s vil\u00e1gosz\u00f6ld rozett\u00e1val rendelkezik, amelyet sz\u00e9les \u00e9s hull\u00e1mos levelek jellemeznek. Ropog\u00f3sak \u00e9s finomak, mindenf\u00e9le \u00e9telhez alkalmasak.<br \/>\nA termel\u00e9s tavasszal (janu\u00e1r 25. \u00e9s febru\u00e1r 5. k\u00f6z\u00f6tt) \u00e9s \u0151sszel (szeptember 10. \u00e9s 20. k\u00f6z\u00f6tt) t\u00f6rt\u00e9nik. A Pierre Bennet Batavia (De Pierre Benite) sal\u00e1ta magjait c\u00e9lszer\u0171 1\u20131,5 cm-es talajm\u00e9lys\u00e9gbe elvetni. A n\u00f6v\u00e9nyek \u00e9s a sorok k\u00f6z\u00f6tti t\u00e1vols\u00e1g 30\/20 cm, vet\u00e9si mennyis\u00e9gt\u0151l f\u00fcgg\u0151en 40-50 g \/ 10 \u00e1r. A minim\u00e1lis h\u0151m\u00e9rs\u00e9klet, amelyen a magvak cs\u00edr\u00e1znak, 3 Celsius fok.<\/p>\n<p>A csomag 2 gram magot tartalmaz<\/p>\n","protected":false},"featured_media":24278,"comment_status":"closed","ping_status":"closed","template":"","meta":[],"product_brand":[],"product_cat":[382],"product_tag":[],"class_list":{"0":"post-24277","1":"product","2":"type-product","3":"status-publish","4":"has-post-thumbnail","6":"product_cat-salata-es-retek-vetomagok","8":"first","9":"instock","10":"taxable","11":"shipping-taxable","12":"purchasable","13":"product-type-simple"},"_links":{"self":[{"href":"https:\/\/chilimag.hu\/webshop\/wp-json\/wp\/v2\/product\/24277","targetHints":{"allow":["GET"]}}],"collection":[{"href":"https:\/\/chilimag.hu\/webshop\/wp-json\/wp\/v2\/product"}],"about":[{"href":"https:\/\/chilimag.hu\/webshop\/wp-json\/wp\/v2\/types\/product"}],"replies":[{"embeddable":true,"href":"https:\/\/chilimag.hu\/webshop\/wp-json\/wp\/v2\/comments?post=24277"}],"wp:featuredmedia":[{"embeddable":true,"href":"https:\/\/chilimag.hu\/webshop\/wp-json\/wp\/v2\/media\/24278"}],"wp:attachment":[{"href":"https:\/\/chilimag.hu\/webshop\/wp-json\/wp\/v2\/media?parent=24277"}],"wp:term":[{"taxonomy":"product_brand","embeddable":true,"href":"https:\/\/chilimag.hu\/webshop\/wp-json\/wp\/v2\/product_brand?post=24277"},{"taxonomy":"product_cat","embeddable":true,"href":"https:\/\/chilimag.hu\/webshop\/wp-json\/wp\/v2\/product_cat?post=24277"},{"taxonomy":"product_tag","embeddable":true,"href":"https:\/\/chilimag.hu\/webshop\/wp-json\/wp\/v2\/product_tag?post=24277"}],"curies":[{"name":"wp","href":"https:\/\/api.w.org\/{rel}","templated":true}]}}