{"id":24274,"date":"2023-04-10T08:25:32","date_gmt":"2023-04-10T08:25:32","guid":{"rendered":"https:\/\/chilimag.hu\/webshop\/?post_type=product&#038;p=24274"},"modified":"2026-03-21T20:23:37","modified_gmt":"2026-03-21T20:23:37","slug":"gorogszena-florian-bg","status":"publish","type":"product","link":"https:\/\/chilimag.hu\/webshop\/termek\/gorogszena-florian-bg\/","title":{"rendered":"G\u00f6r\u00f6gsz\u00e9na Florian Bg"},"content":{"rendered":"","protected":false},"excerpt":{"rendered":"<p><img decoding=\"async\" class=\"img-inline\" src=\"https:\/\/brcci.eu\/cache\/thumbnails\/12ecd0e6e419f1b9b1484ef02ad361979dd8e054\/1a6c5e1406ad462ca86d17b2800862d7f837862c-829875ad0a268b741b7edd818ffce098.png\" alt=\"FLORIAN OOD\" \/><\/p>\n<p>Egyny\u00e1ri h\u00fcvelyes n\u00f6v\u00e9ny, amely el\u00e9ri az 50 cm magass\u00e1got \u00e9s hossz\u00fa h\u00fcvelyeket k\u00e9pez, amelyek 10-20 b\u00e9zs-barna magot tartalmaznak. Haszn\u00e1lat el\u0151tt a magokat megsz\u00e1r\u00edtjuk, \u00e9s a s\u00fct\u0151ben kicsit megs\u00fctj\u00fck. Er\u0151s illat\u00faak, \u0151r\u00f6ltek \u00e9s a vegyes s\u00f3 (bors, paprika, s\u00f3 stb. kever\u00e9ke &#8211; tipikus bolg\u00e1r) f\u0151 \u00f6sszetev\u0151je. Leveleit k\u00fcl\u00f6nf\u00e9le \u00e9telek \u00edzes\u00edt\u00e9s\u00e9re, szal\u00e1mi, kolb\u00e1sz stb. Mivel a gy\u00f3gyn\u00f6v\u00e9ny er\u0151s fert\u0151tlen\u00edt\u0151 hat\u00e1s\u00fa, gy\u00f3gy\u00edtja a h\u00f6rghurutot \u00e9s az em\u00e9szt\u0151rendszeri probl\u00e9m\u00e1kat. Serkenti a szervezet erej\u00e9t, cs\u00f6kkenti a v\u00e9rcukor- \u00e9s koleszterinszintet. A magokat tavasszal (m\u00e1rciusban) k\u00f6zvetlen\u00fcl napos helyre vetj\u00fck, miut\u00e1n a fagyvesz\u00e9ly elm\u00falt. A megs\u00e1rgult h\u00fcvelyeket ny\u00e1r v\u00e9g\u00e9n \u00e9s \u0151sz elej\u00e9n sz\u00fcretelik. A veget\u00e1ci\u00f3s id\u0151szak 140-150 nap.<\/p>\n<p>Magok mennyis\u00e9ge zs\u00e1konk\u00e9nt: 2 gramm<\/p>\n<p>M\u0171szaki adatok:<\/p>\n<p>A vet\u0151magb\u00f3l t\u00f6rt\u00e9n\u0151 termel\u00e9s t\u00edpusai<br \/>\n\u00c1ltal\u00e1noss\u00e1gok:<\/p>\n<p>S\u00falya 2 gramm<br \/>\nM\u00e1rciusi \u00fcltet\u00e9s<br \/>\nA betakar\u00edt\u00e1s j\u00faliusban kezd\u0151dik<br \/>\nVeget\u00e1ci\u00f3ja 140-150 nap<\/p>\n<p>A csomag 2 gram magot tartalmaz<\/p>\n","protected":false},"featured_media":24275,"comment_status":"closed","ping_status":"closed","template":"","meta":[],"product_brand":[],"product_cat":[374],"product_tag":[],"class_list":{"0":"post-24274","1":"product","2":"type-product","3":"status-publish","4":"has-post-thumbnail","6":"product_cat-fuszer-es-gyogynoveny-vetomagok-bolgar-florian-vetomagok","8":"first","9":"instock","10":"taxable","11":"shipping-taxable","12":"purchasable","13":"product-type-simple"},"_links":{"self":[{"href":"https:\/\/chilimag.hu\/webshop\/wp-json\/wp\/v2\/product\/24274","targetHints":{"allow":["GET"]}}],"collection":[{"href":"https:\/\/chilimag.hu\/webshop\/wp-json\/wp\/v2\/product"}],"about":[{"href":"https:\/\/chilimag.hu\/webshop\/wp-json\/wp\/v2\/types\/product"}],"replies":[{"embeddable":true,"href":"https:\/\/chilimag.hu\/webshop\/wp-json\/wp\/v2\/comments?post=24274"}],"wp:featuredmedia":[{"embeddable":true,"href":"https:\/\/chilimag.hu\/webshop\/wp-json\/wp\/v2\/media\/24275"}],"wp:attachment":[{"href":"https:\/\/chilimag.hu\/webshop\/wp-json\/wp\/v2\/media?parent=24274"}],"wp:term":[{"taxonomy":"product_brand","embeddable":true,"href":"https:\/\/chilimag.hu\/webshop\/wp-json\/wp\/v2\/product_brand?post=24274"},{"taxonomy":"product_cat","embeddable":true,"href":"https:\/\/chilimag.hu\/webshop\/wp-json\/wp\/v2\/product_cat?post=24274"},{"taxonomy":"product_tag","embeddable":true,"href":"https:\/\/chilimag.hu\/webshop\/wp-json\/wp\/v2\/product_tag?post=24274"}],"curies":[{"name":"wp","href":"https:\/\/api.w.org\/{rel}","templated":true}]}}