{"id":24270,"date":"2023-04-10T08:19:47","date_gmt":"2023-04-10T08:19:47","guid":{"rendered":"https:\/\/chilimag.hu\/webshop\/?post_type=product&#038;p=24270"},"modified":"2026-04-03T15:55:55","modified_gmt":"2026-04-03T15:55:55","slug":"indiai-citromfu-florian-bg","status":"publish","type":"product","link":"https:\/\/chilimag.hu\/webshop\/termek\/indiai-citromfu-florian-bg\/","title":{"rendered":"Indiai Citromf\u0171 Florian Bg"},"content":{"rendered":"","protected":false},"excerpt":{"rendered":"<p><img decoding=\"async\" class=\"img-inline\" src=\"https:\/\/brcci.eu\/cache\/thumbnails\/12ecd0e6e419f1b9b1484ef02ad361979dd8e054\/1a6c5e1406ad462ca86d17b2800862d7f837862c-829875ad0a268b741b7edd818ffce098.png\" alt=\"FLORIAN OOD\" \/><\/p>\n<p>Citromf\u0171, Citromf\u0171 magvak<\/p>\n<p>Kiszerel\u00e9s: 200 mag (0,1 gr)<\/p>\n<p>\u00c9vel\u0151 n\u00f6v\u00e9ny keskeny \u00e9s \u00e9les levelekkel, melyek magass\u00e1ga el\u00e9ri az 1,20 m magass\u00e1got, a sz\u00e1r finom magj\u00e1t f\u0151k\u00e9nt f\u0171szer- \u00e9s gy\u00f3gyn\u00f6v\u00e9nyk\u00e9nt haszn\u00e1lj\u00e1k. Alkalmas k\u00fcl\u00f6nf\u00e9le \u00e9telekhez az \u00e1zsiai konyh\u00e1b\u00f3l, tenger gy\u00fcm\u00f6lcseihez, komp\u00f3tok \u00edzes\u00edt\u00e9s\u00e9re, te\u00e1k megf\u00e1z\u00e1sra, f\u00e1radts\u00e1gra, stresszre. A nedvess\u00e9get \u00e9s a f\u00e9nyt kedvel\u0151 n\u00f6v\u00e9ny.<\/p>\n<p>&nbsp;<\/p>\n<p>A citromf\u0171 arom\u00e1s, \u00e9vel\u0151 n\u00f6v\u00e9ny, \u00e9les \u00e9s hossz\u00fa levelekkel. \u00dagy n\u00e9z ki, mint egy sz\u00e9les level\u0171 f\u0171, kicsit z\u00f6ld fokhagym\u00e1ra hasonl\u00edt, \u00e9s k\u00fcl\u00f6nleges citrom\u00edze van. Gy\u00f3gyn\u00f6v\u00e9nyk\u00e9nt is haszn\u00e1lj\u00e1k, karcinog\u00e9n tulajdons\u00e1gokkal rendelkezik. Ezen k\u00edv\u00fcl t\u00f6bb mint 55 citromf\u0171faj l\u00e9tezik, amelyek mindegyike meg\u0151rzi a citrom arom\u00e1j\u00e1t.<\/p>\n<p>Friss, sz\u00e1raz vagy por\u00edtott form\u00e1ban (\u201esereh\u201d) tal\u00e1lhat\u00f3. Haszn\u00e1lj\u00e1k te\u00e1khoz, levesekhez, currykhoz, csirkeh\u00fasos \u00e9telekhez, halakhoz \u00e9s tenger gy\u00fcm\u00f6lcseihez. A n\u00f6v\u00e9ny rostos, ez\u00e9rt citromf\u0171vel val\u00f3 f\u0151z\u00e9skor a n\u00f6v\u00e9nyt az el\u0151k\u00e9sz\u00edt\u00e9s v\u00e9g\u00e9n kivessz\u00fck a k\u00e9sz\u00edtm\u00e9nyb\u0151l, vagy hosszan forraljuk (kb. 15 percig). A friss citromf\u0171 n\u00f6v\u00e9nynek csak a feh\u00e9r r\u00e9sz\u00e9t haszn\u00e1lj\u00e1k fel a f\u0151z\u00e9shez. Haszn\u00e1lat el\u0151tt javasolt a sz\u00e1rakat megmosni \u00e9s v\u00edzben kb. 2 \u00f3ra.<\/p>\n<p>A citromf\u0171 tart\u00f3s\u00edt\u00e1s\u00e1nak \u00e9s tart\u00f3s\u00edt\u00e1s\u00e1nak m\u00f3djai:<\/p>\n<p>\u2013 H\u0171t\u0151ben m\u0171anyagba csomagolva a citromf\u0171 kb. 2-3 h\u00e9t.<br \/>\n\u2013 A fagyasztott sz\u00e1rat t\u00f6bb h\u00f3napig t\u00e1rolj\u00e1<\/p>\n<p>&nbsp;<\/p>\n","protected":false},"featured_media":24702,"comment_status":"closed","ping_status":"closed","template":"","meta":[],"product_brand":[],"product_cat":[374],"product_tag":[],"class_list":{"0":"post-24270","1":"product","2":"type-product","3":"status-publish","4":"has-post-thumbnail","6":"product_cat-fuszer-es-gyogynoveny-vetomagok-bolgar-florian-vetomagok","8":"first","9":"instock","10":"taxable","11":"shipping-taxable","12":"purchasable","13":"product-type-simple"},"_links":{"self":[{"href":"https:\/\/chilimag.hu\/webshop\/wp-json\/wp\/v2\/product\/24270","targetHints":{"allow":["GET"]}}],"collection":[{"href":"https:\/\/chilimag.hu\/webshop\/wp-json\/wp\/v2\/product"}],"about":[{"href":"https:\/\/chilimag.hu\/webshop\/wp-json\/wp\/v2\/types\/product"}],"replies":[{"embeddable":true,"href":"https:\/\/chilimag.hu\/webshop\/wp-json\/wp\/v2\/comments?post=24270"}],"wp:featuredmedia":[{"embeddable":true,"href":"https:\/\/chilimag.hu\/webshop\/wp-json\/wp\/v2\/media\/24702"}],"wp:attachment":[{"href":"https:\/\/chilimag.hu\/webshop\/wp-json\/wp\/v2\/media?parent=24270"}],"wp:term":[{"taxonomy":"product_brand","embeddable":true,"href":"https:\/\/chilimag.hu\/webshop\/wp-json\/wp\/v2\/product_brand?post=24270"},{"taxonomy":"product_cat","embeddable":true,"href":"https:\/\/chilimag.hu\/webshop\/wp-json\/wp\/v2\/product_cat?post=24270"},{"taxonomy":"product_tag","embeddable":true,"href":"https:\/\/chilimag.hu\/webshop\/wp-json\/wp\/v2\/product_tag?post=24270"}],"curies":[{"name":"wp","href":"https:\/\/api.w.org\/{rel}","templated":true}]}}