{"id":24267,"date":"2023-04-10T08:12:32","date_gmt":"2023-04-10T08:12:32","guid":{"rendered":"https:\/\/chilimag.hu\/webshop\/?post_type=product&#038;p=24267"},"modified":"2026-04-09T13:26:26","modified_gmt":"2026-04-09T13:26:26","slug":"articsoka-florian-bg","status":"publish","type":"product","link":"https:\/\/chilimag.hu\/webshop\/termek\/articsoka-florian-bg\/","title":{"rendered":"Artics\u00f3ka Florian Bg"},"content":{"rendered":"","protected":false},"excerpt":{"rendered":"<p><img decoding=\"async\" class=\"\" src=\"https:\/\/c.cdnmp.net\/592978066\/brands\/1000002_logo.png\" alt=\"Florian\" width=\"151\" height=\"79\" \/><\/p>\n<p>Az artics\u00f3ka \u00e9vel\u0151 n\u00f6v\u00e9ny, melynek ehet\u0151 r\u00e9sz\u00e9t a h\u00fasos z\u00f6ld tobozra eml\u00e9keztet\u0151, \u00f6k\u00f6lnyi m\u00e9ret\u0171 fiatal vir\u00e1gzat alkotja, \u00e9s a m\u00e1sodik \u00e9vben leszedhet\u0151, amikor a h\u00fasos h\u00e9jak \u00e9s a h\u00fasos als\u00f3 r\u00e9sz fogyaszt\u00e1sra ker\u00fcl. A vir\u00e1gzat \u00e1tm\u00e9r\u0151je el\u00e9ri a 7,5-12,5 cm-t, t\u00f6m\u00f6r \u00e9s arom\u00e1s magjuk van, di\u00f3hoz vagy mogyor\u00f3hoz hasonl\u00f3 finom \u00edzzel. A vir\u00e1gzat levelei \u00e9les v\u00e9g\u0171ek, fogyaszt\u00e1s el\u0151tt aj\u00e1nlott lev\u00e1gni. Az artics\u00f3ka er\u0151s antioxid\u00e1ns, nagyon er\u0151s k\u00e1lium- \u00e9s fol\u00e1tforr\u00e1s. M\u00e9rs\u00e9kelten nedves talajt ig\u00e9nyel, mert a t\u00fal sok nedvess\u00e9g k\u00e1ros\u00edthatja Veget\u00e1ci\u00f3s ideje 120-150 nap.<\/p>\n<p>Vet\u00e9s: A magokat fedve vetj\u00fck el, hogy pal\u00e1nt\u00e1kat hozzanak l\u00e9tre febru\u00e1rban, a szabadba pedig m\u00e1rcius v\u00e9g\u00e9n, \u00e1prilis elej\u00e9n.<\/p>\n<p>\u00c1t\u00fcltet\u00e9s \u00e1prilist\u00f3l szeptemberig T\u00e1vols\u00e1g 25-30 cm M\u00e9lys\u00e9g 1,3 cm.<\/p>\n<p>A magok mennyis\u00e9ge zs\u00e1konk\u00e9nt: 1,5 gramm<\/p>\n<p>M\u0171szaki adatok:<\/p>\n<p>M\u00e9lys\u00e9ge 1,3 cm<br \/>\nFebru\u00e1rt\u00f3l kezd\u0151d\u0151en, m\u00e1rcius-\u00e1prilisban vetik<br \/>\nVet\u00e9smennyis\u00e9g 0,100-0,120 Kg\/hekt\u00e1r<br \/>\nA vet\u0151magb\u00f3l t\u00f6rt\u00e9n\u0151 termel\u00e9s t\u00edpusai<br \/>\n\u00c1ltal\u00e1noss\u00e1gok:<\/p>\n<p>20-25 magot tartalmaz grammonk\u00e9nt<br \/>\nS\u00falya 1,5 gramm<br \/>\n\u00dcltet\u00e9s \u00e1prilis-szeptember<br \/>\nM\u00e1sodik \u00e9v betakar\u00edt\u00e1s &#8211; j\u00falius-augusztus<br \/>\nVeget\u00e1ci\u00f3ja 120-150 nap<\/p>\n","protected":false},"featured_media":24268,"comment_status":"closed","ping_status":"closed","template":"","meta":[],"product_brand":[],"product_cat":[386],"product_tag":[],"class_list":{"0":"post-24267","1":"product","2":"type-product","3":"status-publish","4":"has-post-thumbnail","6":"product_cat-zoldseg-vetomagok-bolgar-florian-vetomagok","8":"first","9":"instock","10":"taxable","11":"shipping-taxable","12":"purchasable","13":"product-type-simple"},"_links":{"self":[{"href":"https:\/\/chilimag.hu\/webshop\/wp-json\/wp\/v2\/product\/24267","targetHints":{"allow":["GET"]}}],"collection":[{"href":"https:\/\/chilimag.hu\/webshop\/wp-json\/wp\/v2\/product"}],"about":[{"href":"https:\/\/chilimag.hu\/webshop\/wp-json\/wp\/v2\/types\/product"}],"replies":[{"embeddable":true,"href":"https:\/\/chilimag.hu\/webshop\/wp-json\/wp\/v2\/comments?post=24267"}],"wp:featuredmedia":[{"embeddable":true,"href":"https:\/\/chilimag.hu\/webshop\/wp-json\/wp\/v2\/media\/24268"}],"wp:attachment":[{"href":"https:\/\/chilimag.hu\/webshop\/wp-json\/wp\/v2\/media?parent=24267"}],"wp:term":[{"taxonomy":"product_brand","embeddable":true,"href":"https:\/\/chilimag.hu\/webshop\/wp-json\/wp\/v2\/product_brand?post=24267"},{"taxonomy":"product_cat","embeddable":true,"href":"https:\/\/chilimag.hu\/webshop\/wp-json\/wp\/v2\/product_cat?post=24267"},{"taxonomy":"product_tag","embeddable":true,"href":"https:\/\/chilimag.hu\/webshop\/wp-json\/wp\/v2\/product_tag?post=24267"}],"curies":[{"name":"wp","href":"https:\/\/api.w.org\/{rel}","templated":true}]}}