{"id":24265,"date":"2023-04-10T08:07:06","date_gmt":"2023-04-10T08:07:06","guid":{"rendered":"https:\/\/chilimag.hu\/webshop\/?post_type=product&#038;p=24265"},"modified":"2026-03-20T17:55:51","modified_gmt":"2026-03-20T17:55:51","slug":"sargarepa-round-florian-bg","status":"publish","type":"product","link":"https:\/\/chilimag.hu\/webshop\/termek\/sargarepa-round-florian-bg\/","title":{"rendered":"S\u00e1rgar\u00e9pa Round Florian Bg"},"content":{"rendered":"","protected":false},"excerpt":{"rendered":"<p><img decoding=\"async\" class=\"img-inline\" src=\"https:\/\/brcci.eu\/cache\/thumbnails\/12ecd0e6e419f1b9b1484ef02ad361979dd8e054\/1a6c5e1406ad462ca86d17b2800862d7f837862c-829875ad0a268b741b7edd818ffce098.png\" alt=\"FLORIAN OOD\" \/><\/p>\n<p>KEREK s\u00e1rgar\u00e9pa &#8211; 3 gr<\/p>\n<p>K\u00f6z\u00e9pkorai s\u00e1rgar\u00e9pa fajta kerek gy\u00f6k\u00e9rz\u00f6lds\u00e9gekkel, narancs sz\u00edn\u0171 Friss fogyaszt\u00e1sra, feldolgoz\u00e1sra, t\u00e1rol\u00e1sra aj\u00e1nlott Vet\u00e9s:<\/p>\n<p>kora tavaszi n\u00f6v\u00e9nyek eset\u00e9ben febru\u00e1r 20-m\u00e1rcius 10<\/p>\n<p>a sz\u00e1nt\u00f3f\u00f6ldi k\u00e9s\u0151i kult\u00far\u00e1khoz j\u00fanius 1-15<\/p>\n<p>t\u00e9l el\u0151tti december 1-15.<\/p>\n<p>A vet\u00e9s cs\u00edkokban t\u00f6rt\u00e9nik, a cs\u00edkok k\u00f6z\u00f6tti t\u00e1vols\u00e1g 60 cm, a sorok k\u00f6z\u00f6tt 25 cm, Vet\u00e9s ut\u00e1n hengerrel \u00e1tvezetj\u00fck.<\/p>\n<p>Magok mennyis\u00e9ge zs\u00e1konk\u00e9nt: 3 gramm (2400-3000 db).<\/p>\n<p>Veget\u00e1ci\u00f3s id\u0151szak 80-90 nap.<\/p>\n<p>M\u0171szaki adatok:<\/p>\n<p>M\u00e9lys\u00e9ge 2-3 cm<br \/>\nVet\u00e9s febru\u00e1rt\u00f3l kezd\u0151d\u0151en<br \/>\nVet\u0151mennyis\u00e9g 450-600 gramm\/hekt\u00e1r<br \/>\nA vet\u0151magb\u00f3l t\u00f6rt\u00e9n\u0151 termel\u00e9s t\u00edpusai<br \/>\n\u00c1ltal\u00e1noss\u00e1gok:<\/p>\n<p>800-1000 magot tartalmaz grammonk\u00e9nt<br \/>\nS\u00falya 3 gramm<br \/>\n\u00dcltet\u00e9s febru\u00e1r-december<br \/>\nSz\u00fcret j\u00fanius-\u00e1prilis<br \/>\nVeget\u00e1ci\u00f3ja 80-90 nap<\/p>\n","protected":false},"featured_media":24266,"comment_status":"closed","ping_status":"closed","template":"","meta":[],"product_brand":[],"product_cat":[386],"product_tag":[],"class_list":{"0":"post-24265","1":"product","2":"type-product","3":"status-publish","4":"has-post-thumbnail","6":"product_cat-zoldseg-vetomagok-bolgar-florian-vetomagok","8":"first","9":"instock","10":"taxable","11":"shipping-taxable","12":"purchasable","13":"product-type-simple"},"_links":{"self":[{"href":"https:\/\/chilimag.hu\/webshop\/wp-json\/wp\/v2\/product\/24265","targetHints":{"allow":["GET"]}}],"collection":[{"href":"https:\/\/chilimag.hu\/webshop\/wp-json\/wp\/v2\/product"}],"about":[{"href":"https:\/\/chilimag.hu\/webshop\/wp-json\/wp\/v2\/types\/product"}],"replies":[{"embeddable":true,"href":"https:\/\/chilimag.hu\/webshop\/wp-json\/wp\/v2\/comments?post=24265"}],"wp:featuredmedia":[{"embeddable":true,"href":"https:\/\/chilimag.hu\/webshop\/wp-json\/wp\/v2\/media\/24266"}],"wp:attachment":[{"href":"https:\/\/chilimag.hu\/webshop\/wp-json\/wp\/v2\/media?parent=24265"}],"wp:term":[{"taxonomy":"product_brand","embeddable":true,"href":"https:\/\/chilimag.hu\/webshop\/wp-json\/wp\/v2\/product_brand?post=24265"},{"taxonomy":"product_cat","embeddable":true,"href":"https:\/\/chilimag.hu\/webshop\/wp-json\/wp\/v2\/product_cat?post=24265"},{"taxonomy":"product_tag","embeddable":true,"href":"https:\/\/chilimag.hu\/webshop\/wp-json\/wp\/v2\/product_tag?post=24265"}],"curies":[{"name":"wp","href":"https:\/\/api.w.org\/{rel}","templated":true}]}}