{"id":24262,"date":"2023-04-10T08:01:33","date_gmt":"2023-04-10T08:01:33","guid":{"rendered":"https:\/\/chilimag.hu\/webshop\/?post_type=product&#038;p=24262"},"modified":"2025-08-14T09:57:09","modified_gmt":"2025-08-14T09:57:09","slug":"kaktusz-kavics-florian-bg","status":"publish","type":"product","link":"https:\/\/chilimag.hu\/webshop\/termek\/kaktusz-kavics-florian-bg\/","title":{"rendered":"Kaktusz kavics Florian Bg"},"content":{"rendered":"","protected":false},"excerpt":{"rendered":"<p><img decoding=\"async\" class=\"img-inline\" src=\"https:\/\/brcci.eu\/cache\/thumbnails\/12ecd0e6e419f1b9b1484ef02ad361979dd8e054\/1a6c5e1406ad462ca86d17b2800862d7f837862c-829875ad0a268b741b7edd818ffce098.png\" alt=\"FLORIAN OOD\" \/><\/p>\n<p>Le\u00edr\u00e1s<br \/>\nZamatos n\u00f6v\u00e9nyek apr\u00f3 sz\u00e1rral, 1-5 p\u00e1r nagyon vastag \u00e9s kerek lev\u00e9llel elrejtve. \u00dagy n\u00e9znek ki, mint egy gy\u00f6ny\u00f6r\u0171 fel\u00fclet\u0171 kavics, ny\u00e1ron pedig nagy \u00e9s egzotikus vir\u00e1gokkal vir\u00e1goznak, hasonl\u00f3an a sz\u00e1zszorsz\u00e9pekhez. Alkalmasak mini kertek kialak\u00edt\u00e1s\u00e1ra vir\u00e1gcser\u00e9pben. A n\u00f6v\u00e9ny nem ig\u00e9nyes, a homokos \u00e9s k\u00f6ves talajokat r\u00e9szes\u00edti el\u0151nyben, t\u00e9len hibern\u00e1l, \u00e9s h\u0171v\u00f6s &#8211; 10-15 fokos &#8211; helyre kell vinni. A n\u00f6veked\u00e9s \u00e9s a vir\u00e1gz\u00e1s id\u0151szak\u00e1ban 3-4 hetente egyszer \u00f6nt\u00f6zz\u00fck, a hibern\u00e1lt id\u0151szakban pedig nem. A magvak 13-15 fokos h\u0151m\u00e9rs\u00e9kleten cs\u00edr\u00e1znak.Magass\u00e1ga 5 cm.<\/p>\n<p>Magok sz\u00e1ma zs\u00e1konk\u00e9nt: 10 mag<\/p>\n<p>M\u0171szaki adatok<br \/>\nM\u0170SZAKI ADATOK<br \/>\nM\u00e9lys\u00e9ge 3 cm<br \/>\nA vet\u0151magb\u00f3l t\u00f6rt\u00e9n\u0151 termel\u00e9s t\u00edpusai<br \/>\n\u00c1TTEKINT\u00c9S<br \/>\n10 db magot tartalmaz<br \/>\n\u00dcltet\u00e9s febru\u00e1r-m\u00e1jus<br \/>\nVeget\u00e1ci\u00f3 90 nap<\/p>\n","protected":false},"featured_media":24263,"comment_status":"closed","ping_status":"closed","template":"","meta":[],"product_brand":[],"product_cat":[384],"product_tag":[],"class_list":{"0":"post-24262","1":"product","2":"type-product","3":"status-publish","4":"has-post-thumbnail","6":"product_cat-virag-vetomagok-bolgar-florian-vetomagok","8":"first","9":"outofstock","10":"taxable","11":"shipping-taxable","12":"purchasable","13":"product-type-simple"},"_links":{"self":[{"href":"https:\/\/chilimag.hu\/webshop\/wp-json\/wp\/v2\/product\/24262","targetHints":{"allow":["GET"]}}],"collection":[{"href":"https:\/\/chilimag.hu\/webshop\/wp-json\/wp\/v2\/product"}],"about":[{"href":"https:\/\/chilimag.hu\/webshop\/wp-json\/wp\/v2\/types\/product"}],"replies":[{"embeddable":true,"href":"https:\/\/chilimag.hu\/webshop\/wp-json\/wp\/v2\/comments?post=24262"}],"wp:featuredmedia":[{"embeddable":true,"href":"https:\/\/chilimag.hu\/webshop\/wp-json\/wp\/v2\/media\/24263"}],"wp:attachment":[{"href":"https:\/\/chilimag.hu\/webshop\/wp-json\/wp\/v2\/media?parent=24262"}],"wp:term":[{"taxonomy":"product_brand","embeddable":true,"href":"https:\/\/chilimag.hu\/webshop\/wp-json\/wp\/v2\/product_brand?post=24262"},{"taxonomy":"product_cat","embeddable":true,"href":"https:\/\/chilimag.hu\/webshop\/wp-json\/wp\/v2\/product_cat?post=24262"},{"taxonomy":"product_tag","embeddable":true,"href":"https:\/\/chilimag.hu\/webshop\/wp-json\/wp\/v2\/product_tag?post=24262"}],"curies":[{"name":"wp","href":"https:\/\/api.w.org\/{rel}","templated":true}]}}