{"id":24259,"date":"2023-04-10T07:55:03","date_gmt":"2023-04-10T07:55:03","guid":{"rendered":"https:\/\/chilimag.hu\/webshop\/?post_type=product&#038;p=24259"},"modified":"2026-02-21T19:48:11","modified_gmt":"2026-02-21T19:48:11","slug":"paradicsom-paulina-bg-f1-profy-2-florian-bg","status":"publish","type":"product","link":"https:\/\/chilimag.hu\/webshop\/termek\/paradicsom-paulina-bg-f1-profy-2-florian-bg\/","title":{"rendered":"Paradicsom Paulina BG F1 Profy 2 Florian Bg"},"content":{"rendered":"","protected":false},"excerpt":{"rendered":"<p><img decoding=\"async\" class=\"img-inline\" src=\"https:\/\/brcci.eu\/cache\/thumbnails\/12ecd0e6e419f1b9b1484ef02ad361979dd8e054\/1a6c5e1406ad462ca86d17b2800862d7f837862c-829875ad0a268b741b7edd818ffce098.png\" alt=\"FLORIAN OOD\" \/><\/p>\n<p>Hat\u00e1rozatlan (magas) term\u0151k\u00e9pess\u00e9g\u0171 hibrid, amely korai \u00e9r\u00e9si tulajdons\u00e1gokat, nagy term\u00e9st, magas term\u0151k\u00e9pess\u00e9get \u00e9s rendk\u00edv\u00fcli \u00edzvil\u00e1got halmozott fel. Alkalmas korai \u00e9s f\u00e9lkorai termeszt\u00e9sre \u00fcvegh\u00e1zakban \u00e9s szabadban. Term\u00e9sei sim\u00e1k, kerekek, a farok k\u00f6r\u00fcl z\u00f6ld gy\u0171r\u0171 n\u00e9lk\u00fcl, kem\u00e9nyek, nem repedeznek, intenz\u00edv v\u00f6r\u00f6s sz\u00edn\u0171ek, 210-230 gramm t\u00f6meg\u0171ek, sz\u00e1ll\u00edthat\u00f3k, t\u00e1rol\u00e1snak ellen\u00e1ll\u00f3ak. Ellen\u00e1ll a doh\u00e1nymozaiknak, a verticilian \u00e9s a fuz\u00e1ri hervad\u00e1snak. Friss fogyaszt\u00e1sra alkalmas.<\/p>\n<p>Kiszerel\u00e9s: 60 mag (0,2 gr)<\/p>\n<p>&nbsp;<\/p>\n<p>Vet\u00e9s: janu\u00e1r 15-febru\u00e1r 25.<br \/>\n\u00c1t\u00fcltet\u00e9s: m\u00e1rcius 25-\u00e1prilis 20. 80\/40 cm t\u00e1vols\u00e1gra.<br \/>\nMagok mennyis\u00e9ge zs\u00e1konk\u00e9nt: 0,5 gramm (125-150 db).<br \/>\nM\u0171szaki adatok:<\/p>\n<p>M\u00e9lys\u00e9ge 1-1,5 cm<br \/>\nVet\u00e9s janu\u00e1r 15-t\u0151l febru\u00e1r 25-ig<br \/>\nVet\u00e9smennyis\u00e9g 20-25 gramm\/hekt\u00e1r<br \/>\nA magvakb\u00f3l, pal\u00e1nt\u00e1kb\u00f3l t\u00f6rt\u00e9n\u0151 el\u0151\u00e1ll\u00edt\u00e1s fajt\u00e1i<br \/>\n\u00c1ltal\u00e1noss\u00e1gok:<\/p>\n<p>250-300 magot tartalmaz grammonk\u00e9nt<br \/>\nS\u00falya 0,2 gramm<br \/>\n\u00dcltet\u00e9s janu\u00e1r-febru\u00e1r<br \/>\nSz\u00fcret m\u00e1jus-j\u00fanius<br \/>\nVeget\u00e1ci\u00f3ja 110-120 nap<\/p>\n<p>A csomag 0,5 gram magot tartalmaz<\/p>\n","protected":false},"featured_media":24260,"comment_status":"closed","ping_status":"closed","template":"","meta":[],"product_brand":[],"product_cat":[381],"product_tag":[],"class_list":{"0":"post-24259","1":"product","2":"type-product","3":"status-publish","4":"has-post-thumbnail","6":"product_cat-paradicsom-vetomagok-bolgar-florian-vetomagok","8":"first","9":"instock","10":"taxable","11":"shipping-taxable","12":"purchasable","13":"product-type-simple"},"_links":{"self":[{"href":"https:\/\/chilimag.hu\/webshop\/wp-json\/wp\/v2\/product\/24259","targetHints":{"allow":["GET"]}}],"collection":[{"href":"https:\/\/chilimag.hu\/webshop\/wp-json\/wp\/v2\/product"}],"about":[{"href":"https:\/\/chilimag.hu\/webshop\/wp-json\/wp\/v2\/types\/product"}],"replies":[{"embeddable":true,"href":"https:\/\/chilimag.hu\/webshop\/wp-json\/wp\/v2\/comments?post=24259"}],"wp:featuredmedia":[{"embeddable":true,"href":"https:\/\/chilimag.hu\/webshop\/wp-json\/wp\/v2\/media\/24260"}],"wp:attachment":[{"href":"https:\/\/chilimag.hu\/webshop\/wp-json\/wp\/v2\/media?parent=24259"}],"wp:term":[{"taxonomy":"product_brand","embeddable":true,"href":"https:\/\/chilimag.hu\/webshop\/wp-json\/wp\/v2\/product_brand?post=24259"},{"taxonomy":"product_cat","embeddable":true,"href":"https:\/\/chilimag.hu\/webshop\/wp-json\/wp\/v2\/product_cat?post=24259"},{"taxonomy":"product_tag","embeddable":true,"href":"https:\/\/chilimag.hu\/webshop\/wp-json\/wp\/v2\/product_tag?post=24259"}],"curies":[{"name":"wp","href":"https:\/\/api.w.org\/{rel}","templated":true}]}}