{"id":24256,"date":"2023-04-10T07:48:32","date_gmt":"2023-04-10T07:48:32","guid":{"rendered":"https:\/\/chilimag.hu\/webshop\/?post_type=product&#038;p=24256"},"modified":"2026-02-22T11:23:25","modified_gmt":"2026-02-22T11:23:25","slug":"pagoda-karfiol-romanesco-florian-bg","status":"publish","type":"product","link":"https:\/\/chilimag.hu\/webshop\/termek\/pagoda-karfiol-romanesco-florian-bg\/","title":{"rendered":"Pagoda karfiol Romanesco Florian Bg"},"content":{"rendered":"","protected":false},"excerpt":{"rendered":"<p><img decoding=\"async\" class=\"img-inline\" src=\"https:\/\/brcci.eu\/cache\/thumbnails\/12ecd0e6e419f1b9b1484ef02ad361979dd8e054\/1a6c5e1406ad462ca86d17b2800862d7f837862c-829875ad0a268b741b7edd818ffce098.png\" alt=\"FLORIAN OOD\" \/><\/p>\n<p>ROMANESCO karfiol &#8211; 1,5 gr<\/p>\n<p>A n\u00f6v\u00e9nyeket pal\u00e1ntanevel\u00e9ssel \u00e1ll\u00edtj\u00e1k el\u0151. Vet\u00e9s:<\/p>\n<p>korai n\u00f6v\u00e9nyekn\u00e9l janu\u00e1r 10-20<\/p>\n<p>k\u00e9s\u0151i vet\u00e9sre m\u00e1jus 25-j\u00falius 10.<\/p>\n<p>A korai n\u00f6v\u00e9nyek pal\u00e1nt\u00e1inak ki\u00fcltet\u00e9se m\u00e1rcius 20-a k\u00f6r\u00fcl, a k\u00e9s\u0151i n\u00f6v\u00e9nyek eset\u00e9ben j\u00fanius 25-j\u00falius 10.<\/p>\n<p>Magok mennyis\u00e9ge zs\u00e1konk\u00e9nt: 1,5 gramm (450-500 db).<\/p>\n<p>M\u0171szaki adatok:<\/p>\n<p>M\u00e9lys\u00e9ge 1,5-2 cm<br \/>\nJanu\u00e1r 10-20-ig, m\u00e1jus 25-j\u00fanius 10-ig vetik<br \/>\nVet\u00e9smennyis\u00e9g 60-70 gramm\/hekt\u00e1r<br \/>\nA vet\u0151magb\u00f3l t\u00f6rt\u00e9n\u0151 termel\u00e9s t\u00edpusai<br \/>\n\u00c1ltal\u00e1noss\u00e1gok:<\/p>\n<p>300-350 magot tartalmaz grammonk\u00e9nt<br \/>\nS\u00falya 1,5 gramm<br \/>\n\u00dcltet\u00e9s janu\u00e1r\/\u00e1prilis-j\u00fanius<br \/>\nSz\u00fcret j\u00fanius-szeptember-november<br \/>\nVeget\u00e1ci\u00f3ja 65-70 nap<\/p>\n<p>A csomag 1,5 gram magot tartalmaz<\/p>\n","protected":false},"featured_media":24257,"comment_status":"closed","ping_status":"closed","template":"","meta":[],"product_brand":[],"product_cat":[378],"product_tag":[],"class_list":{"0":"post-24256","1":"product","2":"type-product","3":"status-publish","4":"has-post-thumbnail","6":"product_cat-kaposzta-es-karfiol-vetomagok","8":"first","9":"instock","10":"taxable","11":"shipping-taxable","12":"purchasable","13":"product-type-simple"},"_links":{"self":[{"href":"https:\/\/chilimag.hu\/webshop\/wp-json\/wp\/v2\/product\/24256","targetHints":{"allow":["GET"]}}],"collection":[{"href":"https:\/\/chilimag.hu\/webshop\/wp-json\/wp\/v2\/product"}],"about":[{"href":"https:\/\/chilimag.hu\/webshop\/wp-json\/wp\/v2\/types\/product"}],"replies":[{"embeddable":true,"href":"https:\/\/chilimag.hu\/webshop\/wp-json\/wp\/v2\/comments?post=24256"}],"wp:featuredmedia":[{"embeddable":true,"href":"https:\/\/chilimag.hu\/webshop\/wp-json\/wp\/v2\/media\/24257"}],"wp:attachment":[{"href":"https:\/\/chilimag.hu\/webshop\/wp-json\/wp\/v2\/media?parent=24256"}],"wp:term":[{"taxonomy":"product_brand","embeddable":true,"href":"https:\/\/chilimag.hu\/webshop\/wp-json\/wp\/v2\/product_brand?post=24256"},{"taxonomy":"product_cat","embeddable":true,"href":"https:\/\/chilimag.hu\/webshop\/wp-json\/wp\/v2\/product_cat?post=24256"},{"taxonomy":"product_tag","embeddable":true,"href":"https:\/\/chilimag.hu\/webshop\/wp-json\/wp\/v2\/product_tag?post=24256"}],"curies":[{"name":"wp","href":"https:\/\/api.w.org\/{rel}","templated":true}]}}