{"id":24253,"date":"2023-04-10T07:40:33","date_gmt":"2023-04-10T07:40:33","guid":{"rendered":"https:\/\/chilimag.hu\/webshop\/?post_type=product&#038;p=24253"},"modified":"2026-02-11T17:59:33","modified_gmt":"2026-02-11T17:59:33","slug":"uborka-floryana-profy-gold-florian-bg","status":"publish","type":"product","link":"https:\/\/chilimag.hu\/webshop\/termek\/uborka-floryana-profy-gold-florian-bg\/","title":{"rendered":"Uborka Floriyana F1 Profy Gold Florian Bg"},"content":{"rendered":"","protected":false},"excerpt":{"rendered":"<p><img decoding=\"async\" class=\"img-inline\" src=\"https:\/\/brcci.eu\/cache\/thumbnails\/12ecd0e6e419f1b9b1484ef02ad361979dd8e054\/1a6c5e1406ad462ca86d17b2800862d7f837862c-829875ad0a268b741b7edd818ffce098.png\" alt=\"FLORIAN OOD\" \/><\/p>\n<p>Floriana F1 uborka magvak<\/p>\n<p>Magok sz\u00e1ma: 20 mag<\/p>\n<p>Nagy term\u0151k\u00e9pess\u00e9g\u0171, n\u0151ivar\u00fa, partenokarpos szol\u00e1ris uborka hibrid, eg\u00e9sz \u00e9vben \u00fcvegh\u00e1zi termeszt\u00e9sre sz\u00e1nt. Alacsony \u00e9s magas h\u0151m\u00e9rs\u00e9kleten nagyon j\u00f3 alkalmazkod\u00f3k\u00e9pess\u00e9g \u00e9s rugalmass\u00e1g, valamint a fiatal l\u00e1ncszemek vet\u00e9l\u00e9se ir\u00e1nti gyenge \u00e9rz\u00e9kenys\u00e9g jellemzi. A fajta k\u00f6zepesen er\u00f5s \u00e9s er\u00f5teljes, nagy, s\u00f6t\u00e9tz\u00f6ld levelekkel. Term\u00e9sei hossz\u00fak\u00e1s henger alak\u00faak, s\u00f6t\u00e9tz\u00f6ldek, f\u00e9nyesek, bord\u00e1zottak, 30-34 cm hossz\u00faak, 300-340 g \u00e1tlagos t\u00f6meg\u0171ek, szed\u00e9s ut\u00e1ni tart\u00f3ss\u00e1guk, vonz\u00f3 kereskedelmi megjelen\u00e9s\u00fck. A gy\u00fcm\u00f6lcs\u00f6ket rendk\u00edv\u00fcl kellemes \u00edz, er\u0151s uborka aroma, ropog\u00f3s \u00e9s t\u00f6r\u00e9keny \u00e1llag jellemzi, friss fogyaszt\u00e1sra alkalmasak.<\/p>\n<p>&nbsp;<\/p>\n<p>Vet\u00e9si id\u0151szak: kora \u2013 febru\u00e1r 10. \u2013 m\u00e1rcius 15., k\u00e9s\u0151 \u2013 m\u00e1jus 20. \u2013 j\u00falius 10.<\/p>\n<p>\u00dcltet\u00e9si id\u0151szak: \u00e1prilis 10 &#8211; m\u00e1jus 5; j\u00falius 15-augusztus 10<\/p>\n<p>N\u00f6v\u00e9nysz\u00e1m hekt\u00e1ronk\u00e9nt (1000m2): 1600-1800<\/p>\n<p>Vet\u00e9sm\u00e9lys\u00e9g: 1,5-2 cm<\/p>\n<p>A csomag 20 szem magot tartalmaz<\/p>\n","protected":false},"featured_media":24254,"comment_status":"closed","ping_status":"closed","template":"","meta":[],"product_brand":[],"product_cat":[383],"product_tag":[],"class_list":{"0":"post-24253","1":"product","2":"type-product","3":"status-publish","4":"has-post-thumbnail","6":"product_cat-uborka-es-padlizsan-vetomagok","8":"first","9":"instock","10":"taxable","11":"shipping-taxable","12":"purchasable","13":"product-type-simple"},"_links":{"self":[{"href":"https:\/\/chilimag.hu\/webshop\/wp-json\/wp\/v2\/product\/24253","targetHints":{"allow":["GET"]}}],"collection":[{"href":"https:\/\/chilimag.hu\/webshop\/wp-json\/wp\/v2\/product"}],"about":[{"href":"https:\/\/chilimag.hu\/webshop\/wp-json\/wp\/v2\/types\/product"}],"replies":[{"embeddable":true,"href":"https:\/\/chilimag.hu\/webshop\/wp-json\/wp\/v2\/comments?post=24253"}],"wp:featuredmedia":[{"embeddable":true,"href":"https:\/\/chilimag.hu\/webshop\/wp-json\/wp\/v2\/media\/24254"}],"wp:attachment":[{"href":"https:\/\/chilimag.hu\/webshop\/wp-json\/wp\/v2\/media?parent=24253"}],"wp:term":[{"taxonomy":"product_brand","embeddable":true,"href":"https:\/\/chilimag.hu\/webshop\/wp-json\/wp\/v2\/product_brand?post=24253"},{"taxonomy":"product_cat","embeddable":true,"href":"https:\/\/chilimag.hu\/webshop\/wp-json\/wp\/v2\/product_cat?post=24253"},{"taxonomy":"product_tag","embeddable":true,"href":"https:\/\/chilimag.hu\/webshop\/wp-json\/wp\/v2\/product_tag?post=24253"}],"curies":[{"name":"wp","href":"https:\/\/api.w.org\/{rel}","templated":true}]}}