{"id":24250,"date":"2023-04-10T07:35:16","date_gmt":"2023-04-10T07:35:16","guid":{"rendered":"https:\/\/chilimag.hu\/webshop\/?post_type=product&#038;p=24250"},"modified":"2025-08-12T20:06:17","modified_gmt":"2025-08-12T20:06:17","slug":"anizs-florian-bg","status":"publish","type":"product","link":"https:\/\/chilimag.hu\/webshop\/termek\/anizs-florian-bg\/","title":{"rendered":"\u00c1nizs Florian Bg"},"content":{"rendered":"","protected":false},"excerpt":{"rendered":"<p><img decoding=\"async\" class=\"img-inline\" src=\"https:\/\/brcci.eu\/cache\/thumbnails\/12ecd0e6e419f1b9b1484ef02ad361979dd8e054\/1a6c5e1406ad462ca86d17b2800862d7f837862c-829875ad0a268b741b7edd818ffce098.png\" alt=\"FLORIAN OOD\" \/><\/p>\n<p>\u00c1nizs Gy\u00f3gymagok Arom\u00e1s \u00e9s gy\u00f3gyn\u00f6v\u00e9nyek \u00c1nizs Fl\u00f3ri\u00e1nt\u00f3l<\/p>\n<p>Kiszerel\u00e9s: 2 gramm mag<\/p>\n<p>Egyny\u00e1ri n\u00f6v\u00e9ny, amelyet 50 cm magas m\u00e9z el\u0151\u00e1ll\u00edt\u00e1s\u00e1ra haszn\u00e1lnak, enyh\u00e9n lap\u00edtott levelekkel \u00e9s ov\u00e1lis, s\u00f6rt\u00e9kkel bor\u00edtott term\u00e9sekkel. A levelek \u00e9s a magvak saj\u00e1tos \u00e9des \u00edz\u0171ek \u00e9s nagyon kellemes illat\u00faak. A friss leveleket sal\u00e1t\u00e1khoz, levesekhez adj\u00e1k, a magvakat pedig f\u0171szerk\u00e9nt haszn\u00e1lj\u00e1k az \u00e9lelmiszeriparban (cukr\u00e1szat), italok, lik\u0151r\u00f6k k\u00e9sz\u00edt\u00e9s\u00e9n\u00e9l sajtokkal kombin\u00e1lva stb. A h\u00fcvelyek megr\u00e1ghat\u00f3k a friss lehelet \u00e9rdek\u00e9ben. Az \u00e1nizs tea gy\u00f3gy\u00edtja az asztm\u00e1t, a h\u00f6rghurutot \u00e9s a torokf\u00e1j\u00e1st. A magokat k\u00f6zvetlen\u00fcl tavasszal, napos helyre vetj\u00fck, amikor az id\u0151 kezd melegedni. A n\u00f6v\u00e9ny elsz\u00e1rad\u00e1sa ut\u00e1n a sz\u00ednes kalapokat leszedj\u00fck \u00e9s napon sz\u00e1r\u00edtjuk. A sz\u00e1raz magokat sz\u00e1raz \u00e9s s\u00f6t\u00e9t helyen t\u00e1rolj\u00e1k. Veget\u00e1ci\u00f3s id\u0151szak, k\u00f6r\u00fclbel\u00fcl 120 nap.<\/p>\n<p>Vet\u00e9s: febru\u00e1r-m\u00e1rcius.<\/p>\n<p>M\u0171szaki adatok:<\/p>\n<p>A vet\u0151magb\u00f3l t\u00f6rt\u00e9n\u0151 termel\u00e9s t\u00edpusai<br \/>\n\u00c1ltal\u00e1noss\u00e1gok:<\/p>\n<p>Tartalom 2 gramm\/zs\u00e1k<br \/>\n\u00dcltet\u00e9s febru\u00e1r-m\u00e1rcius<br \/>\nA betakar\u00edt\u00e1s j\u00faliusban kezd\u0151dik<br \/>\nVeget\u00e1ci\u00f3ja 100-120 nap<\/p>\n","protected":false},"featured_media":24251,"comment_status":"closed","ping_status":"closed","template":"","meta":[],"product_brand":[],"product_cat":[374],"product_tag":[],"class_list":{"0":"post-24250","1":"product","2":"type-product","3":"status-publish","4":"has-post-thumbnail","6":"product_cat-fuszer-es-gyogynoveny-vetomagok-bolgar-florian-vetomagok","8":"first","9":"outofstock","10":"taxable","11":"shipping-taxable","12":"purchasable","13":"product-type-simple"},"_links":{"self":[{"href":"https:\/\/chilimag.hu\/webshop\/wp-json\/wp\/v2\/product\/24250","targetHints":{"allow":["GET"]}}],"collection":[{"href":"https:\/\/chilimag.hu\/webshop\/wp-json\/wp\/v2\/product"}],"about":[{"href":"https:\/\/chilimag.hu\/webshop\/wp-json\/wp\/v2\/types\/product"}],"replies":[{"embeddable":true,"href":"https:\/\/chilimag.hu\/webshop\/wp-json\/wp\/v2\/comments?post=24250"}],"wp:featuredmedia":[{"embeddable":true,"href":"https:\/\/chilimag.hu\/webshop\/wp-json\/wp\/v2\/media\/24251"}],"wp:attachment":[{"href":"https:\/\/chilimag.hu\/webshop\/wp-json\/wp\/v2\/media?parent=24250"}],"wp:term":[{"taxonomy":"product_brand","embeddable":true,"href":"https:\/\/chilimag.hu\/webshop\/wp-json\/wp\/v2\/product_brand?post=24250"},{"taxonomy":"product_cat","embeddable":true,"href":"https:\/\/chilimag.hu\/webshop\/wp-json\/wp\/v2\/product_cat?post=24250"},{"taxonomy":"product_tag","embeddable":true,"href":"https:\/\/chilimag.hu\/webshop\/wp-json\/wp\/v2\/product_tag?post=24250"}],"curies":[{"name":"wp","href":"https:\/\/api.w.org\/{rel}","templated":true}]}}