{"id":24235,"date":"2023-04-10T07:09:47","date_gmt":"2023-04-10T07:09:47","guid":{"rendered":"https:\/\/chilimag.hu\/webshop\/?post_type=product&#038;p=24235"},"modified":"2026-02-24T14:15:42","modified_gmt":"2026-02-24T14:15:42","slug":"keseru-uborka-momordica-florian-bg","status":"publish","type":"product","link":"https:\/\/chilimag.hu\/webshop\/termek\/keseru-uborka-momordica-florian-bg\/","title":{"rendered":"Keser\u0171 uborka (Balzsamk\u00f6rte) Momordica Florian Bg"},"content":{"rendered":"","protected":false},"excerpt":{"rendered":"<p><img decoding=\"async\" class=\"img-inline\" src=\"https:\/\/brcci.eu\/cache\/thumbnails\/12ecd0e6e419f1b9b1484ef02ad361979dd8e054\/1a6c5e1406ad462ca86d17b2800862d7f837862c-829875ad0a268b741b7edd818ffce098.png\" alt=\"FLORIAN OOD\" \/><\/p>\n<p>Keser\u0171 uborka magvak<\/p>\n<p>Kiszerel\u00e9s: 10 mag (2 g)<\/p>\n<p>Momordica &#8211; A keser\u0171uborka egyny\u00e1ri li\u00e1n t\u00edpus\u00fa l\u00e1nc, amelyet az ubork\u00e1hoz hasonl\u00f3an termesztenek, de hosszabb a veget\u00e1ci\u00f3s peri\u00f3dusa, ez\u00e9rt a magvakat k\u00f6zvetlen\u00fcl, vagy pal\u00e1nt\u00e1kkal vetik el m\u00e1jus k\u00f6zep\u00e9ig. A vir\u00e1gz\u00e1s kezdete ut\u00e1n a term\u00e9sek gyorsan fejl\u0151dnek, ez\u00e9rt gyakran kell szedni.<\/p>\n<p>El\u0151ny\u00f6k \u2013 keser\u0171 ubork\u00e1t cukorbetegs\u00e9g ellen!<\/p>\n<p>Term\u00e9sei megny\u00faltak, csom\u00f3k sokas\u00e1g\u00e1val bor\u00edtj\u00e1k, hasonl\u00f3an a szem\u00f6lcs\u00f6kh\u00f6z. K\u00fcl\u00f6nf\u00e9le \u00e9telek k\u00e9sz\u00edt\u00e9s\u00e9re termesztik, keser\u0171 \u00edz\u0171ek. Fiatalon a gy\u00fcm\u00f6lcs belseje olyan, mint a cukkini\u00e9, \u00e9rett \u00e1llapotban pedig kisz\u00e1rad. Nagyon gazdagok C-vitaminban \u00e9s m\u00e1s t\u00e1pl\u00e1l\u00f3 \u00e9s gy\u00f3gy\u00edt\u00f3 anyagokban. A gy\u00fcm\u00f6lcs\u00f6k \u00e9s levelek el\u0151seg\u00edtik az em\u00e9szt\u00e9st, cs\u00f6kkentik a v\u00e9rcukor- \u00e9s koleszterinszintet, er\u0151s\u00edtik az immunrendszert, er\u0151s r\u00e1k-, \u200b\u200bv\u00edrus- \u00e9s antibakteri\u00e1lis hat\u00e1s\u00faak. Terhes vagy szoptat\u00f3 any\u00e1k, valamint alacsony v\u00e9rcukorszinttel (hipoglik\u00e9mi\u00e1ban) szenved\u0151k nem haszn\u00e1lhatj\u00e1k. A veget\u00e1ci\u00f3s id\u0151szak 80-90 nap.<\/p>\n<p>Vet\u00e9s: m\u00e1rcius 20-m\u00e1jus 20<\/p>\n<p>&nbsp;<\/p>\n<p>M\u0171szaki adatok:<\/p>\n<p>M\u00e9lys\u00e9ge 2,5-4 cm<br \/>\nVet\u0151mennyis\u00e9g 200 gramm\/1000 m\u00e9ter<br \/>\nA magvakb\u00f3l, pal\u00e1nt\u00e1kb\u00f3l t\u00f6rt\u00e9n\u0151 el\u0151\u00e1ll\u00edt\u00e1s fajt\u00e1i<br \/>\n\u00c1ltal\u00e1noss\u00e1gok:<\/p>\n<p>5 magot tartalmaz grammonk\u00e9nt<br \/>\nS\u00falya 2 gramm<br \/>\n\u00dcltet\u00e9s m\u00e1rcius 20-m\u00e1jus 20-ig<br \/>\nA betakar\u00edt\u00e1s j\u00faniusban kezd\u0151dik<br \/>\nVeget\u00e1ci\u00f3ja 80-90 nap<\/p>\n<p>A csomag 2 gram magot tartalmaz<\/p>\n","protected":false},"featured_media":24236,"comment_status":"closed","ping_status":"closed","template":"","meta":[],"product_brand":[],"product_cat":[383],"product_tag":[],"class_list":{"0":"post-24235","1":"product","2":"type-product","3":"status-publish","4":"has-post-thumbnail","6":"product_cat-uborka-es-padlizsan-vetomagok","8":"first","9":"instock","10":"taxable","11":"shipping-taxable","12":"purchasable","13":"product-type-simple"},"_links":{"self":[{"href":"https:\/\/chilimag.hu\/webshop\/wp-json\/wp\/v2\/product\/24235","targetHints":{"allow":["GET"]}}],"collection":[{"href":"https:\/\/chilimag.hu\/webshop\/wp-json\/wp\/v2\/product"}],"about":[{"href":"https:\/\/chilimag.hu\/webshop\/wp-json\/wp\/v2\/types\/product"}],"replies":[{"embeddable":true,"href":"https:\/\/chilimag.hu\/webshop\/wp-json\/wp\/v2\/comments?post=24235"}],"wp:featuredmedia":[{"embeddable":true,"href":"https:\/\/chilimag.hu\/webshop\/wp-json\/wp\/v2\/media\/24236"}],"wp:attachment":[{"href":"https:\/\/chilimag.hu\/webshop\/wp-json\/wp\/v2\/media?parent=24235"}],"wp:term":[{"taxonomy":"product_brand","embeddable":true,"href":"https:\/\/chilimag.hu\/webshop\/wp-json\/wp\/v2\/product_brand?post=24235"},{"taxonomy":"product_cat","embeddable":true,"href":"https:\/\/chilimag.hu\/webshop\/wp-json\/wp\/v2\/product_cat?post=24235"},{"taxonomy":"product_tag","embeddable":true,"href":"https:\/\/chilimag.hu\/webshop\/wp-json\/wp\/v2\/product_tag?post=24235"}],"curies":[{"name":"wp","href":"https:\/\/api.w.org\/{rel}","templated":true}]}}