{"id":24233,"date":"2023-04-10T07:03:51","date_gmt":"2023-04-10T07:03:51","guid":{"rendered":"https:\/\/chilimag.hu\/webshop\/?post_type=product&#038;p=24233"},"modified":"2024-05-11T18:43:13","modified_gmt":"2024-05-11T18:43:13","slug":"uborka-slice-king-sakata","status":"publish","type":"product","link":"https:\/\/chilimag.hu\/webshop\/termek\/uborka-slice-king-sakata\/","title":{"rendered":"Uborka Slice King F1 Sakata"},"content":{"rendered":"","protected":false},"excerpt":{"rendered":"<p><img decoding=\"async\" class=\"general_border\" src=\"https:\/\/seminteplante.ro\/img\/m\/37-brand_default.jpg\" alt=\"Sakata\" width=\"154\" height=\"70\" \/><\/p>\n<p>Slice King F1 (35 mag) Term\u00e9keny hibrid sal\u00e1ta uborka Sakata Jap\u00e1nb\u00f3l<\/p>\n<p>K\u00f6r\u00fclbel\u00fcl 35 kiv\u00e1l\u00f3 min\u0151s\u00e9g\u0171 uborkamag<\/p>\n<p>Kiszerel\u00e9s: 35 mag<\/p>\n<p>K\u00f6zepes m\u00e9ret\u0171 hibrid, f\u0151leg n\u0151i vir\u00e1gokkal. S\u00f6t\u00e9tz\u00f6ld, sima gy\u00fcm\u00f6lcs\u00f6ket k\u00e9pez, amelyek hossza el\u00e9ri a 20 cm-t.<br \/>\nA kerti ubork\u00e1ra jellemz\u0151 ropog\u00f3s \u00e1llag\u00fa \u00e9s \u00edz\u0171ek.<br \/>\nFokozottan ellen\u00e1ll a pen\u00e9sznek \u00e9s a lev\u00e9lfoltoss\u00e1gnak.<br \/>\nA fajta j\u00f3l toler\u00e1lja a magas h\u0151m\u00e9rs\u00e9kletet \u00e9s k\u00f6nnyen termeszthet\u0151.<br \/>\nA magvakat k\u00f6zvetlen\u00fcl \u00e1prilis v\u00e9g\u00e9n, m\u00e1jus elej\u00e9n vagy egy h\u00f3nappal azel\u0151tt vethetj\u00fck el \u00fcvegh\u00e1zakban, szol\u00e1riumokban vagy z\u00e1rt terekben.<\/p>\n<p>A csomag 35 szem magot tartalmaz<\/p>\n","protected":false},"featured_media":24288,"comment_status":"closed","ping_status":"closed","template":"","meta":[],"product_brand":[],"product_cat":[392],"product_tag":[],"class_list":{"0":"post-24233","1":"product","2":"type-product","3":"status-publish","4":"has-post-thumbnail","6":"product_cat-japan-sakata-vetomagok","8":"first","9":"outofstock","10":"taxable","11":"shipping-taxable","12":"purchasable","13":"product-type-simple"},"_links":{"self":[{"href":"https:\/\/chilimag.hu\/webshop\/wp-json\/wp\/v2\/product\/24233","targetHints":{"allow":["GET"]}}],"collection":[{"href":"https:\/\/chilimag.hu\/webshop\/wp-json\/wp\/v2\/product"}],"about":[{"href":"https:\/\/chilimag.hu\/webshop\/wp-json\/wp\/v2\/types\/product"}],"replies":[{"embeddable":true,"href":"https:\/\/chilimag.hu\/webshop\/wp-json\/wp\/v2\/comments?post=24233"}],"wp:featuredmedia":[{"embeddable":true,"href":"https:\/\/chilimag.hu\/webshop\/wp-json\/wp\/v2\/media\/24288"}],"wp:attachment":[{"href":"https:\/\/chilimag.hu\/webshop\/wp-json\/wp\/v2\/media?parent=24233"}],"wp:term":[{"taxonomy":"product_brand","embeddable":true,"href":"https:\/\/chilimag.hu\/webshop\/wp-json\/wp\/v2\/product_brand?post=24233"},{"taxonomy":"product_cat","embeddable":true,"href":"https:\/\/chilimag.hu\/webshop\/wp-json\/wp\/v2\/product_cat?post=24233"},{"taxonomy":"product_tag","embeddable":true,"href":"https:\/\/chilimag.hu\/webshop\/wp-json\/wp\/v2\/product_tag?post=24233"}],"curies":[{"name":"wp","href":"https:\/\/api.w.org\/{rel}","templated":true}]}}