{"id":24221,"date":"2023-04-10T06:19:47","date_gmt":"2023-04-10T06:19:47","guid":{"rendered":"https:\/\/chilimag.hu\/webshop\/?post_type=product&#038;p=24221"},"modified":"2025-08-13T11:48:06","modified_gmt":"2025-08-13T11:48:06","slug":"paradicsom-venus-balkony-tomate-florian-bg","status":"publish","type":"product","link":"https:\/\/chilimag.hu\/webshop\/termek\/paradicsom-venus-balkony-tomate-florian-bg\/","title":{"rendered":"Paradicsom Venus Balkony Tomate Florian Bg"},"content":{"rendered":"","protected":false},"excerpt":{"rendered":"<p><img decoding=\"async\" class=\"img-inline\" src=\"https:\/\/brcci.eu\/cache\/thumbnails\/12ecd0e6e419f1b9b1484ef02ad361979dd8e054\/1a6c5e1406ad462ca86d17b2800862d7f837862c-829875ad0a268b741b7edd818ffce098.png\" alt=\"FLORIAN OOD\" \/><\/p>\n<p>Hobbinak sz\u00e1nt d\u00edszfajta. A n\u00f6v\u00e9ny nagyon alacsony, \u00e9s alkalmas az erk\u00e9lyen cserepes termeszt\u00e9sre. Gy\u00fcm\u00f6lcsei narancss\u00e1rg\u00e1k, kicsik, kerekdedek, \u00e1tlagos t\u00f6meg\u00fck 15-20 gramm. A n\u00f6v\u00e9ny d\u00edsz\u00edt\u00e9sre is haszn\u00e1lhat\u00f3.<\/p>\n<p>Vet\u00e9si id\u0151szak: febru\u00e1r 20-t\u00f3l m\u00e1rcius 30-ig.<\/p>\n<p>Vet\u00e9sm\u00e9lys\u00e9g: 1-1,5 cm.<\/p>\n<p>Vet\u00e9smennyis\u00e9g: 30-40 g\/ha.<\/p>\n<p>Magok mennyis\u00e9ge zs\u00e1konk\u00e9nt: 0,2 gramm.<\/p>\n<p>M\u0171szaki adatok<br \/>\nM\u00e9lys\u00e9ge 1-1,5 cm<br \/>\nFebru\u00e1r 20-t\u00f3l m\u00e1rcius 30-ig vetik<br \/>\nVet\u00e9smennyis\u00e9g 30-40 gramm\/hekt\u00e1r<br \/>\nA magvakb\u00f3l, pal\u00e1nt\u00e1kb\u00f3l t\u00f6rt\u00e9n\u0151 el\u0151\u00e1ll\u00edt\u00e1s fajt\u00e1i<br \/>\n\u00c1ttekint\u00e9s<br \/>\n250-350 magot tartalmaz grammonk\u00e9nt<br \/>\nS\u00falya 0,2 gramm<br \/>\n\u00dcltet\u00e9s \u00e1prilis-m\u00e1jus<br \/>\nSz\u00fcret j\u00fanius-szeptember<br \/>\nVeget\u00e1ci\u00f3 120 nap<\/p>\n<p>A csomag 0,2 grammot tartalmaz<\/p>\n","protected":false},"featured_media":25159,"comment_status":"closed","ping_status":"closed","template":"","meta":[],"product_brand":[],"product_cat":[381],"product_tag":[],"class_list":{"0":"post-24221","1":"product","2":"type-product","3":"status-publish","4":"has-post-thumbnail","6":"product_cat-paradicsom-vetomagok-bolgar-florian-vetomagok","8":"first","9":"outofstock","10":"taxable","11":"shipping-taxable","12":"purchasable","13":"product-type-simple"},"_links":{"self":[{"href":"https:\/\/chilimag.hu\/webshop\/wp-json\/wp\/v2\/product\/24221","targetHints":{"allow":["GET"]}}],"collection":[{"href":"https:\/\/chilimag.hu\/webshop\/wp-json\/wp\/v2\/product"}],"about":[{"href":"https:\/\/chilimag.hu\/webshop\/wp-json\/wp\/v2\/types\/product"}],"replies":[{"embeddable":true,"href":"https:\/\/chilimag.hu\/webshop\/wp-json\/wp\/v2\/comments?post=24221"}],"wp:featuredmedia":[{"embeddable":true,"href":"https:\/\/chilimag.hu\/webshop\/wp-json\/wp\/v2\/media\/25159"}],"wp:attachment":[{"href":"https:\/\/chilimag.hu\/webshop\/wp-json\/wp\/v2\/media?parent=24221"}],"wp:term":[{"taxonomy":"product_brand","embeddable":true,"href":"https:\/\/chilimag.hu\/webshop\/wp-json\/wp\/v2\/product_brand?post=24221"},{"taxonomy":"product_cat","embeddable":true,"href":"https:\/\/chilimag.hu\/webshop\/wp-json\/wp\/v2\/product_cat?post=24221"},{"taxonomy":"product_tag","embeddable":true,"href":"https:\/\/chilimag.hu\/webshop\/wp-json\/wp\/v2\/product_tag?post=24221"}],"curies":[{"name":"wp","href":"https:\/\/api.w.org\/{rel}","templated":true}]}}