{"id":24211,"date":"2023-04-10T05:55:21","date_gmt":"2023-04-10T05:55:21","guid":{"rendered":"https:\/\/chilimag.hu\/webshop\/?post_type=product&#038;p=24211"},"modified":"2026-03-03T18:03:22","modified_gmt":"2026-03-03T18:03:22","slug":"paradicsom-marmande-florian-bg","status":"publish","type":"product","link":"https:\/\/chilimag.hu\/webshop\/termek\/paradicsom-marmande-florian-bg\/","title":{"rendered":"Paradicsom Marmand Florian Bg"},"content":{"rendered":"","protected":false},"excerpt":{"rendered":"<p><img decoding=\"async\" class=\"img-inline\" src=\"https:\/\/brcci.eu\/cache\/thumbnails\/12ecd0e6e419f1b9b1484ef02ad361979dd8e054\/1a6c5e1406ad462ca86d17b2800862d7f837862c-829875ad0a268b741b7edd818ffce098.png\" alt=\"FLORIAN OOD\" \/><\/p>\n<p>Marmande Beef \u00a0t\u00edpus\u00fa<\/p>\n<p>\u00dcvegh\u00e1zi \u00e9s sz\u00e1nt\u00f3f\u00f6ldi termeszt\u00e9sre egyar\u00e1nt alkalmas igen term\u0151, hat\u00e1rozatlan fajta. Gy\u00fcm\u00f6lcsei nagyok, bord\u00e1zottak, kem\u00e9nyek, intenz\u00edv pirosak, \u00e1tlagosan 180-200 g t\u00f6meg\u0171ek, ellen\u00e1llnak a kedvez\u0151tlen \u00e9ghajlati viszonyoknak. Ellen\u00e1ll a verticili\u00e1n \u00e9s fuz\u00e1riumos hervad\u00e1snak, betegs\u00e9gekkel ritk\u00e1n tal\u00e1lkozunk.Friss fogyaszt\u00e1sra \u00e9s feldolgoz\u00e1sra alkalmas. Veget\u00e1ci\u00f3s id\u0151szak 120-130 nap.<\/p>\n<p>Vet\u00e9s ideje:<\/p>\n<p>M\u00e9lys\u00e9ge 1-3 cm<br \/>\nVet\u00e9s: janu\u00e1r 20-febru\u00e1r 25., m\u00e1rcius 1-30, \u00e1prilis 25-m\u00e1jus 10.<br \/>\nA magvakb\u00f3l, pal\u00e1nt\u00e1kb\u00f3l t\u00f6rt\u00e9n\u0151 el\u0151\u00e1ll\u00edt\u00e1s fajt\u00e1i<br \/>\n\u00c1ltal\u00e1noss\u00e1gok:<\/p>\n<p>\u00dcltet\u00e9s m\u00e1rcius-j\u00fanius<br \/>\nSz\u00fcret j\u00fanius-szeptember<br \/>\nVeget\u00e1ci\u00f3ja 120-130 nap<\/p>\n<p>A csomag 1 gram magot tartalmaz<\/p>\n","protected":false},"featured_media":24212,"comment_status":"closed","ping_status":"closed","template":"","meta":[],"product_brand":[],"product_cat":[381],"product_tag":[],"class_list":{"0":"post-24211","1":"product","2":"type-product","3":"status-publish","4":"has-post-thumbnail","6":"product_cat-paradicsom-vetomagok-bolgar-florian-vetomagok","8":"first","9":"instock","10":"taxable","11":"shipping-taxable","12":"purchasable","13":"product-type-simple"},"_links":{"self":[{"href":"https:\/\/chilimag.hu\/webshop\/wp-json\/wp\/v2\/product\/24211","targetHints":{"allow":["GET"]}}],"collection":[{"href":"https:\/\/chilimag.hu\/webshop\/wp-json\/wp\/v2\/product"}],"about":[{"href":"https:\/\/chilimag.hu\/webshop\/wp-json\/wp\/v2\/types\/product"}],"replies":[{"embeddable":true,"href":"https:\/\/chilimag.hu\/webshop\/wp-json\/wp\/v2\/comments?post=24211"}],"wp:featuredmedia":[{"embeddable":true,"href":"https:\/\/chilimag.hu\/webshop\/wp-json\/wp\/v2\/media\/24212"}],"wp:attachment":[{"href":"https:\/\/chilimag.hu\/webshop\/wp-json\/wp\/v2\/media?parent=24211"}],"wp:term":[{"taxonomy":"product_brand","embeddable":true,"href":"https:\/\/chilimag.hu\/webshop\/wp-json\/wp\/v2\/product_brand?post=24211"},{"taxonomy":"product_cat","embeddable":true,"href":"https:\/\/chilimag.hu\/webshop\/wp-json\/wp\/v2\/product_cat?post=24211"},{"taxonomy":"product_tag","embeddable":true,"href":"https:\/\/chilimag.hu\/webshop\/wp-json\/wp\/v2\/product_tag?post=24211"}],"curies":[{"name":"wp","href":"https:\/\/api.w.org\/{rel}","templated":true}]}}