{"id":24208,"date":"2023-04-10T05:50:43","date_gmt":"2023-04-10T05:50:43","guid":{"rendered":"https:\/\/chilimag.hu\/webshop\/?post_type=product&#038;p=24208"},"modified":"2026-03-06T18:09:28","modified_gmt":"2026-03-06T18:09:28","slug":"papagaj-virag-florian-bg","status":"publish","type":"product","link":"https:\/\/chilimag.hu\/webshop\/termek\/papagaj-virag-florian-bg\/","title":{"rendered":"Papag\u00e1j vir\u00e1g Florian Bg"},"content":{"rendered":"","protected":false},"excerpt":{"rendered":"<p><img decoding=\"async\" class=\"img-inline\" src=\"https:\/\/brcci.eu\/cache\/thumbnails\/12ecd0e6e419f1b9b1484ef02ad361979dd8e054\/1a6c5e1406ad462ca86d17b2800862d7f837862c-829875ad0a268b741b7edd818ffce098.png\" alt=\"FLORIAN OOD\" \/><\/p>\n<p>100 cm magas \u00e9vel\u0151 vir\u00e1g. A vet\u00e9sre a legjobb id\u0151 a k\u00e9s\u0151 tavasz vagy a ny\u00e1r eleje, a magok nagyok, narancss\u00e1rga moh\u00e1val bor\u00edtj\u00e1k. A jobb cs\u00edr\u00e1z\u00e1s \u00e9rdek\u00e9ben a narancss\u00e1rga moh\u00e1t t\u00e1vol\u00edtsuk el, \u00e1ztassuk 48 \u00f3r\u00e1ra meleg v\u00edzbe, \u00e9s adjunk hozz\u00e1 foly\u00e9kony k\u00f6t\u0151anyag-kieg\u00e9sz\u00edt\u0151t.. Vet\u00e9s el\u0151tt kaparjuk le a magokat, am\u00edg meg nem jelenik a feh\u00e9r fel\u00fclet, \u00e9s 1-2 cm m\u00e9lys\u00e9gbe vess\u00fck. Ne tegye ki k\u00f6zvetlen napsug\u00e1rz\u00e1snak, enyh\u00e9n \u00e9s rendszeresen \u00f6nt\u00f6zz\u00fck a talajt, ne hagyjuk kisz\u00e1radni Megfelel\u0151 gondoz\u00e1s eset\u00e9n a magvak kb. fok C.<\/p>\n<p>Kiszerel\u00e9s: 5 mag<\/p>\n<p>M\u0171szaki adatok:<\/p>\n<p>M\u00e9lys\u00e9ge 1-2 cm<br \/>\n\u00c1prilist\u00f3l kezd\u0151d\u0151en vetik<br \/>\nA magvakb\u00f3l, pal\u00e1nt\u00e1kb\u00f3l t\u00f6rt\u00e9n\u0151 el\u0151\u00e1ll\u00edt\u00e1s fajt\u00e1i<br \/>\n\u00c1ltal\u00e1noss\u00e1gok:<\/p>\n<p>5 magot tartalmaz grammonk\u00e9nt<br \/>\nbor\u00edt\u00e9k s\u00falya<br \/>\n\u00dcltet\u00e9s \u00e1prilis-j\u00fanius<br \/>\nM\u00e1sodik \u00e9vi betakar\u00edt\u00e1s<\/p>\n","protected":false},"featured_media":24209,"comment_status":"closed","ping_status":"closed","template":"","meta":[],"product_brand":[],"product_cat":[384],"product_tag":[],"class_list":{"0":"post-24208","1":"product","2":"type-product","3":"status-publish","4":"has-post-thumbnail","6":"product_cat-virag-vetomagok-bolgar-florian-vetomagok","8":"first","9":"instock","10":"taxable","11":"shipping-taxable","12":"purchasable","13":"product-type-simple"},"_links":{"self":[{"href":"https:\/\/chilimag.hu\/webshop\/wp-json\/wp\/v2\/product\/24208","targetHints":{"allow":["GET"]}}],"collection":[{"href":"https:\/\/chilimag.hu\/webshop\/wp-json\/wp\/v2\/product"}],"about":[{"href":"https:\/\/chilimag.hu\/webshop\/wp-json\/wp\/v2\/types\/product"}],"replies":[{"embeddable":true,"href":"https:\/\/chilimag.hu\/webshop\/wp-json\/wp\/v2\/comments?post=24208"}],"wp:featuredmedia":[{"embeddable":true,"href":"https:\/\/chilimag.hu\/webshop\/wp-json\/wp\/v2\/media\/24209"}],"wp:attachment":[{"href":"https:\/\/chilimag.hu\/webshop\/wp-json\/wp\/v2\/media?parent=24208"}],"wp:term":[{"taxonomy":"product_brand","embeddable":true,"href":"https:\/\/chilimag.hu\/webshop\/wp-json\/wp\/v2\/product_brand?post=24208"},{"taxonomy":"product_cat","embeddable":true,"href":"https:\/\/chilimag.hu\/webshop\/wp-json\/wp\/v2\/product_cat?post=24208"},{"taxonomy":"product_tag","embeddable":true,"href":"https:\/\/chilimag.hu\/webshop\/wp-json\/wp\/v2\/product_tag?post=24208"}],"curies":[{"name":"wp","href":"https:\/\/api.w.org\/{rel}","templated":true}]}}