{"id":24198,"date":"2023-04-09T17:04:11","date_gmt":"2023-04-09T17:04:11","guid":{"rendered":"https:\/\/chilimag.hu\/webshop\/?post_type=product&#038;p=24198"},"modified":"2025-09-17T08:00:32","modified_gmt":"2025-09-17T08:00:32","slug":"levantei-gyapot-florian-bg","status":"publish","type":"product","link":"https:\/\/chilimag.hu\/webshop\/termek\/levantei-gyapot-florian-bg\/","title":{"rendered":"Levantei Gyapot Florian Bg"},"content":{"rendered":"","protected":false},"excerpt":{"rendered":"<p><img decoding=\"async\" class=\"img-inline\" src=\"https:\/\/brcci.eu\/cache\/thumbnails\/12ecd0e6e419f1b9b1484ef02ad361979dd8e054\/1a6c5e1406ad462ca86d17b2800862d7f837862c-829875ad0a268b741b7edd818ffce098.png\" alt=\"FLORIAN OOD\" \/><\/p>\n<p>Az egyik legelterjedtebb gyapotfajta, amelyet \u00e9vel\u0151 \u00e9s r\u00f6vid, legfeljebb 50 cm magas n\u00f6v\u00e9nyk\u00e9nt termesztenek, \u00a0a mag tel\u00edtett s\u00e1rga \u00e9s z\u00f6ld levelek. A n\u00f6v\u00e9ny puha \u00e9s finom gyapotcsom\u00f3kat k\u00e9pez, a teljes napsug\u00e1rz\u00e1st \u00e9s a m\u00e9rs\u00e9kelt \u00f6nt\u00f6z\u00e9st kedveli.<\/p>\n<p>J\u00faniusban vetik.<\/p>\n<p>Magok sz\u00e1ma zs\u00e1konk\u00e9nt &#8211; 9 mag<\/p>\n<p>M\u0171szaki adatok<br \/>\nVet\u00e9s j\u00faniust\u00f3l kezd\u0151d\u0151en<br \/>\nA vet\u0151magb\u00f3l t\u00f6rt\u00e9n\u0151 termel\u00e9s t\u00edpusai<br \/>\n\u00c1ttekint\u00e9s<br \/>\n6 magot tartalmaz grammonk\u00e9nt<br \/>\nS\u00falya 1,5 gramm<br \/>\nJ\u00fanius \u00fcltet\u00e9s<br \/>\nSz\u00fcret j\u00falius-okt\u00f3ber<\/p>\n","protected":false},"featured_media":24199,"comment_status":"closed","ping_status":"closed","template":"","meta":[],"product_brand":[],"product_cat":[384],"product_tag":[],"class_list":{"0":"post-24198","1":"product","2":"type-product","3":"status-publish","4":"has-post-thumbnail","6":"product_cat-virag-vetomagok-bolgar-florian-vetomagok","8":"first","9":"outofstock","10":"taxable","11":"shipping-taxable","12":"purchasable","13":"product-type-simple"},"_links":{"self":[{"href":"https:\/\/chilimag.hu\/webshop\/wp-json\/wp\/v2\/product\/24198","targetHints":{"allow":["GET"]}}],"collection":[{"href":"https:\/\/chilimag.hu\/webshop\/wp-json\/wp\/v2\/product"}],"about":[{"href":"https:\/\/chilimag.hu\/webshop\/wp-json\/wp\/v2\/types\/product"}],"replies":[{"embeddable":true,"href":"https:\/\/chilimag.hu\/webshop\/wp-json\/wp\/v2\/comments?post=24198"}],"wp:featuredmedia":[{"embeddable":true,"href":"https:\/\/chilimag.hu\/webshop\/wp-json\/wp\/v2\/media\/24199"}],"wp:attachment":[{"href":"https:\/\/chilimag.hu\/webshop\/wp-json\/wp\/v2\/media?parent=24198"}],"wp:term":[{"taxonomy":"product_brand","embeddable":true,"href":"https:\/\/chilimag.hu\/webshop\/wp-json\/wp\/v2\/product_brand?post=24198"},{"taxonomy":"product_cat","embeddable":true,"href":"https:\/\/chilimag.hu\/webshop\/wp-json\/wp\/v2\/product_cat?post=24198"},{"taxonomy":"product_tag","embeddable":true,"href":"https:\/\/chilimag.hu\/webshop\/wp-json\/wp\/v2\/product_tag?post=24198"}],"curies":[{"name":"wp","href":"https:\/\/api.w.org\/{rel}","templated":true}]}}