{"id":24195,"date":"2023-04-09T16:59:26","date_gmt":"2023-04-09T16:59:26","guid":{"rendered":"https:\/\/chilimag.hu\/webshop\/?post_type=product&#038;p=24195"},"modified":"2025-08-12T20:25:34","modified_gmt":"2025-08-12T20:25:34","slug":"perui-foldi-cseresznye-florian-bg","status":"publish","type":"product","link":"https:\/\/chilimag.hu\/webshop\/termek\/perui-foldi-cseresznye-florian-bg\/","title":{"rendered":"Perui f\u00f6ldi-cseresznye Florian Bg"},"content":{"rendered":"","protected":false},"excerpt":{"rendered":"<p><img decoding=\"async\" class=\"img-inline\" src=\"https:\/\/brcci.eu\/cache\/thumbnails\/12ecd0e6e419f1b9b1484ef02ad361979dd8e054\/1a6c5e1406ad462ca86d17b2800862d7f837862c-829875ad0a268b741b7edd818ffce098.png\" alt=\"FLORIAN OOD\" \/><\/p>\n<p>LE\u00cdR\u00c1S<br \/>\nRitka fajta, de term\u00e9sei miatt rendk\u00edv\u00fcl keresett a h\u00e9ja s\u00e1rg\u00e1s-narancss\u00e1rga sz\u00edne miatt, mely r\u00e1ad\u00e1sul igen vastag is. Feszes \u00e9s l\u00e9d\u00fas h\u00fasuk minden \u00ednyencet meg\u00f6rvendeztet saj\u00e1tos \u00e9des-savany\u00fa \u00edz\u00e9vel. \u00c1tlagos s\u00falyuk 30-40 g.<\/p>\n<p>\u00dcLTET\u00c9S \u00c9S BETAKARIT\u00c1S<\/p>\n<p>A magok termeszt\u00e9se \u00e1prilisban t\u00f6rt\u00e9nik, \u00e9s napos, t\u00e1panyagban gazdag talaj\u00fa helyet aj\u00e1nlott v\u00e1lasztani. A betakar\u00edt\u00e1st szeptemberben lehet elv\u00e9gezni, a b\u0151s\u00e9ges term\u00e9shez \u00e1lland\u00f3 p\u00e1ratartalom sz\u00fcks\u00e9ges.<\/p>\n","protected":false},"featured_media":24196,"comment_status":"closed","ping_status":"closed","template":"","meta":[],"product_brand":[],"product_cat":[375],"product_tag":[],"class_list":{"0":"post-24195","1":"product","2":"type-product","3":"status-publish","4":"has-post-thumbnail","6":"product_cat-gyumolcs-vetomagok-bolgar-florian-vetomagok","8":"first","9":"outofstock","10":"taxable","11":"shipping-taxable","12":"purchasable","13":"product-type-simple"},"_links":{"self":[{"href":"https:\/\/chilimag.hu\/webshop\/wp-json\/wp\/v2\/product\/24195","targetHints":{"allow":["GET"]}}],"collection":[{"href":"https:\/\/chilimag.hu\/webshop\/wp-json\/wp\/v2\/product"}],"about":[{"href":"https:\/\/chilimag.hu\/webshop\/wp-json\/wp\/v2\/types\/product"}],"replies":[{"embeddable":true,"href":"https:\/\/chilimag.hu\/webshop\/wp-json\/wp\/v2\/comments?post=24195"}],"wp:featuredmedia":[{"embeddable":true,"href":"https:\/\/chilimag.hu\/webshop\/wp-json\/wp\/v2\/media\/24196"}],"wp:attachment":[{"href":"https:\/\/chilimag.hu\/webshop\/wp-json\/wp\/v2\/media?parent=24195"}],"wp:term":[{"taxonomy":"product_brand","embeddable":true,"href":"https:\/\/chilimag.hu\/webshop\/wp-json\/wp\/v2\/product_brand?post=24195"},{"taxonomy":"product_cat","embeddable":true,"href":"https:\/\/chilimag.hu\/webshop\/wp-json\/wp\/v2\/product_cat?post=24195"},{"taxonomy":"product_tag","embeddable":true,"href":"https:\/\/chilimag.hu\/webshop\/wp-json\/wp\/v2\/product_tag?post=24195"}],"curies":[{"name":"wp","href":"https:\/\/api.w.org\/{rel}","templated":true}]}}